{"id":1789,"date":"2020-07-09T01:05:06","date_gmt":"2020-07-08T23:05:06","guid":{"rendered":"https:\/\/wth.pl\/qualitaetspolitik\/"},"modified":"2020-07-09T15:25:18","modified_gmt":"2020-07-09T13:25:18","slug":"qualitaetspolitik","status":"publish","type":"page","link":"https:\/\/wth.pl\/de\/qualitaetspolitik\/","title":{"rendered":"Qualit\u00e4tspolitik"},"content":{"rendered":"<div class=\"wpb-content-wrapper\"><p>[vc_row bg_type=&#8220;image&#8220; parallax_style=&#8220;vcpb-default&#8220; bg_image_new=&#8220;id^1095|url^https:\/\/wth.pl\/wp-content\/uploads\/2020\/07\/heading-main-1-1.jpg|caption^null|alt^Profesjonalna agencja t\u0142umacze\u0144|title^Wratislavia Translation House|description^null&#8220; bg_override=&#8220;ex-full&#8220; seperator_enable=&#8220;seperator_enable_value&#8220; seperator_type=&#8220;multi_triangle_seperator&#8220; seperator_position=&#8220;bottom_seperator&#8220; seperator_shape_background=&#8220;#ffffff&#8220;][vc_column css_animation=&#8220;zoomInLeft&#8220; offset=&#8220;vc_col-lg-6&#8243;]<div class=\"ult-spacer spacer-69d4f64c096e5\" data-id=\"69d4f64c096e5\" data-height=\"240\" data-height-mobile=\"160\" data-height-tab=\"\" data-height-tab-portrait=\"\" data-height-mobile-landscape=\"\" style=\"clear:both;display:block;\"><\/div>[vc_row_inner][vc_column_inner]<div id=\"ultimate-heading-252469d4f64c09757\" class=\"uvc-heading ult-adjust-bottom-margin ultimate-heading-252469d4f64c09757 uvc-234 breadcrumb-title\" data-hspacer=\"no_spacer\"  data-halign=\"left\" style=\"text-align:left\"><div class=\"uvc-heading-spacer no_spacer\" style=\"top\"><\/div><div class=\"uvc-main-heading ult-responsive\"  data-ultimate-target='.uvc-heading.ultimate-heading-252469d4f64c09757 h2'  data-responsive-json-new='{\"font-size\":\"desktop:55px;mobile:34px;\",\"line-height\":\"desktop:70px;mobile:42px;\"}' ><h2 style=\"font-family:&#039;Roboto&#039;;font-weight:700;color:#c2d501;margin-bottom:10px;\">Qualit\u00e4tspolitik<\/h2><\/div><\/div><style type=\"text\/css\" data-type=\"the7_shortcodes-inline-css\">.dt-breadcrumbs-id-c11c24174be36fa095d0df469cf7345d .breadcrumbs {\n  display: inline-block;\n  margin: 0;\n  padding: 0px 0px 0px 0px;\n  border: 0px solid ;\n  border-radius: 0px;\n}\n.dt-breadcrumbs-id-c11c24174be36fa095d0df469cf7345d .breadcrumbs * {\n  color: #666666;\n}<\/style><div class=\"dt-breadcrumbs-shortcode dt-breadcrumbs-id-c11c24174be36fa095d0df469cf7345d align-left\"><div class=\"assistive-text\">Sie befinden sich hier:<\/div><ol class=\"breadcrumbs text-small\" itemscope itemtype=\"https:\/\/schema.org\/BreadcrumbList\"><li itemprop=\"itemListElement\" itemscope itemtype=\"https:\/\/schema.org\/ListItem\"><a itemprop=\"item\" href=\"https:\/\/wth.pl\/de\/\" title=\"Start\"><span itemprop=\"name\">Start<\/span><\/a><meta itemprop=\"position\" content=\"1\" \/><\/li><li class=\"current\" itemprop=\"itemListElement\" itemscope itemtype=\"https:\/\/schema.org\/ListItem\"><span itemprop=\"name\">Seite<\/span><meta itemprop=\"position\" content=\"2\" \/><\/li><\/ol><\/div>[\/vc_column_inner][vc_column_inner offset=&#8220;vc_hidden-xs&#8220;][vc_column_text css=&#8220;.vc_custom_1593041743481{margin-top: 20px !important;}&#8220; el_class=&#8220;breadcrumb-title&#8220;]Unsere Agentur arbeitet gem\u00e4\u00df den streng definierten Qualit\u00e4tsverfahren.[\/vc_column_text][\/vc_column_inner][\/vc_row_inner]<div class=\"ult-spacer spacer-69d4f64c098dc\" data-id=\"69d4f64c098dc\" data-height=\"170\" data-height-mobile=\"140\" data-height-tab=\"\" data-height-tab-portrait=\"\" data-height-mobile-landscape=\"\" style=\"clear:both;display:block;\"><\/div>[\/vc_column][vc_column offset=&#8220;vc_col-lg-6 vc_hidden-sm&#8220;][\/vc_column][\/vc_row][vc_row gap=&#8220;35&#8243; bg_type=&#8220;image&#8220; parallax_style=&#8220;vcpb-default&#8220; bg_image_new=&#8220;id^879|url^https:\/\/wth.pl\/wp-content\/uploads\/2020\/07\/bg-section-1.jpg|caption^null|alt^null|title^bg-section-1|description^null&#8220; bg_override=&#8220;ex-full&#8220;][vc_column css_animation=&#8220;zoomInUp&#8220; el_class=&#8220;row-important&#8220; offset=&#8220;vc_col-lg-6 vc_col-md-6&#8243;]<div id=\"ultimate-heading-263269d4f64c09919\" class=\"uvc-heading ult-adjust-bottom-margin ultimate-heading-263269d4f64c09919 uvc-8681 header-custom\" data-hspacer=\"no_spacer\"  data-halign=\"left\" style=\"text-align:left\"><div class=\"uvc-heading-spacer no_spacer\" style=\"top\"><\/div><div class=\"uvc-main-heading ult-responsive\"  data-ultimate-target='.uvc-heading.ultimate-heading-263269d4f64c09919 p'  data-responsive-json-new='{\"font-size\":\"desktop:16px;mobile_landscape:13px;\",\"line-height\":\"desktop:26px;mobile_landscape:22px;\"}' ><p style=\"font-family:&#039;Roboto&#039;;font-weight:500;color:#c2d501;margin-bottom:15px;\">Zertifiziertes Unternehmen<\/p><\/div><\/div><div id=\"ultimate-heading-893869d4f64c09975\" class=\"uvc-heading ult-adjust-bottom-margin ultimate-heading-893869d4f64c09975 uvc-8177 \" data-hspacer=\"no_spacer\"  data-halign=\"left\" style=\"text-align:left\"><div class=\"uvc-heading-spacer no_spacer\" style=\"top\"><\/div><div class=\"uvc-main-heading ult-responsive\"  data-ultimate-target='.uvc-heading.ultimate-heading-893869d4f64c09975 h1'  data-responsive-json-new='{\"font-size\":\"desktop:45px;mobile_landscape:34px;\",\"line-height\":\"desktop:60px;mobile_landscape:46px;\"}' ><h1 style=\"font-family:&#039;Roboto&#039;;--font-weight:theme;color:#333333;margin-bottom:30px;\">Qualit\u00e4tspolitik<\/h1><\/div><\/div>[vc_column_text css=&#8220;.vc_custom_1592918766863{margin-bottom: 15px !important;}&#8220;]Ziel der in unserer Agentur angewandten Qualit\u00e4tspolitik ist es, eine konstante und hohe Qualit\u00e4t der an unsere Kunden gesendeten \u00dcbersetzungen sicherzustellen. Aus diesem Grund hat unsere Agentur die Norm ISO 17100: 2015 implementiert und das Zertifizierungsaudit erfolgreich bestanden.<\/p>\n<p>Ein Zertifikat \u00fcber die Einhaltung dieser Norm zeigt die Verwendung von Qualit\u00e4tsstandards, die speziell f\u00fcr \u00dcbersetzungsb\u00fcros entwickelt wurden. Dieser Standard \u00fcberwacht die Prozesse, die in unserer Agentur zur Bearbeitung von Bestellungen verwendet werden &#8211; von der Annahme der Bestellung bis zur R\u00fccksendung an den Kunden. Es zertifiziert auch den \u00dcbersetzungsdienst selbst.<\/p>\n<p>Die Anerkennung eines auf dem \u00dcbersetzungsmarkt anerkannten ISO 17100: 2015-Zertifikats erh\u00f6ht das Vertrauen unserer Kunden in unsere Agentur als zuverl\u00e4ssigen Anbieter von \u00dcbersetzungsdienstleistungen.[\/vc_column_text][vc_column_text el_class=&#8220;button-text&#8220; css=&#8220;.vc_custom_1594301117777{margin-bottom: 10px !important;}&#8220;]<a href=\"https:\/\/wth.pl\/wp-content\/uploads\/2020\/07\/WRATISLAVIA-PSBT-Ger_17100-1.pdf\" target=\"_blank\" rel=\"noopener noreferrer\">Herunterladen<\/a> <i class=\"dt-icon-the7-arrow-07\" aria-hidden=\"true\"><\/i>[\/vc_column_text][\/vc_column][vc_column offset=&#8220;vc_col-lg-6 vc_col-md-6 vc_hidden-sm&#8220;]<style type=\"text\/css\" data-type=\"the7_shortcodes-inline-css\">.shortcode-single-image-wrap.shortcode-single-image-0b4e9ce2ebf395ad344664a5500ae850.enable-bg-rollover .rollover i,\n.shortcode-single-image-wrap.shortcode-single-image-0b4e9ce2ebf395ad344664a5500ae850.enable-bg-rollover .rollover-video i {\n  background: -webkit-linear-gradient();\n  background: linear-gradient();\n}\n.shortcode-single-image-wrap.shortcode-single-image-0b4e9ce2ebf395ad344664a5500ae850 .rollover-icon {\n  font-size: 32px;\n  color: #ffffff;\n  min-width: 44px;\n  min-height: 44px;\n  line-height: 44px;\n  border-radius: 100px;\n  border-style: solid;\n  border-width: 0px;\n}\n.dt-icon-bg-on.shortcode-single-image-wrap.shortcode-single-image-0b4e9ce2ebf395ad344664a5500ae850 .rollover-icon {\n  background: rgba(255,255,255,0.3);\n  box-shadow: none;\n}<\/style><div class=\"shortcode-single-image-wrap shortcode-single-image-0b4e9ce2ebf395ad344664a5500ae850 alignright fadeInRight animate-element  enable-bg-rollover dt-icon-bg-off\" style=\"margin-top:0px; margin-bottom:0px; margin-left:0px; margin-right:0px; width:500px;\"><div class=\"shortcode-single-image\"><div class=\"fancy-media-wrap  layzr-bg\" style=\"\"><img fetchpriority=\"high\" decoding=\"async\" class=\"preload-me lazy-load aspect\" src=\"data:image\/svg+xml,%3Csvg%20xmlns%3D&#39;http%3A%2F%2Fwww.w3.org%2F2000%2Fsvg&#39;%20viewBox%3D&#39;0%200%20500%20500&#39;%2F%3E\" data-src=\"https:\/\/wth.pl\/wp-content\/uploads\/2020\/07\/poznaj-wth-6-1-500x500.jpg\" data-srcset=\"https:\/\/wth.pl\/wp-content\/uploads\/2020\/07\/poznaj-wth-6-1-500x500.jpg 500w, https:\/\/wth.pl\/wp-content\/uploads\/2020\/07\/poznaj-wth-6-1-1000x1000.jpg 1000w\" loading=\"eager\" sizes=\"(max-width: 500px) 100vw, 500px\" width=\"500\" height=\"500\"  data-dt-location=\"https:\/\/wth.pl\/de\/poznaj-wth-6-1\/\" style=\"--ratio: 500 \/ 500;\" alt=\"\" \/><\/div><\/div><\/div><style type=\"text\/css\" data-type=\"the7_shortcodes-inline-css\">.shortcode-single-image-wrap.shortcode-single-image-eef22b07eb5be0823685d21fb1da6666.enable-bg-rollover .rollover i,\n.shortcode-single-image-wrap.shortcode-single-image-eef22b07eb5be0823685d21fb1da6666.enable-bg-rollover .rollover-video i {\n  background: -webkit-linear-gradient();\n  background: linear-gradient();\n}\n.shortcode-single-image-wrap.shortcode-single-image-eef22b07eb5be0823685d21fb1da6666 .rollover-icon {\n  font-size: 32px;\n  color: #ffffff;\n  min-width: 44px;\n  min-height: 44px;\n  line-height: 44px;\n  border-radius: 100px;\n  border-style: solid;\n  border-width: 0px;\n}\n.dt-icon-bg-on.shortcode-single-image-wrap.shortcode-single-image-eef22b07eb5be0823685d21fb1da6666 .rollover-icon {\n  background: rgba(255,255,255,0.3);\n  box-shadow: none;\n}<\/style><div class=\"shortcode-single-image-wrap shortcode-single-image-eef22b07eb5be0823685d21fb1da6666 alignleft fadeInLeft animate-element  vc_custom_1594125528515 enable-bg-rollover dt-icon-bg-off\" ><div class=\"shortcode-single-image no-mobile-image\"><div class=\"fancy-media-wrap  layzr-bg\" style=\"\"><img decoding=\"async\" class=\"preload-me lazy-load aspect\" src=\"data:image\/svg+xml,%3Csvg%20xmlns%3D&#39;http%3A%2F%2Fwww.w3.org%2F2000%2Fsvg&#39;%20viewBox%3D&#39;0%200%20350%20350&#39;%2F%3E\" data-src=\"https:\/\/wth.pl\/wp-content\/uploads\/2020\/07\/wth-2-1-350x350.jpg\" data-srcset=\"https:\/\/wth.pl\/wp-content\/uploads\/2020\/07\/wth-2-1-350x350.jpg 350w, https:\/\/wth.pl\/wp-content\/uploads\/2020\/07\/wth-2-1-700x700.jpg 700w\" loading=\"eager\" sizes=\"(max-width: 350px) 100vw, 350px\" width=\"350\" height=\"350\"  data-dt-location=\"https:\/\/wth.pl\/de\/smiling-asian-translator-in-eyeglasses-working-online-with-lapto\/\" style=\"--ratio: 350 \/ 350;\" alt=\"Eksperci od j\u0119zyk\u00f3w Europejskich\" \/><\/div><\/div><\/div>[\/vc_column][\/vc_row]<\/p>\n<\/div>","protected":false},"excerpt":{"rendered":"<p>[vc_row bg_type=&#8220;image&#8220; parallax_style=&#8220;vcpb-default&#8220; bg_image_new=&#8220;id^1095|url^https:\/\/wth.pl\/wp-content\/uploads\/2020\/07\/heading-main-1-1.jpg|caption^null|alt^Profesjonalna agencja t\u0142umacze\u0144|title^Wratislavia Translation House|description^null&#8220; bg_override=&#8220;ex-full&#8220; seperator_enable=&#8220;seperator_enable_value&#8220; seperator_type=&#8220;multi_triangle_seperator&#8220; seperator_position=&#8220;bottom_seperator&#8220; seperator_shape_background=&#8220;#ffffff&#8220;][vc_column css_animation=&#8220;zoomInLeft&#8220; offset=&#8220;vc_col-lg-6&#8243;][vc_row_inner][vc_column_inner][\/vc_column_inner][vc_column_inner offset=&#8220;vc_hidden-xs&#8220;][vc_column_text css=&#8220;.vc_custom_1593041743481{margin-top: 20px !important;}&#8220; el_class=&#8220;breadcrumb-title&#8220;]Unsere Agentur arbeitet gem\u00e4\u00df den streng definierten Qualit\u00e4tsverfahren.[\/vc_column_text][\/vc_column_inner][\/vc_row_inner][\/vc_column][vc_column offset=&#8220;vc_col-lg-6 vc_hidden-sm&#8220;][\/vc_column][\/vc_row][vc_row gap=&#8220;35&#8243; bg_type=&#8220;image&#8220; parallax_style=&#8220;vcpb-default&#8220; bg_image_new=&#8220;id^879|url^https:\/\/wth.pl\/wp-content\/uploads\/2020\/07\/bg-section-1.jpg|caption^null|alt^null|title^bg-section-1|description^null&#8220; bg_override=&#8220;ex-full&#8220;][vc_column css_animation=&#8220;zoomInUp&#8220; el_class=&#8220;row-important&#8220; offset=&#8220;vc_col-lg-6 vc_col-md-6&#8243;][vc_column_text css=&#8220;.vc_custom_1592918766863{margin-bottom: 15px !important;}&#8220;]Ziel der in unserer Agentur angewandten Qualit\u00e4tspolitik ist es, eine konstante und hohe Qualit\u00e4t der&hellip;<\/p>\n","protected":false},"author":1,"featured_media":0,"parent":0,"menu_order":0,"comment_status":"closed","ping_status":"closed","template":"","meta":{"footnotes":""},"class_list":["post-1789","page","type-page","status-publish","hentry","description-off"],"yoast_head":"<!-- This site is optimized with the Yoast SEO plugin v27.2 - https:\/\/yoast.com\/product\/yoast-seo-wordpress\/ -->\n<title>Qualit\u00e4tspolitik &#8211; Wratislavia Translation House<\/title>\n<meta name=\"robots\" content=\"index, follow, max-snippet:-1, max-image-preview:large, max-video-preview:-1\" \/>\n<link rel=\"canonical\" href=\"https:\/\/wth.pl\/de\/qualitaetspolitik\/\" \/>\n<meta property=\"og:locale\" content=\"de_DE\" \/>\n<meta property=\"og:type\" content=\"article\" \/>\n<meta property=\"og:title\" content=\"Qualit\u00e4tspolitik &#8211; Wratislavia Translation House\" \/>\n<meta property=\"og:description\" content=\"[vc_row bg_type=&#8220;image&#8220; parallax_style=&#8220;vcpb-default&#8220; bg_image_new=&#8220;id^1095|url^https:\/\/wth.pl\/wp-content\/uploads\/2020\/07\/heading-main-1-1.jpg|caption^null|alt^Profesjonalna agencja t\u0142umacze\u0144|title^Wratislavia Translation House|description^null&#8220; bg_override=&#8220;ex-full&#8220; seperator_enable=&#8220;seperator_enable_value&#8220; seperator_type=&#8220;multi_triangle_seperator&#8220; seperator_position=&#8220;bottom_seperator&#8220; seperator_shape_background=&#8220;#ffffff&#8220;][vc_column css_animation=&#8220;zoomInLeft&#8220; offset=&#8220;vc_col-lg-6&#8243;][vc_row_inner][vc_column_inner][\/vc_column_inner][vc_column_inner offset=&#8220;vc_hidden-xs&#8220;][vc_column_text css=&#8220;.vc_custom_1593041743481{margin-top: 20px !important;}&#8220; el_class=&#8220;breadcrumb-title&#8220;]Unsere Agentur arbeitet gem\u00e4\u00df den streng definierten Qualit\u00e4tsverfahren.[\/vc_column_text][\/vc_column_inner][\/vc_row_inner][\/vc_column][vc_column offset=&#8220;vc_col-lg-6 vc_hidden-sm&#8220;][\/vc_column][\/vc_row][vc_row gap=&#8220;35&#8243; bg_type=&#8220;image&#8220; parallax_style=&#8220;vcpb-default&#8220; bg_image_new=&#8220;id^879|url^https:\/\/wth.pl\/wp-content\/uploads\/2020\/07\/bg-section-1.jpg|caption^null|alt^null|title^bg-section-1|description^null&#8220; bg_override=&#8220;ex-full&#8220;][vc_column css_animation=&#8220;zoomInUp&#8220; el_class=&#8220;row-important&#8220; offset=&#8220;vc_col-lg-6 vc_col-md-6&#8243;][vc_column_text css=&#8220;.vc_custom_1592918766863{margin-bottom: 15px !important;}&#8220;]Ziel der in unserer Agentur angewandten Qualit\u00e4tspolitik ist es, eine konstante und hohe Qualit\u00e4t der&hellip;\" \/>\n<meta property=\"og:url\" content=\"https:\/\/wth.pl\/de\/qualitaetspolitik\/\" \/>\n<meta property=\"og:site_name\" content=\"Wratislavia Translation House\" \/>\n<meta property=\"article:modified_time\" content=\"2020-07-09T13:25:18+00:00\" \/>\n<meta name=\"twitter:card\" content=\"summary_large_image\" \/>\n<meta name=\"twitter:label1\" content=\"Gesch\u00e4tzte Lesezeit\" \/>\n\t<meta name=\"twitter:data1\" content=\"3\u00a0Minuten\" \/>\n<script type=\"application\/ld+json\" class=\"yoast-schema-graph\">{\"@context\":\"https:\/\/schema.org\",\"@graph\":[{\"@type\":\"WebPage\",\"@id\":\"https:\/\/wth.pl\/de\/qualitaetspolitik\/\",\"url\":\"https:\/\/wth.pl\/de\/qualitaetspolitik\/\",\"name\":\"Qualit\u00e4tspolitik &#8211; Wratislavia Translation House\",\"isPartOf\":{\"@id\":\"https:\/\/wth.pl\/de\/#website\"},\"datePublished\":\"2020-07-08T23:05:06+00:00\",\"dateModified\":\"2020-07-09T13:25:18+00:00\",\"breadcrumb\":{\"@id\":\"https:\/\/wth.pl\/de\/qualitaetspolitik\/#breadcrumb\"},\"inLanguage\":\"de\",\"potentialAction\":[{\"@type\":\"ReadAction\",\"target\":[\"https:\/\/wth.pl\/de\/qualitaetspolitik\/\"]}]},{\"@type\":\"BreadcrumbList\",\"@id\":\"https:\/\/wth.pl\/de\/qualitaetspolitik\/#breadcrumb\",\"itemListElement\":[{\"@type\":\"ListItem\",\"position\":1,\"name\":\"Strona g\u0142\u00f3wna\",\"item\":\"https:\/\/wth.pl\/de\/\"},{\"@type\":\"ListItem\",\"position\":2,\"name\":\"Qualit\u00e4tspolitik\"}]},{\"@type\":\"WebSite\",\"@id\":\"https:\/\/wth.pl\/de\/#website\",\"url\":\"https:\/\/wth.pl\/de\/\",\"name\":\"Wratislavia Translation House\",\"description\":\"Professionelles \u00dcbersetzungsb\u00fcro in Breslau\",\"potentialAction\":[{\"@type\":\"SearchAction\",\"target\":{\"@type\":\"EntryPoint\",\"urlTemplate\":\"https:\/\/wth.pl\/de\/?s={search_term_string}\"},\"query-input\":{\"@type\":\"PropertyValueSpecification\",\"valueRequired\":true,\"valueName\":\"search_term_string\"}}],\"inLanguage\":\"de\"}]}<\/script>\n<!-- \/ Yoast SEO plugin. -->","yoast_head_json":{"title":"Qualit\u00e4tspolitik &#8211; Wratislavia Translation House","robots":{"index":"index","follow":"follow","max-snippet":"max-snippet:-1","max-image-preview":"max-image-preview:large","max-video-preview":"max-video-preview:-1"},"canonical":"https:\/\/wth.pl\/de\/qualitaetspolitik\/","og_locale":"de_DE","og_type":"article","og_title":"Qualit\u00e4tspolitik &#8211; Wratislavia Translation House","og_description":"[vc_row bg_type=&#8220;image&#8220; parallax_style=&#8220;vcpb-default&#8220; bg_image_new=&#8220;id^1095|url^https:\/\/wth.pl\/wp-content\/uploads\/2020\/07\/heading-main-1-1.jpg|caption^null|alt^Profesjonalna agencja t\u0142umacze\u0144|title^Wratislavia Translation House|description^null&#8220; bg_override=&#8220;ex-full&#8220; seperator_enable=&#8220;seperator_enable_value&#8220; seperator_type=&#8220;multi_triangle_seperator&#8220; seperator_position=&#8220;bottom_seperator&#8220; seperator_shape_background=&#8220;#ffffff&#8220;][vc_column css_animation=&#8220;zoomInLeft&#8220; offset=&#8220;vc_col-lg-6&#8243;][vc_row_inner][vc_column_inner][\/vc_column_inner][vc_column_inner offset=&#8220;vc_hidden-xs&#8220;][vc_column_text css=&#8220;.vc_custom_1593041743481{margin-top: 20px !important;}&#8220; el_class=&#8220;breadcrumb-title&#8220;]Unsere Agentur arbeitet gem\u00e4\u00df den streng definierten Qualit\u00e4tsverfahren.[\/vc_column_text][\/vc_column_inner][\/vc_row_inner][\/vc_column][vc_column offset=&#8220;vc_col-lg-6 vc_hidden-sm&#8220;][\/vc_column][\/vc_row][vc_row gap=&#8220;35&#8243; bg_type=&#8220;image&#8220; parallax_style=&#8220;vcpb-default&#8220; bg_image_new=&#8220;id^879|url^https:\/\/wth.pl\/wp-content\/uploads\/2020\/07\/bg-section-1.jpg|caption^null|alt^null|title^bg-section-1|description^null&#8220; bg_override=&#8220;ex-full&#8220;][vc_column css_animation=&#8220;zoomInUp&#8220; el_class=&#8220;row-important&#8220; offset=&#8220;vc_col-lg-6 vc_col-md-6&#8243;][vc_column_text css=&#8220;.vc_custom_1592918766863{margin-bottom: 15px !important;}&#8220;]Ziel der in unserer Agentur angewandten Qualit\u00e4tspolitik ist es, eine konstante und hohe Qualit\u00e4t der&hellip;","og_url":"https:\/\/wth.pl\/de\/qualitaetspolitik\/","og_site_name":"Wratislavia Translation House","article_modified_time":"2020-07-09T13:25:18+00:00","twitter_card":"summary_large_image","twitter_misc":{"Gesch\u00e4tzte Lesezeit":"3\u00a0Minuten"},"schema":{"@context":"https:\/\/schema.org","@graph":[{"@type":"WebPage","@id":"https:\/\/wth.pl\/de\/qualitaetspolitik\/","url":"https:\/\/wth.pl\/de\/qualitaetspolitik\/","name":"Qualit\u00e4tspolitik &#8211; Wratislavia Translation House","isPartOf":{"@id":"https:\/\/wth.pl\/de\/#website"},"datePublished":"2020-07-08T23:05:06+00:00","dateModified":"2020-07-09T13:25:18+00:00","breadcrumb":{"@id":"https:\/\/wth.pl\/de\/qualitaetspolitik\/#breadcrumb"},"inLanguage":"de","potentialAction":[{"@type":"ReadAction","target":["https:\/\/wth.pl\/de\/qualitaetspolitik\/"]}]},{"@type":"BreadcrumbList","@id":"https:\/\/wth.pl\/de\/qualitaetspolitik\/#breadcrumb","itemListElement":[{"@type":"ListItem","position":1,"name":"Strona g\u0142\u00f3wna","item":"https:\/\/wth.pl\/de\/"},{"@type":"ListItem","position":2,"name":"Qualit\u00e4tspolitik"}]},{"@type":"WebSite","@id":"https:\/\/wth.pl\/de\/#website","url":"https:\/\/wth.pl\/de\/","name":"Wratislavia Translation House","description":"Professionelles \u00dcbersetzungsb\u00fcro in Breslau","potentialAction":[{"@type":"SearchAction","target":{"@type":"EntryPoint","urlTemplate":"https:\/\/wth.pl\/de\/?s={search_term_string}"},"query-input":{"@type":"PropertyValueSpecification","valueRequired":true,"valueName":"search_term_string"}}],"inLanguage":"de"}]}},"_links":{"self":[{"href":"https:\/\/wth.pl\/de\/wp-json\/wp\/v2\/pages\/1789","targetHints":{"allow":["GET"]}}],"collection":[{"href":"https:\/\/wth.pl\/de\/wp-json\/wp\/v2\/pages"}],"about":[{"href":"https:\/\/wth.pl\/de\/wp-json\/wp\/v2\/types\/page"}],"author":[{"embeddable":true,"href":"https:\/\/wth.pl\/de\/wp-json\/wp\/v2\/users\/1"}],"replies":[{"embeddable":true,"href":"https:\/\/wth.pl\/de\/wp-json\/wp\/v2\/comments?post=1789"}],"version-history":[{"count":3,"href":"https:\/\/wth.pl\/de\/wp-json\/wp\/v2\/pages\/1789\/revisions"}],"predecessor-version":[{"id":2032,"href":"https:\/\/wth.pl\/de\/wp-json\/wp\/v2\/pages\/1789\/revisions\/2032"}],"wp:attachment":[{"href":"https:\/\/wth.pl\/de\/wp-json\/wp\/v2\/media?parent=1789"}],"curies":[{"name":"wp","href":"https:\/\/api.w.org\/{rel}","templated":true}]}}