{"id":1792,"date":"2020-07-09T01:08:47","date_gmt":"2020-07-08T23:08:47","guid":{"rendered":"https:\/\/wth.pl\/sicherheitspolitik\/"},"modified":"2020-07-09T23:13:54","modified_gmt":"2020-07-09T21:13:54","slug":"sicherheitspolitik","status":"publish","type":"page","link":"https:\/\/wth.pl\/de\/sicherheitspolitik\/","title":{"rendered":"Sicherheitspolitik"},"content":{"rendered":"<div class=\"wpb-content-wrapper\"><p>[vc_row bg_type=&#8220;image&#8220; parallax_style=&#8220;vcpb-default&#8220; bg_image_new=&#8220;id^1095|url^https:\/\/wth.pl\/wp-content\/uploads\/2020\/07\/heading-main-1-1.jpg|caption^null|alt^Profesjonalna agencja t\u0142umacze\u0144|title^Wratislavia Translation House|description^null&#8220; bg_override=&#8220;ex-full&#8220; seperator_enable=&#8220;seperator_enable_value&#8220; seperator_type=&#8220;multi_triangle_seperator&#8220; seperator_position=&#8220;bottom_seperator&#8220; seperator_shape_background=&#8220;#ffffff&#8220;][vc_column css_animation=&#8220;zoomInLeft&#8220; offset=&#8220;vc_col-lg-6&#8243;]<div class=\"ult-spacer spacer-69d93df6e59cc\" data-id=\"69d93df6e59cc\" data-height=\"240\" data-height-mobile=\"160\" data-height-tab=\"\" data-height-tab-portrait=\"\" data-height-mobile-landscape=\"\" style=\"clear:both;display:block;\"><\/div>[vc_row_inner][vc_column_inner]<div id=\"ultimate-heading-179069d93df6e5a50\" class=\"uvc-heading ult-adjust-bottom-margin ultimate-heading-179069d93df6e5a50 uvc-1283 breadcrumb-title\" data-hspacer=\"no_spacer\"  data-halign=\"left\" style=\"text-align:left\"><div class=\"uvc-heading-spacer no_spacer\" style=\"top\"><\/div><div class=\"uvc-main-heading ult-responsive\"  data-ultimate-target='.uvc-heading.ultimate-heading-179069d93df6e5a50 h2'  data-responsive-json-new='{\"font-size\":\"desktop:55px;mobile:34px;\",\"line-height\":\"desktop:70px;mobile:42px;\"}' ><h2 style=\"font-family:&#039;Roboto&#039;;font-weight:700;color:#c2d501;margin-bottom:10px;\">Sicherheitspolitik<\/h2><\/div><\/div><style type=\"text\/css\" data-type=\"the7_shortcodes-inline-css\">.dt-breadcrumbs-id-c11c24174be36fa095d0df469cf7345d .breadcrumbs {\n  display: inline-block;\n  margin: 0;\n  padding: 0px 0px 0px 0px;\n  border: 0px solid ;\n  border-radius: 0px;\n}\n.dt-breadcrumbs-id-c11c24174be36fa095d0df469cf7345d .breadcrumbs * {\n  color: #666666;\n}<\/style><div class=\"dt-breadcrumbs-shortcode dt-breadcrumbs-id-c11c24174be36fa095d0df469cf7345d align-left\"><div class=\"assistive-text\">Sie befinden sich hier:<\/div><ol class=\"breadcrumbs text-small\" itemscope itemtype=\"https:\/\/schema.org\/BreadcrumbList\"><li itemprop=\"itemListElement\" itemscope itemtype=\"https:\/\/schema.org\/ListItem\"><a itemprop=\"item\" href=\"https:\/\/wth.pl\/de\/\" title=\"Start\"><span itemprop=\"name\">Start<\/span><\/a><meta itemprop=\"position\" content=\"1\" \/><\/li><li class=\"current\" itemprop=\"itemListElement\" itemscope itemtype=\"https:\/\/schema.org\/ListItem\"><span itemprop=\"name\">Seite<\/span><meta itemprop=\"position\" content=\"2\" \/><\/li><\/ol><\/div>[\/vc_column_inner][vc_column_inner offset=&#8220;vc_hidden-xs&#8220;][vc_column_text css=&#8220;.vc_custom_1593041752816{margin-top: 20px !important;}&#8220; el_class=&#8220;breadcrumb-title&#8220;]Jegliche an uns \u00fcbergebenen Daten und Unterlagen werden als vertraulich behandelt.[\/vc_column_text][\/vc_column_inner][\/vc_row_inner]<div class=\"ult-spacer spacer-69d93df6e5c43\" data-id=\"69d93df6e5c43\" data-height=\"170\" data-height-mobile=\"140\" data-height-tab=\"\" data-height-tab-portrait=\"\" data-height-mobile-landscape=\"\" style=\"clear:both;display:block;\"><\/div>[\/vc_column][vc_column offset=&#8220;vc_col-lg-6 vc_hidden-sm&#8220;][\/vc_column][\/vc_row][vc_row gap=&#8220;35&#8243; bg_type=&#8220;image&#8220; parallax_style=&#8220;vcpb-default&#8220; bg_image_new=&#8220;id^879|url^https:\/\/wth.pl\/wp-content\/uploads\/2020\/07\/bg-section-1.jpg|caption^null|alt^null|title^bg-section-1|description^null&#8220; bg_override=&#8220;ex-full&#8220;][vc_column css_animation=&#8220;zoomInUp&#8220; el_class=&#8220;row-important&#8220; offset=&#8220;vc_col-lg-6 vc_col-md-6&#8243;]<div id=\"ultimate-heading-625269d93df6e5c81\" class=\"uvc-heading ult-adjust-bottom-margin ultimate-heading-625269d93df6e5c81 uvc-5133 header-custom\" data-hspacer=\"no_spacer\"  data-halign=\"left\" style=\"text-align:left\"><div class=\"uvc-heading-spacer no_spacer\" style=\"top\"><\/div><div class=\"uvc-main-heading ult-responsive\"  data-ultimate-target='.uvc-heading.ultimate-heading-625269d93df6e5c81 p'  data-responsive-json-new='{\"font-size\":\"desktop:16px;mobile_landscape:13px;\",\"line-height\":\"desktop:26px;mobile_landscape:22px;\"}' ><p style=\"font-family:&#039;Roboto&#039;;font-weight:500;color:#c2d501;margin-bottom:15px;\">Daten- und Informationsschutz<\/p><\/div><\/div><div id=\"ultimate-heading-911269d93df6e5cdf\" class=\"uvc-heading ult-adjust-bottom-margin ultimate-heading-911269d93df6e5cdf uvc-9896 \" data-hspacer=\"no_spacer\"  data-halign=\"left\" style=\"text-align:left\"><div class=\"uvc-heading-spacer no_spacer\" style=\"top\"><\/div><div class=\"uvc-main-heading ult-responsive\"  data-ultimate-target='.uvc-heading.ultimate-heading-911269d93df6e5cdf h1'  data-responsive-json-new='{\"font-size\":\"desktop:45px;mobile_landscape:34px;\",\"line-height\":\"desktop:60px;mobile_landscape:46px;\"}' ><h1 style=\"font-family:&#039;Roboto&#039;;--font-weight:theme;color:#333333;margin-bottom:30px;\">Sicherheitspolitik<\/h1><\/div><\/div>[vc_column_text css=&#8220;.vc_custom_1593690754554{margin-bottom: 15px !important;}&#8220;]Die von unserer Agentur angewandte Sicherheitspolitik bezweckt den komplexen Schutz von Daten und Inhalten, die an uns von unseren Kunden \u00fcbergeben werden.[\/vc_column_text]<div class=\"aio-icon-component  vc_custom_1593701065108   style_1\"><div id=\"Info-box-wrap-2169\" class=\"aio-icon-box default-icon\" style=\"\"  ><div class=\"aio-icon-default\"><div class=\"ult-just-icon-wrapper  \"><div class=\"align-icon\" style=\"text-align:center;\">\n<div class=\"aio-icon-img \" style=\"font-size:48px;display:inline-block;\" >\n\t<img decoding=\"async\" class=\"img-icon\" alt=\"null\" src=\"https:\/\/wth.pl\/wp-content\/uploads\/2020\/07\/insurance.png\"\/>\n<\/div><\/div><\/div><\/div><div class=\"aio-icon-header\" ><h5 class=\"aio-icon-title ult-responsive\"  data-ultimate-target='#Info-box-wrap-2169 .aio-icon-title'  data-responsive-json-new='{\"font-size\":\"\",\"line-height\":\"\"}'  style=\"\">Informationsvertraulichkeit<\/h5><\/div> <!-- header --><div class=\"aio-icon-description ult-responsive\"  data-ultimate-target='#Info-box-wrap-2169 .aio-icon-description'  data-responsive-json-new='{\"font-size\":\"\",\"line-height\":\"\"}'  style=\"\">Unsere Agentur befolgt unbedingt die Regeln, die Datenschutz betreffen. Die an uns \u00fcbergebenen Daten und Unterlagen werden als vertraulich behandelt. Alle unsere Mitarbeiter haben sich schriftlich verpflichtet, die Regeln der Vertraulichkeit zu befolgen.<\/div> <!-- description --><\/div> <!-- aio-icon-box --><\/div> <!-- aio-icon-component --><div class=\"aio-icon-component  vc_custom_1593701073671   style_1\"><div id=\"Info-box-wrap-1871\" class=\"aio-icon-box default-icon\" style=\"\"  ><div class=\"aio-icon-default\"><div class=\"ult-just-icon-wrapper  \"><div class=\"align-icon\" style=\"text-align:center;\">\n<div class=\"aio-icon-img \" style=\"font-size:48px;display:inline-block;\" >\n\t<img decoding=\"async\" class=\"img-icon\" alt=\"null\" src=\"https:\/\/wth.pl\/wp-content\/uploads\/2020\/07\/lock.png\"\/>\n<\/div><\/div><\/div><\/div><div class=\"aio-icon-header\" ><h5 class=\"aio-icon-title ult-responsive\"  data-ultimate-target='#Info-box-wrap-1871 .aio-icon-title'  data-responsive-json-new='{\"font-size\":\"\",\"line-height\":\"\"}'  style=\"\">Datensicherheit<\/h5><\/div> <!-- header --><div class=\"aio-icon-description ult-responsive\"  data-ultimate-target='#Info-box-wrap-1871 .aio-icon-description'  data-responsive-json-new='{\"font-size\":\"\",\"line-height\":\"\"}'  style=\"\">Die Infrastruktur unserer Agentur ist gegen Zugang der unberechtigten Personen gesichert. Die internen Verfahren unserer Agentur ber\u00fccksichtigen auch die Anfertigung der Datensicherungskopien f\u00fcr den Fall der h\u00f6heren Gewalt.<\/div> <!-- description --><\/div> <!-- aio-icon-box --><\/div> <!-- aio-icon-component --><div class=\"aio-icon-component  vc_custom_1593701076581   style_1\"><div id=\"Info-box-wrap-4581\" class=\"aio-icon-box default-icon\" style=\"\"  ><div class=\"aio-icon-default\"><div class=\"ult-just-icon-wrapper  \"><div class=\"align-icon\" style=\"text-align:center;\">\n<div class=\"aio-icon-img \" style=\"font-size:48px;display:inline-block;\" >\n\t<img decoding=\"async\" class=\"img-icon\" alt=\"null\" src=\"https:\/\/wth.pl\/wp-content\/uploads\/2020\/07\/shield.png\"\/>\n<\/div><\/div><\/div><\/div><div class=\"aio-icon-header\" ><h5 class=\"aio-icon-title ult-responsive\"  data-ultimate-target='#Info-box-wrap-4581 .aio-icon-title'  data-responsive-json-new='{\"font-size\":\"\",\"line-height\":\"\"}'  style=\"\">Haftpflichtversicherung<\/h5><\/div> <!-- header --><div class=\"aio-icon-description ult-responsive\"  data-ultimate-target='#Info-box-wrap-4581 .aio-icon-description'  data-responsive-json-new='{\"font-size\":\"\",\"line-height\":\"\"}'  style=\"\">Au\u00dfer der Qualit\u00e4tsverfahren, die eine Garantie des hohen Niveaus unserer Dienstleistungen und der mit Sicherheit und Datenschutz verbundenen Verfahren bilden, kann die professionelle \u00dcbersetzungsagentur ohne Haftpflichtversicherung nicht auskommen. Diese Police macht die zus\u00e4tzliche Garantie einer Zuverl\u00e4ssigkeit und Verantwortungsbereitschaft unserer Agentur aus.<\/div> <!-- description --><\/div> <!-- aio-icon-box --><\/div> <!-- aio-icon-component -->[vc_column_text css=&#8220;.vc_custom_1594329233779{margin-bottom: 15px !important;}&#8220;]Dank diesen Bem\u00fchungen und Verfahren kann unsere Agentur Ihnen die bew\u00e4hrten und glaubw\u00fcrdigen <a href=\"https:\/\/wth.pl\/de\/dienstleistungen\/\">Dienstleistungen<\/a> anbieten.[\/vc_column_text][\/vc_column][vc_column offset=&#8220;vc_col-lg-6 vc_col-md-6 vc_hidden-sm&#8220;]<style type=\"text\/css\" data-type=\"the7_shortcodes-inline-css\">.shortcode-single-image-wrap.shortcode-single-image-6046fb1f6ed6dfc640e6712bcfa3bb3c.enable-bg-rollover .rollover i,\n.shortcode-single-image-wrap.shortcode-single-image-6046fb1f6ed6dfc640e6712bcfa3bb3c.enable-bg-rollover .rollover-video i {\n  background: -webkit-linear-gradient();\n  background: linear-gradient();\n}\n.shortcode-single-image-wrap.shortcode-single-image-6046fb1f6ed6dfc640e6712bcfa3bb3c .rollover-icon {\n  font-size: 32px;\n  color: #ffffff;\n  min-width: 44px;\n  min-height: 44px;\n  line-height: 44px;\n  border-radius: 100px;\n  border-style: solid;\n  border-width: 0px;\n}\n.dt-icon-bg-on.shortcode-single-image-wrap.shortcode-single-image-6046fb1f6ed6dfc640e6712bcfa3bb3c .rollover-icon {\n  background: rgba(255,255,255,0.3);\n  box-shadow: none;\n}<\/style><div class=\"shortcode-single-image-wrap shortcode-single-image-6046fb1f6ed6dfc640e6712bcfa3bb3c alignright fadeInRight animate-element  enable-bg-rollover dt-icon-bg-off\" style=\"margin-top:0px; margin-bottom:0px; margin-left:0px; margin-right:0px; width:500px;\"><div class=\"shortcode-single-image\"><div class=\"fancy-media-wrap  layzr-bg\" style=\"\"><img fetchpriority=\"high\" decoding=\"async\" class=\"preload-me lazy-load aspect\" src=\"data:image\/svg+xml,%3Csvg%20xmlns%3D&#39;http%3A%2F%2Fwww.w3.org%2F2000%2Fsvg&#39;%20viewBox%3D&#39;0%200%20500%20500&#39;%2F%3E\" data-src=\"https:\/\/wth.pl\/wp-content\/uploads\/2020\/07\/wth-4-1-500x500.jpg\" data-srcset=\"https:\/\/wth.pl\/wp-content\/uploads\/2020\/07\/wth-4-1-500x500.jpg 500w, https:\/\/wth.pl\/wp-content\/uploads\/2020\/07\/wth-4-1-1000x1000.jpg 1000w\" loading=\"eager\" sizes=\"(max-width: 500px) 100vw, 500px\" width=\"500\" height=\"500\"  data-dt-location=\"https:\/\/wth.pl\/de\/wth-4-1\/\" style=\"--ratio: 500 \/ 500;\" alt=\"Specjalistyczna agencja t\u0142umaczeniowa we Wroc\u0142awiu\" \/><\/div><\/div><\/div><style type=\"text\/css\" data-type=\"the7_shortcodes-inline-css\">.shortcode-single-image-wrap.shortcode-single-image-6cb0f7c2d46cef9c7ef6f39dc9591b8e.enable-bg-rollover .rollover i,\n.shortcode-single-image-wrap.shortcode-single-image-6cb0f7c2d46cef9c7ef6f39dc9591b8e.enable-bg-rollover .rollover-video i {\n  background: -webkit-linear-gradient();\n  background: linear-gradient();\n}\n.shortcode-single-image-wrap.shortcode-single-image-6cb0f7c2d46cef9c7ef6f39dc9591b8e .rollover-icon {\n  font-size: 32px;\n  color: #ffffff;\n  min-width: 44px;\n  min-height: 44px;\n  line-height: 44px;\n  border-radius: 100px;\n  border-style: solid;\n  border-width: 0px;\n}\n.dt-icon-bg-on.shortcode-single-image-wrap.shortcode-single-image-6cb0f7c2d46cef9c7ef6f39dc9591b8e .rollover-icon {\n  background: rgba(255,255,255,0.3);\n  box-shadow: none;\n}<\/style><div class=\"shortcode-single-image-wrap shortcode-single-image-6cb0f7c2d46cef9c7ef6f39dc9591b8e alignleft fadeInLeft animate-element  vc_custom_1594125596968 enable-bg-rollover dt-icon-bg-off\" ><div class=\"shortcode-single-image no-mobile-image\"><div class=\"fancy-media-wrap  layzr-bg\" style=\"\"><img decoding=\"async\" class=\"preload-me lazy-load aspect\" src=\"data:image\/svg+xml,%3Csvg%20xmlns%3D&#39;http%3A%2F%2Fwww.w3.org%2F2000%2Fsvg&#39;%20viewBox%3D&#39;0%200%20350%20350&#39;%2F%3E\" data-src=\"https:\/\/wth.pl\/wp-content\/uploads\/2020\/07\/wth-3-1-350x350.jpg\" data-srcset=\"https:\/\/wth.pl\/wp-content\/uploads\/2020\/07\/wth-3-1-350x350.jpg 350w, https:\/\/wth.pl\/wp-content\/uploads\/2020\/07\/wth-3-1-700x700.jpg 700w\" loading=\"eager\" sizes=\"(max-width: 350px) 100vw, 350px\" width=\"350\" height=\"350\"  data-dt-location=\"https:\/\/wth.pl\/de\/wth-3-1\/\" style=\"--ratio: 350 \/ 350;\" alt=\"Us\u0142ugi t\u0142umaczeniowe i uzupe\u0142niaj\u0105ce Wroc\u0142aw\" \/><\/div><\/div><\/div>[\/vc_column][\/vc_row]<\/p>\n<\/div>","protected":false},"excerpt":{"rendered":"<p>[vc_row bg_type=&#8220;image&#8220; parallax_style=&#8220;vcpb-default&#8220; bg_image_new=&#8220;id^1095|url^https:\/\/wth.pl\/wp-content\/uploads\/2020\/07\/heading-main-1-1.jpg|caption^null|alt^Profesjonalna agencja t\u0142umacze\u0144|title^Wratislavia Translation House|description^null&#8220; bg_override=&#8220;ex-full&#8220; seperator_enable=&#8220;seperator_enable_value&#8220; seperator_type=&#8220;multi_triangle_seperator&#8220; seperator_position=&#8220;bottom_seperator&#8220; seperator_shape_background=&#8220;#ffffff&#8220;][vc_column css_animation=&#8220;zoomInLeft&#8220; offset=&#8220;vc_col-lg-6&#8243;][vc_row_inner][vc_column_inner][\/vc_column_inner][vc_column_inner offset=&#8220;vc_hidden-xs&#8220;][vc_column_text css=&#8220;.vc_custom_1593041752816{margin-top: 20px !important;}&#8220; el_class=&#8220;breadcrumb-title&#8220;]Jegliche an uns \u00fcbergebenen Daten und Unterlagen werden als vertraulich behandelt.[\/vc_column_text][\/vc_column_inner][\/vc_row_inner][\/vc_column][vc_column offset=&#8220;vc_col-lg-6 vc_hidden-sm&#8220;][\/vc_column][\/vc_row][vc_row gap=&#8220;35&#8243; bg_type=&#8220;image&#8220; parallax_style=&#8220;vcpb-default&#8220; bg_image_new=&#8220;id^879|url^https:\/\/wth.pl\/wp-content\/uploads\/2020\/07\/bg-section-1.jpg|caption^null|alt^null|title^bg-section-1|description^null&#8220; bg_override=&#8220;ex-full&#8220;][vc_column css_animation=&#8220;zoomInUp&#8220; el_class=&#8220;row-important&#8220; offset=&#8220;vc_col-lg-6 vc_col-md-6&#8243;][vc_column_text css=&#8220;.vc_custom_1593690754554{margin-bottom: 15px !important;}&#8220;]Die von unserer Agentur angewandte Sicherheitspolitik bezweckt den komplexen Schutz von Daten&hellip;<\/p>\n","protected":false},"author":1,"featured_media":0,"parent":0,"menu_order":0,"comment_status":"closed","ping_status":"closed","template":"","meta":{"footnotes":""},"class_list":["post-1792","page","type-page","status-publish","hentry","description-off"],"yoast_head":"<!-- This site is optimized with the Yoast SEO plugin v27.2 - https:\/\/yoast.com\/product\/yoast-seo-wordpress\/ -->\n<title>Sicherheitspolitik &#8211; Wratislavia Translation House<\/title>\n<meta name=\"robots\" content=\"index, follow, max-snippet:-1, max-image-preview:large, max-video-preview:-1\" \/>\n<link rel=\"canonical\" href=\"https:\/\/wth.pl\/de\/sicherheitspolitik\/\" \/>\n<meta property=\"og:locale\" content=\"de_DE\" \/>\n<meta property=\"og:type\" content=\"article\" \/>\n<meta property=\"og:title\" content=\"Sicherheitspolitik &#8211; Wratislavia Translation House\" \/>\n<meta property=\"og:description\" content=\"[vc_row bg_type=&#8220;image&#8220; parallax_style=&#8220;vcpb-default&#8220; bg_image_new=&#8220;id^1095|url^https:\/\/wth.pl\/wp-content\/uploads\/2020\/07\/heading-main-1-1.jpg|caption^null|alt^Profesjonalna agencja t\u0142umacze\u0144|title^Wratislavia Translation House|description^null&#8220; bg_override=&#8220;ex-full&#8220; seperator_enable=&#8220;seperator_enable_value&#8220; seperator_type=&#8220;multi_triangle_seperator&#8220; seperator_position=&#8220;bottom_seperator&#8220; seperator_shape_background=&#8220;#ffffff&#8220;][vc_column css_animation=&#8220;zoomInLeft&#8220; offset=&#8220;vc_col-lg-6&#8243;][vc_row_inner][vc_column_inner][\/vc_column_inner][vc_column_inner offset=&#8220;vc_hidden-xs&#8220;][vc_column_text css=&#8220;.vc_custom_1593041752816{margin-top: 20px !important;}&#8220; el_class=&#8220;breadcrumb-title&#8220;]Jegliche an uns \u00fcbergebenen Daten und Unterlagen werden als vertraulich behandelt.[\/vc_column_text][\/vc_column_inner][\/vc_row_inner][\/vc_column][vc_column offset=&#8220;vc_col-lg-6 vc_hidden-sm&#8220;][\/vc_column][\/vc_row][vc_row gap=&#8220;35&#8243; bg_type=&#8220;image&#8220; parallax_style=&#8220;vcpb-default&#8220; bg_image_new=&#8220;id^879|url^https:\/\/wth.pl\/wp-content\/uploads\/2020\/07\/bg-section-1.jpg|caption^null|alt^null|title^bg-section-1|description^null&#8220; bg_override=&#8220;ex-full&#8220;][vc_column css_animation=&#8220;zoomInUp&#8220; el_class=&#8220;row-important&#8220; offset=&#8220;vc_col-lg-6 vc_col-md-6&#8243;][vc_column_text css=&#8220;.vc_custom_1593690754554{margin-bottom: 15px !important;}&#8220;]Die von unserer Agentur angewandte Sicherheitspolitik bezweckt den komplexen Schutz von Daten&hellip;\" \/>\n<meta property=\"og:url\" content=\"https:\/\/wth.pl\/de\/sicherheitspolitik\/\" \/>\n<meta property=\"og:site_name\" content=\"Wratislavia Translation House\" \/>\n<meta property=\"article:modified_time\" content=\"2020-07-09T21:13:54+00:00\" \/>\n<meta name=\"twitter:card\" content=\"summary_large_image\" \/>\n<meta name=\"twitter:label1\" content=\"Gesch\u00e4tzte Lesezeit\" \/>\n\t<meta name=\"twitter:data1\" content=\"4\u00a0Minuten\" \/>\n<script type=\"application\/ld+json\" class=\"yoast-schema-graph\">{\"@context\":\"https:\/\/schema.org\",\"@graph\":[{\"@type\":\"WebPage\",\"@id\":\"https:\/\/wth.pl\/de\/sicherheitspolitik\/\",\"url\":\"https:\/\/wth.pl\/de\/sicherheitspolitik\/\",\"name\":\"Sicherheitspolitik &#8211; Wratislavia Translation House\",\"isPartOf\":{\"@id\":\"https:\/\/wth.pl\/de\/#website\"},\"datePublished\":\"2020-07-08T23:08:47+00:00\",\"dateModified\":\"2020-07-09T21:13:54+00:00\",\"breadcrumb\":{\"@id\":\"https:\/\/wth.pl\/de\/sicherheitspolitik\/#breadcrumb\"},\"inLanguage\":\"de\",\"potentialAction\":[{\"@type\":\"ReadAction\",\"target\":[\"https:\/\/wth.pl\/de\/sicherheitspolitik\/\"]}]},{\"@type\":\"BreadcrumbList\",\"@id\":\"https:\/\/wth.pl\/de\/sicherheitspolitik\/#breadcrumb\",\"itemListElement\":[{\"@type\":\"ListItem\",\"position\":1,\"name\":\"Strona g\u0142\u00f3wna\",\"item\":\"https:\/\/wth.pl\/de\/\"},{\"@type\":\"ListItem\",\"position\":2,\"name\":\"Sicherheitspolitik\"}]},{\"@type\":\"WebSite\",\"@id\":\"https:\/\/wth.pl\/de\/#website\",\"url\":\"https:\/\/wth.pl\/de\/\",\"name\":\"Wratislavia Translation House\",\"description\":\"Professionelles \u00dcbersetzungsb\u00fcro in Breslau\",\"potentialAction\":[{\"@type\":\"SearchAction\",\"target\":{\"@type\":\"EntryPoint\",\"urlTemplate\":\"https:\/\/wth.pl\/de\/?s={search_term_string}\"},\"query-input\":{\"@type\":\"PropertyValueSpecification\",\"valueRequired\":true,\"valueName\":\"search_term_string\"}}],\"inLanguage\":\"de\"}]}<\/script>\n<!-- \/ Yoast SEO plugin. -->","yoast_head_json":{"title":"Sicherheitspolitik &#8211; Wratislavia Translation House","robots":{"index":"index","follow":"follow","max-snippet":"max-snippet:-1","max-image-preview":"max-image-preview:large","max-video-preview":"max-video-preview:-1"},"canonical":"https:\/\/wth.pl\/de\/sicherheitspolitik\/","og_locale":"de_DE","og_type":"article","og_title":"Sicherheitspolitik &#8211; Wratislavia Translation House","og_description":"[vc_row bg_type=&#8220;image&#8220; parallax_style=&#8220;vcpb-default&#8220; bg_image_new=&#8220;id^1095|url^https:\/\/wth.pl\/wp-content\/uploads\/2020\/07\/heading-main-1-1.jpg|caption^null|alt^Profesjonalna agencja t\u0142umacze\u0144|title^Wratislavia Translation House|description^null&#8220; bg_override=&#8220;ex-full&#8220; seperator_enable=&#8220;seperator_enable_value&#8220; seperator_type=&#8220;multi_triangle_seperator&#8220; seperator_position=&#8220;bottom_seperator&#8220; seperator_shape_background=&#8220;#ffffff&#8220;][vc_column css_animation=&#8220;zoomInLeft&#8220; offset=&#8220;vc_col-lg-6&#8243;][vc_row_inner][vc_column_inner][\/vc_column_inner][vc_column_inner offset=&#8220;vc_hidden-xs&#8220;][vc_column_text css=&#8220;.vc_custom_1593041752816{margin-top: 20px !important;}&#8220; el_class=&#8220;breadcrumb-title&#8220;]Jegliche an uns \u00fcbergebenen Daten und Unterlagen werden als vertraulich behandelt.[\/vc_column_text][\/vc_column_inner][\/vc_row_inner][\/vc_column][vc_column offset=&#8220;vc_col-lg-6 vc_hidden-sm&#8220;][\/vc_column][\/vc_row][vc_row gap=&#8220;35&#8243; bg_type=&#8220;image&#8220; parallax_style=&#8220;vcpb-default&#8220; bg_image_new=&#8220;id^879|url^https:\/\/wth.pl\/wp-content\/uploads\/2020\/07\/bg-section-1.jpg|caption^null|alt^null|title^bg-section-1|description^null&#8220; bg_override=&#8220;ex-full&#8220;][vc_column css_animation=&#8220;zoomInUp&#8220; el_class=&#8220;row-important&#8220; offset=&#8220;vc_col-lg-6 vc_col-md-6&#8243;][vc_column_text css=&#8220;.vc_custom_1593690754554{margin-bottom: 15px !important;}&#8220;]Die von unserer Agentur angewandte Sicherheitspolitik bezweckt den komplexen Schutz von Daten&hellip;","og_url":"https:\/\/wth.pl\/de\/sicherheitspolitik\/","og_site_name":"Wratislavia Translation House","article_modified_time":"2020-07-09T21:13:54+00:00","twitter_card":"summary_large_image","twitter_misc":{"Gesch\u00e4tzte Lesezeit":"4\u00a0Minuten"},"schema":{"@context":"https:\/\/schema.org","@graph":[{"@type":"WebPage","@id":"https:\/\/wth.pl\/de\/sicherheitspolitik\/","url":"https:\/\/wth.pl\/de\/sicherheitspolitik\/","name":"Sicherheitspolitik &#8211; Wratislavia Translation House","isPartOf":{"@id":"https:\/\/wth.pl\/de\/#website"},"datePublished":"2020-07-08T23:08:47+00:00","dateModified":"2020-07-09T21:13:54+00:00","breadcrumb":{"@id":"https:\/\/wth.pl\/de\/sicherheitspolitik\/#breadcrumb"},"inLanguage":"de","potentialAction":[{"@type":"ReadAction","target":["https:\/\/wth.pl\/de\/sicherheitspolitik\/"]}]},{"@type":"BreadcrumbList","@id":"https:\/\/wth.pl\/de\/sicherheitspolitik\/#breadcrumb","itemListElement":[{"@type":"ListItem","position":1,"name":"Strona g\u0142\u00f3wna","item":"https:\/\/wth.pl\/de\/"},{"@type":"ListItem","position":2,"name":"Sicherheitspolitik"}]},{"@type":"WebSite","@id":"https:\/\/wth.pl\/de\/#website","url":"https:\/\/wth.pl\/de\/","name":"Wratislavia Translation House","description":"Professionelles \u00dcbersetzungsb\u00fcro in Breslau","potentialAction":[{"@type":"SearchAction","target":{"@type":"EntryPoint","urlTemplate":"https:\/\/wth.pl\/de\/?s={search_term_string}"},"query-input":{"@type":"PropertyValueSpecification","valueRequired":true,"valueName":"search_term_string"}}],"inLanguage":"de"}]}},"_links":{"self":[{"href":"https:\/\/wth.pl\/de\/wp-json\/wp\/v2\/pages\/1792","targetHints":{"allow":["GET"]}}],"collection":[{"href":"https:\/\/wth.pl\/de\/wp-json\/wp\/v2\/pages"}],"about":[{"href":"https:\/\/wth.pl\/de\/wp-json\/wp\/v2\/types\/page"}],"author":[{"embeddable":true,"href":"https:\/\/wth.pl\/de\/wp-json\/wp\/v2\/users\/1"}],"replies":[{"embeddable":true,"href":"https:\/\/wth.pl\/de\/wp-json\/wp\/v2\/comments?post=1792"}],"version-history":[{"count":3,"href":"https:\/\/wth.pl\/de\/wp-json\/wp\/v2\/pages\/1792\/revisions"}],"predecessor-version":[{"id":2099,"href":"https:\/\/wth.pl\/de\/wp-json\/wp\/v2\/pages\/1792\/revisions\/2099"}],"wp:attachment":[{"href":"https:\/\/wth.pl\/de\/wp-json\/wp\/v2\/media?parent=1792"}],"curies":[{"name":"wp","href":"https:\/\/api.w.org\/{rel}","templated":true}]}}