{"id":1811,"date":"2020-07-09T01:25:26","date_gmt":"2020-07-08T23:25:26","guid":{"rendered":"https:\/\/wth.pl\/uebersetzung-fuer-business\/"},"modified":"2025-01-16T11:57:51","modified_gmt":"2025-01-16T10:57:51","slug":"uebersetzung-fuer-business","status":"publish","type":"page","link":"https:\/\/wth.pl\/de\/uebersetzung-fuer-business\/","title":{"rendered":"\u00dcbersetzung f\u00fcr Business"},"content":{"rendered":"<div class=\"wpb-content-wrapper\"><p>[vc_row][vc_column]<style type=\"text\/css\" data-type=\"the7_shortcodes-inline-css\">.shortcode-single-image-wrap.shortcode-single-image-19bc6b37e515aa34dde8c55db3cfca6d.enable-bg-rollover .rollover i,\n.shortcode-single-image-wrap.shortcode-single-image-19bc6b37e515aa34dde8c55db3cfca6d.enable-bg-rollover .rollover-video i {\n  background: -webkit-linear-gradient();\n  background: linear-gradient();\n}\n.shortcode-single-image-wrap.shortcode-single-image-19bc6b37e515aa34dde8c55db3cfca6d .rollover-icon {\n  font-size: 32px;\n  color: #ffffff;\n  min-width: 44px;\n  min-height: 44px;\n  line-height: 44px;\n  border-radius: 100px;\n  border-style: solid;\n  border-width: 0px;\n}\n.dt-icon-bg-on.shortcode-single-image-wrap.shortcode-single-image-19bc6b37e515aa34dde8c55db3cfca6d .rollover-icon {\n  background: rgba(255,255,255,0.3);\n  box-shadow: none;\n}<\/style><div class=\"shortcode-single-image-wrap shortcode-single-image-19bc6b37e515aa34dde8c55db3cfca6d alignnone  vc_custom_1594127175971 enable-bg-rollover dt-icon-bg-off\" ><div class=\"shortcode-single-image\"><div class=\"fancy-media-wrap  layzr-bg\" style=\"\"><img fetchpriority=\"high\" decoding=\"async\" class=\"preload-me lazy-load aspect\" src=\"data:image\/svg+xml,%3Csvg%20xmlns%3D&#39;http%3A%2F%2Fwww.w3.org%2F2000%2Fsvg&#39;%20viewBox%3D&#39;0%200%201000%20600&#39;%2F%3E\" data-src=\"https:\/\/wth.pl\/wp-content\/uploads\/2020\/07\/wth-6-1-1000x600.jpeg\" data-srcset=\"https:\/\/wth.pl\/wp-content\/uploads\/2020\/07\/wth-6-1-1000x600.jpeg 1000w, https:\/\/wth.pl\/wp-content\/uploads\/2020\/07\/wth-6-1-1979x1188.jpeg 1979w\" loading=\"eager\" sizes=\"(max-width: 1000px) 100vw, 1000px\" width=\"1000\" height=\"600\"  data-dt-location=\"https:\/\/wth.pl\/de\/specjalizacja\/multiethnic-businessmen-discussing-new-business-strategy-on-meet\/\" style=\"--ratio: 1000 \/ 600;\" alt=\"\" \/><\/div><\/div><\/div><div id=\"ultimate-heading-852669d0f639a8aee\" class=\"uvc-heading ult-adjust-bottom-margin ultimate-heading-852669d0f639a8aee uvc-278 \" data-hspacer=\"no_spacer\"  data-halign=\"left\" style=\"text-align:left\"><div class=\"uvc-heading-spacer no_spacer\" style=\"top\"><\/div><div class=\"uvc-main-heading ult-responsive\"  data-ultimate-target='.uvc-heading.ultimate-heading-852669d0f639a8aee h1'  data-responsive-json-new='{\"font-size\":\"desktop:45px;mobile_landscape:34px;\",\"line-height\":\"desktop:60px;mobile_landscape:46px;\"}' ><h1 style=\"font-family:&#039;Roboto&#039;;font-weight:700;color:#333333;margin-bottom:30px;\">\u00dcbersetzung f\u00fcr Business<\/h1><\/div><\/div>[vc_column_text css=&#8220;&#8220;]<\/p>\n<h3 class=\"na2g\">Was bedeutet eine Bedienung im Bereich der \u00dcbersetzungen?<\/h3>\n<p>Die Bedienung im Bereich der \u00dcbersetzungen bedeutet eine leistungsf\u00e4hige Realisierung der laufenden Bed\u00fcrfnisse Ihres Unternehmens, die die \u00dcbersetzung betreffen.<\/p>\n<p>Wir bieten sowohl die \u00fcblichen als auch die beglaubigten \u00dcbersetzungen der folgenden Materialien an:<\/p>\n<ul>\n<li>Unterlagen verbunden mit der wirtschaftlichen T\u00e4tigkeit des Unternehmens,<\/li>\n<li>Vertr\u00e4ge,<\/li>\n<li>Verfahren, Prozeduren,<\/li>\n<li>Anweisungen, Anleitungen, Richtlinien,<\/li>\n<li>Schulungsmaterialien,<\/li>\n<li>Werbematerialien,<\/li>\n<li>Gesch\u00e4ftskorrespondenz,<\/li>\n<li>Ausschreibungsunterlagen,<\/li>\n<li>Webseiten.<\/li>\n<\/ul>\n<p>In der mittels Internet-Netzwerk verbundenen Welt hat die Entfernung des Kundensitzes keine Bedeutung mehr. Unabh\u00e4ngig von Ihrer Lokalisierung sind wir imstande, jedes Dokument mittels Internet von Ihnen anzunehmen und an Sie zur\u00fcckzuschicken.<\/p>\n<h3 class=\"na2g\">Vorteile der st\u00e4ndigen Bedienung im Bereich der \u00dcbersetzung<\/h3>\n<p><strong>Kurze Ausf\u00fchrungsfristen und hohe Qualit\u00e4t<\/strong><\/p>\n<p>Die Bedienung im Bereich der \u00dcbersetzung bedeutet f\u00fcr Sie kurze Ausf\u00fchrungsfristen Ihrer Auftr\u00e4ge bei gleichzeitiger Sicherung der hohen Qualit\u00e4t der \u00dcbersetzung. Wir geben uns alle M\u00fche, damit die \u00dcbersetzungsauftr\u00e4ge f\u00fcr den bestimmten Kunden immer von den gleichen Dolmetschern \/ \u00dcbersetzern realisiert werden.<\/p>\n<p><strong>Vereinfachung der Formalit\u00e4ten<\/strong><\/p>\n<p>Der st\u00e4ndige Kontakt mit Ihnen erm\u00f6glicht die Ausarbeitung von vorteilhaften Regeln der Zusammenarbeit. Die Festlegung der komplexen Regeln der Auftragsabwicklung erm\u00f6glicht eine Vermeidung der \u00fcberm\u00e4\u00dfigen Formalit\u00e4ten bei jedem nachfolgenden \u00dcbersetzungsauftrag. Dank dessen wird der Prozess der Auftragserteilung einfacher und schneller, was sich auch auf die Ausf\u00fchrungsfristen positiv auswirkt.<\/p>\n<p><strong>Terminologische Schl\u00fcssigkeit<\/strong><\/p>\n<p>Die kontinuierliche Zusammenarbeit mit unserer Agentur sichert die Einhaltung der konsistenten Terminologie in den zu \u00fcbersetzenden Dokumenten, was unabh\u00e4ngig von dem T\u00e4tigkeitsprofil des Unternehmens von gro\u00dfer Bedeutung ist. Teilen Sie uns Ihre Pr\u00e4ferenzen bez\u00fcglich Stil, den die \u00fcbersetzten Dokumente aufweisen sollen (z. B. Art und Weise, auf welche der Leser angesprochen werden soll, die bevorzugten Begriffe oder Konstruktionen) mit. Auf diese Weise sind wir im Stande, diese Anweisungen in allen f\u00fcr Sie zu \u00fcbersetzenden Materialien anzuwenden.<\/p>\n<p class=\"na2\">Haben Sie Interesse an solchen Dienstleistungen?<br \/>\nDann setzen Sie sich <a href=\"https:\/\/wth.pl\/de\/kontakt\/\">mit uns in Verbindung<\/a>.<\/p>\n<h3 class=\"na2g\">Verschiedene Branchen<\/h3>\n<p>Unsere Agentur leistet die Bedienung der Firmen, die in <a href=\"https:\/\/wth.pl\/de\/branchen\/\">verschiedenen Branchen<\/a> t\u00e4tig sind.[\/vc_column_text][\/vc_column][\/vc_row]<\/p>\n<\/div>","protected":false},"excerpt":{"rendered":"<p>[vc_row][vc_column][vc_column_text css=&#8220;&#8220;] Was bedeutet eine Bedienung im Bereich der \u00dcbersetzungen? Die Bedienung im Bereich der \u00dcbersetzungen bedeutet eine leistungsf\u00e4hige Realisierung der laufenden Bed\u00fcrfnisse Ihres Unternehmens, die die \u00dcbersetzung betreffen. Wir bieten sowohl die \u00fcblichen als auch die beglaubigten \u00dcbersetzungen der folgenden Materialien an: Unterlagen verbunden mit der wirtschaftlichen T\u00e4tigkeit des Unternehmens, Vertr\u00e4ge, Verfahren, Prozeduren, Anweisungen,&hellip;<\/p>\n","protected":false},"author":1,"featured_media":0,"parent":0,"menu_order":0,"comment_status":"closed","ping_status":"closed","template":"","meta":{"footnotes":""},"class_list":["post-1811","page","type-page","status-publish","hentry","description-off"],"yoast_head":"<!-- This site is optimized with the Yoast SEO plugin v27.2 - https:\/\/yoast.com\/product\/yoast-seo-wordpress\/ -->\n<title>\u00dcbersetzung f\u00fcr Business &#8211; Wratislavia Translation House<\/title>\n<meta name=\"robots\" content=\"index, follow, max-snippet:-1, max-image-preview:large, max-video-preview:-1\" \/>\n<link rel=\"canonical\" href=\"https:\/\/wth.pl\/de\/uebersetzung-fuer-business\/\" \/>\n<meta property=\"og:locale\" content=\"de_DE\" \/>\n<meta property=\"og:type\" content=\"article\" \/>\n<meta property=\"og:title\" content=\"\u00dcbersetzung f\u00fcr Business &#8211; Wratislavia Translation House\" \/>\n<meta property=\"og:description\" content=\"[vc_row][vc_column][vc_column_text css=&#8220;&#8220;] Was bedeutet eine Bedienung im Bereich der \u00dcbersetzungen? Die Bedienung im Bereich der \u00dcbersetzungen bedeutet eine leistungsf\u00e4hige Realisierung der laufenden Bed\u00fcrfnisse Ihres Unternehmens, die die \u00dcbersetzung betreffen. Wir bieten sowohl die \u00fcblichen als auch die beglaubigten \u00dcbersetzungen der folgenden Materialien an: Unterlagen verbunden mit der wirtschaftlichen T\u00e4tigkeit des Unternehmens, Vertr\u00e4ge, Verfahren, Prozeduren, Anweisungen,&hellip;\" \/>\n<meta property=\"og:url\" content=\"https:\/\/wth.pl\/de\/uebersetzung-fuer-business\/\" \/>\n<meta property=\"og:site_name\" content=\"Wratislavia Translation House\" \/>\n<meta property=\"article:modified_time\" content=\"2025-01-16T10:57:51+00:00\" \/>\n<meta name=\"twitter:card\" content=\"summary_large_image\" \/>\n<meta name=\"twitter:label1\" content=\"Gesch\u00e4tzte Lesezeit\" \/>\n\t<meta name=\"twitter:data1\" content=\"2\u00a0Minuten\" \/>\n<script type=\"application\/ld+json\" class=\"yoast-schema-graph\">{\"@context\":\"https:\/\/schema.org\",\"@graph\":[{\"@type\":\"WebPage\",\"@id\":\"https:\/\/wth.pl\/de\/uebersetzung-fuer-business\/\",\"url\":\"https:\/\/wth.pl\/de\/uebersetzung-fuer-business\/\",\"name\":\"\u00dcbersetzung f\u00fcr Business &#8211; Wratislavia Translation House\",\"isPartOf\":{\"@id\":\"https:\/\/wth.pl\/de\/#website\"},\"datePublished\":\"2020-07-08T23:25:26+00:00\",\"dateModified\":\"2025-01-16T10:57:51+00:00\",\"breadcrumb\":{\"@id\":\"https:\/\/wth.pl\/de\/uebersetzung-fuer-business\/#breadcrumb\"},\"inLanguage\":\"de\",\"potentialAction\":[{\"@type\":\"ReadAction\",\"target\":[\"https:\/\/wth.pl\/de\/uebersetzung-fuer-business\/\"]}]},{\"@type\":\"BreadcrumbList\",\"@id\":\"https:\/\/wth.pl\/de\/uebersetzung-fuer-business\/#breadcrumb\",\"itemListElement\":[{\"@type\":\"ListItem\",\"position\":1,\"name\":\"Strona g\u0142\u00f3wna\",\"item\":\"https:\/\/wth.pl\/de\/\"},{\"@type\":\"ListItem\",\"position\":2,\"name\":\"\u00dcbersetzung f\u00fcr Business\"}]},{\"@type\":\"WebSite\",\"@id\":\"https:\/\/wth.pl\/de\/#website\",\"url\":\"https:\/\/wth.pl\/de\/\",\"name\":\"Wratislavia Translation House\",\"description\":\"Professionelles \u00dcbersetzungsb\u00fcro in Breslau\",\"potentialAction\":[{\"@type\":\"SearchAction\",\"target\":{\"@type\":\"EntryPoint\",\"urlTemplate\":\"https:\/\/wth.pl\/de\/?s={search_term_string}\"},\"query-input\":{\"@type\":\"PropertyValueSpecification\",\"valueRequired\":true,\"valueName\":\"search_term_string\"}}],\"inLanguage\":\"de\"}]}<\/script>\n<!-- \/ Yoast SEO plugin. -->","yoast_head_json":{"title":"\u00dcbersetzung f\u00fcr Business &#8211; Wratislavia Translation House","robots":{"index":"index","follow":"follow","max-snippet":"max-snippet:-1","max-image-preview":"max-image-preview:large","max-video-preview":"max-video-preview:-1"},"canonical":"https:\/\/wth.pl\/de\/uebersetzung-fuer-business\/","og_locale":"de_DE","og_type":"article","og_title":"\u00dcbersetzung f\u00fcr Business &#8211; Wratislavia Translation House","og_description":"[vc_row][vc_column][vc_column_text css=&#8220;&#8220;] Was bedeutet eine Bedienung im Bereich der \u00dcbersetzungen? Die Bedienung im Bereich der \u00dcbersetzungen bedeutet eine leistungsf\u00e4hige Realisierung der laufenden Bed\u00fcrfnisse Ihres Unternehmens, die die \u00dcbersetzung betreffen. Wir bieten sowohl die \u00fcblichen als auch die beglaubigten \u00dcbersetzungen der folgenden Materialien an: Unterlagen verbunden mit der wirtschaftlichen T\u00e4tigkeit des Unternehmens, Vertr\u00e4ge, Verfahren, Prozeduren, Anweisungen,&hellip;","og_url":"https:\/\/wth.pl\/de\/uebersetzung-fuer-business\/","og_site_name":"Wratislavia Translation House","article_modified_time":"2025-01-16T10:57:51+00:00","twitter_card":"summary_large_image","twitter_misc":{"Gesch\u00e4tzte Lesezeit":"2\u00a0Minuten"},"schema":{"@context":"https:\/\/schema.org","@graph":[{"@type":"WebPage","@id":"https:\/\/wth.pl\/de\/uebersetzung-fuer-business\/","url":"https:\/\/wth.pl\/de\/uebersetzung-fuer-business\/","name":"\u00dcbersetzung f\u00fcr Business &#8211; Wratislavia Translation House","isPartOf":{"@id":"https:\/\/wth.pl\/de\/#website"},"datePublished":"2020-07-08T23:25:26+00:00","dateModified":"2025-01-16T10:57:51+00:00","breadcrumb":{"@id":"https:\/\/wth.pl\/de\/uebersetzung-fuer-business\/#breadcrumb"},"inLanguage":"de","potentialAction":[{"@type":"ReadAction","target":["https:\/\/wth.pl\/de\/uebersetzung-fuer-business\/"]}]},{"@type":"BreadcrumbList","@id":"https:\/\/wth.pl\/de\/uebersetzung-fuer-business\/#breadcrumb","itemListElement":[{"@type":"ListItem","position":1,"name":"Strona g\u0142\u00f3wna","item":"https:\/\/wth.pl\/de\/"},{"@type":"ListItem","position":2,"name":"\u00dcbersetzung f\u00fcr Business"}]},{"@type":"WebSite","@id":"https:\/\/wth.pl\/de\/#website","url":"https:\/\/wth.pl\/de\/","name":"Wratislavia Translation House","description":"Professionelles \u00dcbersetzungsb\u00fcro in Breslau","potentialAction":[{"@type":"SearchAction","target":{"@type":"EntryPoint","urlTemplate":"https:\/\/wth.pl\/de\/?s={search_term_string}"},"query-input":{"@type":"PropertyValueSpecification","valueRequired":true,"valueName":"search_term_string"}}],"inLanguage":"de"}]}},"_links":{"self":[{"href":"https:\/\/wth.pl\/de\/wp-json\/wp\/v2\/pages\/1811","targetHints":{"allow":["GET"]}}],"collection":[{"href":"https:\/\/wth.pl\/de\/wp-json\/wp\/v2\/pages"}],"about":[{"href":"https:\/\/wth.pl\/de\/wp-json\/wp\/v2\/types\/page"}],"author":[{"embeddable":true,"href":"https:\/\/wth.pl\/de\/wp-json\/wp\/v2\/users\/1"}],"replies":[{"embeddable":true,"href":"https:\/\/wth.pl\/de\/wp-json\/wp\/v2\/comments?post=1811"}],"version-history":[{"count":6,"href":"https:\/\/wth.pl\/de\/wp-json\/wp\/v2\/pages\/1811\/revisions"}],"predecessor-version":[{"id":3570,"href":"https:\/\/wth.pl\/de\/wp-json\/wp\/v2\/pages\/1811\/revisions\/3570"}],"wp:attachment":[{"href":"https:\/\/wth.pl\/de\/wp-json\/wp\/v2\/media?parent=1811"}],"curies":[{"name":"wp","href":"https:\/\/api.w.org\/{rel}","templated":true}]}}