{"id":1822,"date":"2020-07-09T01:39:45","date_gmt":"2020-07-08T23:39:45","guid":{"rendered":"https:\/\/wth.pl\/uebersetzungsdienstleistungen\/"},"modified":"2024-11-21T14:18:14","modified_gmt":"2024-11-21T13:18:14","slug":"uebersetzungsdienstleistungen","status":"publish","type":"page","link":"https:\/\/wth.pl\/de\/uebersetzungsdienstleistungen\/","title":{"rendered":"\u00dcbersetzungsdienstleistungen"},"content":{"rendered":"<div class=\"wpb-content-wrapper\"><p>[vc_row][vc_column]<style type=\"text\/css\" data-type=\"the7_shortcodes-inline-css\">.shortcode-single-image-wrap.shortcode-single-image-bce38e00bb47435bf5c74ebbf2dcabc7.enable-bg-rollover .rollover i,\n.shortcode-single-image-wrap.shortcode-single-image-bce38e00bb47435bf5c74ebbf2dcabc7.enable-bg-rollover .rollover-video i {\n  background: -webkit-linear-gradient();\n  background: linear-gradient();\n}\n.shortcode-single-image-wrap.shortcode-single-image-bce38e00bb47435bf5c74ebbf2dcabc7 .rollover-icon {\n  font-size: 32px;\n  color: #ffffff;\n  min-width: 44px;\n  min-height: 44px;\n  line-height: 44px;\n  border-radius: 100px;\n  border-style: solid;\n  border-width: 0px;\n}\n.dt-icon-bg-on.shortcode-single-image-wrap.shortcode-single-image-bce38e00bb47435bf5c74ebbf2dcabc7 .rollover-icon {\n  background: rgba(255,255,255,0.3);\n  box-shadow: none;\n}<\/style><div class=\"shortcode-single-image-wrap shortcode-single-image-bce38e00bb47435bf5c74ebbf2dcabc7 alignnone  vc_custom_1594128454265 enable-bg-rollover dt-icon-bg-off\" ><div class=\"shortcode-single-image\"><div class=\"fancy-media-wrap  layzr-bg\" style=\"\"><img fetchpriority=\"high\" decoding=\"async\" class=\"preload-me lazy-load aspect\" src=\"data:image\/svg+xml,%3Csvg%20xmlns%3D&#39;http%3A%2F%2Fwww.w3.org%2F2000%2Fsvg&#39;%20viewBox%3D&#39;0%200%201000%20600&#39;%2F%3E\" data-src=\"https:\/\/wth.pl\/wp-content\/uploads\/2020\/07\/poznaj-wth-5-1-1000x600.jpg\" data-srcset=\"https:\/\/wth.pl\/wp-content\/uploads\/2020\/07\/poznaj-wth-5-1-1000x600.jpg 1000w, https:\/\/wth.pl\/wp-content\/uploads\/2020\/07\/poznaj-wth-5-1-1979x1188.jpg 1979w\" loading=\"eager\" sizes=\"(max-width: 1000px) 100vw, 1000px\" width=\"1000\" height=\"600\"  data-dt-location=\"https:\/\/wth.pl\/de\/professional-translator-in-eyeglasses-working-online-with-laptop\/\" style=\"--ratio: 1000 \/ 600;\" alt=\"\" \/><\/div><\/div><\/div><div id=\"ultimate-heading-380369d3eed8bf05f\" class=\"uvc-heading ult-adjust-bottom-margin ultimate-heading-380369d3eed8bf05f uvc-4545 \" data-hspacer=\"no_spacer\"  data-halign=\"left\" style=\"text-align:left\"><div class=\"uvc-heading-spacer no_spacer\" style=\"top\"><\/div><div class=\"uvc-main-heading ult-responsive\"  data-ultimate-target='.uvc-heading.ultimate-heading-380369d3eed8bf05f h1'  data-responsive-json-new='{\"font-size\":\"desktop:45px;mobile_landscape:34px;\",\"line-height\":\"desktop:60px;mobile_landscape:46px;\"}' ><h1 style=\"font-family:&#039;Roboto&#039;;font-weight:700;color:#333333;margin-bottom:30px;\">\u00dcbersetzungsdienstleistungen<\/h1><\/div><\/div>[vc_column_text css=&#8220;&#8220;]Unter Beru\u0308cksichtigung der Bed\u00fcrfnisse unserer Kunden wurde unser \u00dcbersetzungsangebot an verschiedene Arbeitsumf\u00e4nge angepasst.<\/p>\n<h3 class=\"na3g\">\u00dcbersetzungsdienstleistungen<\/h3>\n<p>1) \u00dcbersetzung<br \/>\n2) \u00dcberpr\u00fcfung (Nachpr\u00fcfung und Vergleich mit dem Original)<br \/>\n3) Redaktion (stilistische Korrektur)<\/p>\n<p>Die U\u0308bersetzung Ihrer Dokumente durchla\u0308uft einen drei-stufigen U\u0308bersetzungsprozess an dem drei verschiedene Linguisten arbeiten.<\/p>\n<h3 class=\"na3g\">\u00dcberpr\u00fcfungs- und Redaktionsdienstleistungen<\/h3>\n<p>1) \u00dcberpr\u00fcfung (Nachpr\u00fcfung und Vergleich mit dem Original)<br \/>\n2) Redaktion (stilistische Korrektur)<\/p>\n<p>Ist die \u00dcbersetzung von Ihren Materialien schon angefertigt und Sie m\u00f6chten es nur nachpr\u00fcfen und korrigieren lassen, so k\u00f6nnen Sie unser Angebot im Bereich der Nachpr\u00fcfung und Korrekturlesen in Anspruch nehmen.<\/p>\n<h3 class=\"na3g\">Redaktionsdienstleistungen<\/h3>\n<p>1) Redaktion (stilistische Korrektur)<\/p>\n<p>M\u00f6chten Sie Ihre Materialien nur unter dem stilistischen Aspekt verbessern, zum Beispiel vor deren Ver\u00f6ffentlichung, so k\u00f6nnen wir Ihnen unser Wissen und Erfahrung anbieten.<\/p>\n<p><strong>Haben Sie Interesse an solchen Dienstleistungen? <a href=\"https:\/\/wth.pl\/de\/kontakt\/\">Dann setzen Sie sich mit uns in Verbindung<\/a>.<\/strong><\/p>\n<p>Unsere Agentur bietet verschiedene Arten von \u00dcbersetzung f\u00fcr mehrere Branchen an. Machen Sie sich bitte mit weiteren Informationen vertraut.<br \/>\nDie von unserer \u00dcbersetzungsagentur zu erbringenden \u00dcbersetzungsdienstleistungen unterliegen strengen Qualit\u00e4tsprozeduren.[\/vc_column_text][vc_column_text el_class=&#8220;button-text&#8220;]<\/p>\n<p style=\"text-align: left;\"><a href=\"https:\/\/wth.pl\/wp-content\/uploads\/2020\/07\/WTH_Ubersetzungsdienstleistungen_fur_Business.pdf\" target=\"_blank\" rel=\"noopener noreferrer\">Herunterladen<\/a> <i class=\"dt-icon-the7-arrow-07\" aria-hidden=\"true\"><\/i><\/p>\n<p>[\/vc_column_text][\/vc_column][\/vc_row]<\/p>\n<\/div>","protected":false},"excerpt":{"rendered":"<p>[vc_row][vc_column][vc_column_text css=&#8220;&#8220;]Unter Beru\u0308cksichtigung der Bed\u00fcrfnisse unserer Kunden wurde unser \u00dcbersetzungsangebot an verschiedene Arbeitsumf\u00e4nge angepasst. \u00dcbersetzungsdienstleistungen 1) \u00dcbersetzung 2) \u00dcberpr\u00fcfung (Nachpr\u00fcfung und Vergleich mit dem Original) 3) Redaktion (stilistische Korrektur) Die U\u0308bersetzung Ihrer Dokumente durchla\u0308uft einen drei-stufigen U\u0308bersetzungsprozess an dem drei verschiedene Linguisten arbeiten. \u00dcberpr\u00fcfungs- und Redaktionsdienstleistungen 1) \u00dcberpr\u00fcfung (Nachpr\u00fcfung und Vergleich mit dem Original) 2)&hellip;<\/p>\n","protected":false},"author":1,"featured_media":0,"parent":0,"menu_order":0,"comment_status":"closed","ping_status":"closed","template":"","meta":{"footnotes":""},"class_list":["post-1822","page","type-page","status-publish","hentry","description-off"],"yoast_head":"<!-- This site is optimized with the Yoast SEO plugin v27.2 - https:\/\/yoast.com\/product\/yoast-seo-wordpress\/ -->\n<title>\u00dcbersetzungsdienstleistungen &#8211; Wratislavia Translation House<\/title>\n<meta name=\"robots\" content=\"index, follow, max-snippet:-1, max-image-preview:large, max-video-preview:-1\" \/>\n<link rel=\"canonical\" href=\"https:\/\/wth.pl\/de\/uebersetzungsdienstleistungen\/\" \/>\n<meta property=\"og:locale\" content=\"de_DE\" \/>\n<meta property=\"og:type\" content=\"article\" \/>\n<meta property=\"og:title\" content=\"\u00dcbersetzungsdienstleistungen &#8211; Wratislavia Translation House\" \/>\n<meta property=\"og:description\" content=\"[vc_row][vc_column][vc_column_text css=&#8220;&#8220;]Unter Beru\u0308cksichtigung der Bed\u00fcrfnisse unserer Kunden wurde unser \u00dcbersetzungsangebot an verschiedene Arbeitsumf\u00e4nge angepasst. \u00dcbersetzungsdienstleistungen 1) \u00dcbersetzung 2) \u00dcberpr\u00fcfung (Nachpr\u00fcfung und Vergleich mit dem Original) 3) Redaktion (stilistische Korrektur) Die U\u0308bersetzung Ihrer Dokumente durchla\u0308uft einen drei-stufigen U\u0308bersetzungsprozess an dem drei verschiedene Linguisten arbeiten. \u00dcberpr\u00fcfungs- und Redaktionsdienstleistungen 1) \u00dcberpr\u00fcfung (Nachpr\u00fcfung und Vergleich mit dem Original) 2)&hellip;\" \/>\n<meta property=\"og:url\" content=\"https:\/\/wth.pl\/de\/uebersetzungsdienstleistungen\/\" \/>\n<meta property=\"og:site_name\" content=\"Wratislavia Translation House\" \/>\n<meta property=\"article:modified_time\" content=\"2024-11-21T13:18:14+00:00\" \/>\n<meta name=\"twitter:card\" content=\"summary_large_image\" \/>\n<meta name=\"twitter:label1\" content=\"Gesch\u00e4tzte Lesezeit\" \/>\n\t<meta name=\"twitter:data1\" content=\"2\u00a0Minuten\" \/>\n<script type=\"application\/ld+json\" class=\"yoast-schema-graph\">{\"@context\":\"https:\/\/schema.org\",\"@graph\":[{\"@type\":\"WebPage\",\"@id\":\"https:\/\/wth.pl\/de\/uebersetzungsdienstleistungen\/\",\"url\":\"https:\/\/wth.pl\/de\/uebersetzungsdienstleistungen\/\",\"name\":\"\u00dcbersetzungsdienstleistungen &#8211; Wratislavia Translation House\",\"isPartOf\":{\"@id\":\"https:\/\/wth.pl\/de\/#website\"},\"datePublished\":\"2020-07-08T23:39:45+00:00\",\"dateModified\":\"2024-11-21T13:18:14+00:00\",\"breadcrumb\":{\"@id\":\"https:\/\/wth.pl\/de\/uebersetzungsdienstleistungen\/#breadcrumb\"},\"inLanguage\":\"de\",\"potentialAction\":[{\"@type\":\"ReadAction\",\"target\":[\"https:\/\/wth.pl\/de\/uebersetzungsdienstleistungen\/\"]}]},{\"@type\":\"BreadcrumbList\",\"@id\":\"https:\/\/wth.pl\/de\/uebersetzungsdienstleistungen\/#breadcrumb\",\"itemListElement\":[{\"@type\":\"ListItem\",\"position\":1,\"name\":\"Strona g\u0142\u00f3wna\",\"item\":\"https:\/\/wth.pl\/de\/\"},{\"@type\":\"ListItem\",\"position\":2,\"name\":\"\u00dcbersetzungsdienstleistungen\"}]},{\"@type\":\"WebSite\",\"@id\":\"https:\/\/wth.pl\/de\/#website\",\"url\":\"https:\/\/wth.pl\/de\/\",\"name\":\"Wratislavia Translation House\",\"description\":\"Professionelles \u00dcbersetzungsb\u00fcro in Breslau\",\"potentialAction\":[{\"@type\":\"SearchAction\",\"target\":{\"@type\":\"EntryPoint\",\"urlTemplate\":\"https:\/\/wth.pl\/de\/?s={search_term_string}\"},\"query-input\":{\"@type\":\"PropertyValueSpecification\",\"valueRequired\":true,\"valueName\":\"search_term_string\"}}],\"inLanguage\":\"de\"}]}<\/script>\n<!-- \/ Yoast SEO plugin. -->","yoast_head_json":{"title":"\u00dcbersetzungsdienstleistungen &#8211; Wratislavia Translation House","robots":{"index":"index","follow":"follow","max-snippet":"max-snippet:-1","max-image-preview":"max-image-preview:large","max-video-preview":"max-video-preview:-1"},"canonical":"https:\/\/wth.pl\/de\/uebersetzungsdienstleistungen\/","og_locale":"de_DE","og_type":"article","og_title":"\u00dcbersetzungsdienstleistungen &#8211; Wratislavia Translation House","og_description":"[vc_row][vc_column][vc_column_text css=&#8220;&#8220;]Unter Beru\u0308cksichtigung der Bed\u00fcrfnisse unserer Kunden wurde unser \u00dcbersetzungsangebot an verschiedene Arbeitsumf\u00e4nge angepasst. \u00dcbersetzungsdienstleistungen 1) \u00dcbersetzung 2) \u00dcberpr\u00fcfung (Nachpr\u00fcfung und Vergleich mit dem Original) 3) Redaktion (stilistische Korrektur) Die U\u0308bersetzung Ihrer Dokumente durchla\u0308uft einen drei-stufigen U\u0308bersetzungsprozess an dem drei verschiedene Linguisten arbeiten. \u00dcberpr\u00fcfungs- und Redaktionsdienstleistungen 1) \u00dcberpr\u00fcfung (Nachpr\u00fcfung und Vergleich mit dem Original) 2)&hellip;","og_url":"https:\/\/wth.pl\/de\/uebersetzungsdienstleistungen\/","og_site_name":"Wratislavia Translation House","article_modified_time":"2024-11-21T13:18:14+00:00","twitter_card":"summary_large_image","twitter_misc":{"Gesch\u00e4tzte Lesezeit":"2\u00a0Minuten"},"schema":{"@context":"https:\/\/schema.org","@graph":[{"@type":"WebPage","@id":"https:\/\/wth.pl\/de\/uebersetzungsdienstleistungen\/","url":"https:\/\/wth.pl\/de\/uebersetzungsdienstleistungen\/","name":"\u00dcbersetzungsdienstleistungen &#8211; Wratislavia Translation House","isPartOf":{"@id":"https:\/\/wth.pl\/de\/#website"},"datePublished":"2020-07-08T23:39:45+00:00","dateModified":"2024-11-21T13:18:14+00:00","breadcrumb":{"@id":"https:\/\/wth.pl\/de\/uebersetzungsdienstleistungen\/#breadcrumb"},"inLanguage":"de","potentialAction":[{"@type":"ReadAction","target":["https:\/\/wth.pl\/de\/uebersetzungsdienstleistungen\/"]}]},{"@type":"BreadcrumbList","@id":"https:\/\/wth.pl\/de\/uebersetzungsdienstleistungen\/#breadcrumb","itemListElement":[{"@type":"ListItem","position":1,"name":"Strona g\u0142\u00f3wna","item":"https:\/\/wth.pl\/de\/"},{"@type":"ListItem","position":2,"name":"\u00dcbersetzungsdienstleistungen"}]},{"@type":"WebSite","@id":"https:\/\/wth.pl\/de\/#website","url":"https:\/\/wth.pl\/de\/","name":"Wratislavia Translation House","description":"Professionelles \u00dcbersetzungsb\u00fcro in Breslau","potentialAction":[{"@type":"SearchAction","target":{"@type":"EntryPoint","urlTemplate":"https:\/\/wth.pl\/de\/?s={search_term_string}"},"query-input":{"@type":"PropertyValueSpecification","valueRequired":true,"valueName":"search_term_string"}}],"inLanguage":"de"}]}},"_links":{"self":[{"href":"https:\/\/wth.pl\/de\/wp-json\/wp\/v2\/pages\/1822","targetHints":{"allow":["GET"]}}],"collection":[{"href":"https:\/\/wth.pl\/de\/wp-json\/wp\/v2\/pages"}],"about":[{"href":"https:\/\/wth.pl\/de\/wp-json\/wp\/v2\/types\/page"}],"author":[{"embeddable":true,"href":"https:\/\/wth.pl\/de\/wp-json\/wp\/v2\/users\/1"}],"replies":[{"embeddable":true,"href":"https:\/\/wth.pl\/de\/wp-json\/wp\/v2\/comments?post=1822"}],"version-history":[{"count":5,"href":"https:\/\/wth.pl\/de\/wp-json\/wp\/v2\/pages\/1822\/revisions"}],"predecessor-version":[{"id":3438,"href":"https:\/\/wth.pl\/de\/wp-json\/wp\/v2\/pages\/1822\/revisions\/3438"}],"wp:attachment":[{"href":"https:\/\/wth.pl\/de\/wp-json\/wp\/v2\/media?parent=1822"}],"curies":[{"name":"wp","href":"https:\/\/api.w.org\/{rel}","templated":true}]}}