{"id":1829,"date":"2020-07-09T01:48:57","date_gmt":"2020-07-08T23:48:57","guid":{"rendered":"https:\/\/wth.pl\/graphische-dienstleistungen\/"},"modified":"2024-11-21T14:28:23","modified_gmt":"2024-11-21T13:28:23","slug":"graphische-dienstleistungen","status":"publish","type":"page","link":"https:\/\/wth.pl\/de\/graphische-dienstleistungen\/","title":{"rendered":"Graphische Dienstleistungen"},"content":{"rendered":"<div class=\"wpb-content-wrapper\"><p>[vc_row][vc_column]<style type=\"text\/css\" data-type=\"the7_shortcodes-inline-css\">.shortcode-single-image-wrap.shortcode-single-image-b6bf821abffb885cbea42132b0b30d9d.enable-bg-rollover .rollover i,\n.shortcode-single-image-wrap.shortcode-single-image-b6bf821abffb885cbea42132b0b30d9d.enable-bg-rollover .rollover-video i {\n  background: -webkit-linear-gradient();\n  background: linear-gradient();\n}\n.shortcode-single-image-wrap.shortcode-single-image-b6bf821abffb885cbea42132b0b30d9d .rollover-icon {\n  font-size: 32px;\n  color: #ffffff;\n  min-width: 44px;\n  min-height: 44px;\n  line-height: 44px;\n  border-radius: 100px;\n  border-style: solid;\n  border-width: 0px;\n}\n.dt-icon-bg-on.shortcode-single-image-wrap.shortcode-single-image-b6bf821abffb885cbea42132b0b30d9d .rollover-icon {\n  background: rgba(255,255,255,0.3);\n  box-shadow: none;\n}<\/style><div class=\"shortcode-single-image-wrap shortcode-single-image-b6bf821abffb885cbea42132b0b30d9d alignnone  vc_custom_1594128474952 enable-bg-rollover dt-icon-bg-off\" ><div class=\"shortcode-single-image\"><div class=\"fancy-media-wrap  layzr-bg\" style=\"\"><img fetchpriority=\"high\" decoding=\"async\" class=\"preload-me lazy-load aspect\" src=\"data:image\/svg+xml,%3Csvg%20xmlns%3D&#39;http%3A%2F%2Fwww.w3.org%2F2000%2Fsvg&#39;%20viewBox%3D&#39;0%200%201000%20600&#39;%2F%3E\" data-src=\"https:\/\/wth.pl\/wp-content\/uploads\/2020\/07\/wth-7-1-1000x600.jpg\" data-srcset=\"https:\/\/wth.pl\/wp-content\/uploads\/2020\/07\/wth-7-1-1000x600.jpg 1000w, https:\/\/wth.pl\/wp-content\/uploads\/2020\/07\/wth-7-1-1979x1188.jpg 1979w\" loading=\"eager\" sizes=\"(max-width: 1000px) 100vw, 1000px\" width=\"1000\" height=\"600\"  data-dt-location=\"https:\/\/wth.pl\/de\/uslugi\/young-asian-graphic-designer-working-on-computer-using-digital-t\/\" style=\"--ratio: 1000 \/ 600;\" alt=\"\" \/><\/div><\/div><\/div><div id=\"ultimate-heading-173769efbf292ebcb\" class=\"uvc-heading ult-adjust-bottom-margin ultimate-heading-173769efbf292ebcb uvc-4822 \" data-hspacer=\"no_spacer\"  data-halign=\"left\" style=\"text-align:left\"><div class=\"uvc-heading-spacer no_spacer\" style=\"top\"><\/div><div class=\"uvc-main-heading ult-responsive\"  data-ultimate-target='.uvc-heading.ultimate-heading-173769efbf292ebcb h1'  data-responsive-json-new='{\"font-size\":\"desktop:45px;mobile_landscape:34px;\",\"line-height\":\"desktop:60px;mobile_landscape:46px;\"}' ><h1 style=\"font-family:&#039;Roboto&#039;;font-weight:700;color:#333333;margin-bottom:30px;\">Graphische Dienstleistungen<\/h1><\/div><\/div>[vc_column_text]Die erg\u00e4nzenden Dienstleistungen \u2013 wie der DTP-Satz und die graphische Vorbereitung der Unterlagen \u2013 erm\u00f6glichen die Bearbeitung der Schlussmaterialien, die danach direkt f\u00fcr den Druck in der Druckerei oder die Ver\u00f6ffentlichung auf den Webseiten \u00fcbergeben werden.<\/p>\n<h3 class=\"na3g\">DTP-Satz<\/h3>\n<p>Diese Dienstleistung erm\u00f6glicht, die \u00fcbersetzten Broschu\u0308ren, Flyers oder andere Werbematerialien f\u00fcr den Druck oder die Ver\u00f6ffentlichung vorzubereiten.<\/p>\n<h3 class=\"na3g\">Vorbereitung der graphischen Bilder<\/h3>\n<p>Sollen in den f\u00fcr die Ver\u00f6ffentlichung vorbereiteten Materialien auch die graphischen Bilder angepasst werden, beispielsweise durch eine Platzierung des \u00fcbersetzten Textes innerhalb des Bildes, oder sollen die zus\u00e4tzlichen Informationsgraphiken, Fotografien oder Diagramme in den Materialien erscheinen, k\u00f6nnen wir Ihnen die entsprechende Dienstleistung anbieten.<\/p>\n<p><strong>Haben Sie Interesse an solchen Dienstleistungen? <a href=\"https:\/\/wth.pl\/de\/kontakt\/\">Dann setzen Sie sich mit uns in Verbindung<\/a>.<\/strong>[\/vc_column_text][\/vc_column][\/vc_row]<\/p>\n<\/div>","protected":false},"excerpt":{"rendered":"<p>[vc_row][vc_column][vc_column_text]Die erg\u00e4nzenden Dienstleistungen \u2013 wie der DTP-Satz und die graphische Vorbereitung der Unterlagen \u2013 erm\u00f6glichen die Bearbeitung der Schlussmaterialien, die danach direkt f\u00fcr den Druck in der Druckerei oder die Ver\u00f6ffentlichung auf den Webseiten \u00fcbergeben werden. DTP-Satz Diese Dienstleistung erm\u00f6glicht, die \u00fcbersetzten Broschu\u0308ren, Flyers oder andere Werbematerialien f\u00fcr den Druck oder die Ver\u00f6ffentlichung vorzubereiten. Vorbereitung&hellip;<\/p>\n","protected":false},"author":1,"featured_media":0,"parent":0,"menu_order":0,"comment_status":"closed","ping_status":"closed","template":"","meta":{"footnotes":""},"class_list":["post-1829","page","type-page","status-publish","hentry","description-off"],"yoast_head":"<!-- This site is optimized with the Yoast SEO plugin v27.4 - https:\/\/yoast.com\/product\/yoast-seo-wordpress\/ -->\n<title>Graphische Dienstleistungen &#8211; Wratislavia Translation House<\/title>\n<meta name=\"robots\" content=\"index, follow, max-snippet:-1, max-image-preview:large, max-video-preview:-1\" \/>\n<link rel=\"canonical\" href=\"https:\/\/wth.pl\/de\/graphische-dienstleistungen\/\" \/>\n<meta property=\"og:locale\" content=\"de_DE\" \/>\n<meta property=\"og:type\" content=\"article\" \/>\n<meta property=\"og:title\" content=\"Graphische Dienstleistungen &#8211; Wratislavia Translation House\" \/>\n<meta property=\"og:description\" content=\"[vc_row][vc_column][vc_column_text]Die erg\u00e4nzenden Dienstleistungen \u2013 wie der DTP-Satz und die graphische Vorbereitung der Unterlagen \u2013 erm\u00f6glichen die Bearbeitung der Schlussmaterialien, die danach direkt f\u00fcr den Druck in der Druckerei oder die Ver\u00f6ffentlichung auf den Webseiten \u00fcbergeben werden. DTP-Satz Diese Dienstleistung erm\u00f6glicht, die \u00fcbersetzten Broschu\u0308ren, Flyers oder andere Werbematerialien f\u00fcr den Druck oder die Ver\u00f6ffentlichung vorzubereiten. Vorbereitung&hellip;\" \/>\n<meta property=\"og:url\" content=\"https:\/\/wth.pl\/de\/graphische-dienstleistungen\/\" \/>\n<meta property=\"og:site_name\" content=\"Wratislavia Translation House\" \/>\n<meta property=\"article:modified_time\" content=\"2024-11-21T13:28:23+00:00\" \/>\n<meta name=\"twitter:card\" content=\"summary_large_image\" \/>\n<meta name=\"twitter:label1\" content=\"Gesch\u00e4tzte Lesezeit\" \/>\n\t<meta name=\"twitter:data1\" content=\"1\u00a0Minute\" \/>\n<script type=\"application\/ld+json\" class=\"yoast-schema-graph\">{\"@context\":\"https:\\\/\\\/schema.org\",\"@graph\":[{\"@type\":\"WebPage\",\"@id\":\"https:\\\/\\\/wth.pl\\\/de\\\/graphische-dienstleistungen\\\/\",\"url\":\"https:\\\/\\\/wth.pl\\\/de\\\/graphische-dienstleistungen\\\/\",\"name\":\"Graphische Dienstleistungen &#8211; Wratislavia Translation House\",\"isPartOf\":{\"@id\":\"https:\\\/\\\/wth.pl\\\/de\\\/#website\"},\"datePublished\":\"2020-07-08T23:48:57+00:00\",\"dateModified\":\"2024-11-21T13:28:23+00:00\",\"breadcrumb\":{\"@id\":\"https:\\\/\\\/wth.pl\\\/de\\\/graphische-dienstleistungen\\\/#breadcrumb\"},\"inLanguage\":\"de\",\"potentialAction\":[{\"@type\":\"ReadAction\",\"target\":[\"https:\\\/\\\/wth.pl\\\/de\\\/graphische-dienstleistungen\\\/\"]}]},{\"@type\":\"BreadcrumbList\",\"@id\":\"https:\\\/\\\/wth.pl\\\/de\\\/graphische-dienstleistungen\\\/#breadcrumb\",\"itemListElement\":[{\"@type\":\"ListItem\",\"position\":1,\"name\":\"Strona g\u0142\u00f3wna\",\"item\":\"https:\\\/\\\/wth.pl\\\/de\\\/\"},{\"@type\":\"ListItem\",\"position\":2,\"name\":\"Graphische Dienstleistungen\"}]},{\"@type\":\"WebSite\",\"@id\":\"https:\\\/\\\/wth.pl\\\/de\\\/#website\",\"url\":\"https:\\\/\\\/wth.pl\\\/de\\\/\",\"name\":\"Wratislavia Translation House\",\"description\":\"Professionelles \u00dcbersetzungsb\u00fcro in Breslau\",\"potentialAction\":[{\"@type\":\"SearchAction\",\"target\":{\"@type\":\"EntryPoint\",\"urlTemplate\":\"https:\\\/\\\/wth.pl\\\/de\\\/?s={search_term_string}\"},\"query-input\":{\"@type\":\"PropertyValueSpecification\",\"valueRequired\":true,\"valueName\":\"search_term_string\"}}],\"inLanguage\":\"de\"}]}<\/script>\n<!-- \/ Yoast SEO plugin. -->","yoast_head_json":{"title":"Graphische Dienstleistungen &#8211; Wratislavia Translation House","robots":{"index":"index","follow":"follow","max-snippet":"max-snippet:-1","max-image-preview":"max-image-preview:large","max-video-preview":"max-video-preview:-1"},"canonical":"https:\/\/wth.pl\/de\/graphische-dienstleistungen\/","og_locale":"de_DE","og_type":"article","og_title":"Graphische Dienstleistungen &#8211; Wratislavia Translation House","og_description":"[vc_row][vc_column][vc_column_text]Die erg\u00e4nzenden Dienstleistungen \u2013 wie der DTP-Satz und die graphische Vorbereitung der Unterlagen \u2013 erm\u00f6glichen die Bearbeitung der Schlussmaterialien, die danach direkt f\u00fcr den Druck in der Druckerei oder die Ver\u00f6ffentlichung auf den Webseiten \u00fcbergeben werden. DTP-Satz Diese Dienstleistung erm\u00f6glicht, die \u00fcbersetzten Broschu\u0308ren, Flyers oder andere Werbematerialien f\u00fcr den Druck oder die Ver\u00f6ffentlichung vorzubereiten. Vorbereitung&hellip;","og_url":"https:\/\/wth.pl\/de\/graphische-dienstleistungen\/","og_site_name":"Wratislavia Translation House","article_modified_time":"2024-11-21T13:28:23+00:00","twitter_card":"summary_large_image","twitter_misc":{"Gesch\u00e4tzte Lesezeit":"1\u00a0Minute"},"schema":{"@context":"https:\/\/schema.org","@graph":[{"@type":"WebPage","@id":"https:\/\/wth.pl\/de\/graphische-dienstleistungen\/","url":"https:\/\/wth.pl\/de\/graphische-dienstleistungen\/","name":"Graphische Dienstleistungen &#8211; Wratislavia Translation House","isPartOf":{"@id":"https:\/\/wth.pl\/de\/#website"},"datePublished":"2020-07-08T23:48:57+00:00","dateModified":"2024-11-21T13:28:23+00:00","breadcrumb":{"@id":"https:\/\/wth.pl\/de\/graphische-dienstleistungen\/#breadcrumb"},"inLanguage":"de","potentialAction":[{"@type":"ReadAction","target":["https:\/\/wth.pl\/de\/graphische-dienstleistungen\/"]}]},{"@type":"BreadcrumbList","@id":"https:\/\/wth.pl\/de\/graphische-dienstleistungen\/#breadcrumb","itemListElement":[{"@type":"ListItem","position":1,"name":"Strona g\u0142\u00f3wna","item":"https:\/\/wth.pl\/de\/"},{"@type":"ListItem","position":2,"name":"Graphische Dienstleistungen"}]},{"@type":"WebSite","@id":"https:\/\/wth.pl\/de\/#website","url":"https:\/\/wth.pl\/de\/","name":"Wratislavia Translation House","description":"Professionelles \u00dcbersetzungsb\u00fcro in Breslau","potentialAction":[{"@type":"SearchAction","target":{"@type":"EntryPoint","urlTemplate":"https:\/\/wth.pl\/de\/?s={search_term_string}"},"query-input":{"@type":"PropertyValueSpecification","valueRequired":true,"valueName":"search_term_string"}}],"inLanguage":"de"}]}},"_links":{"self":[{"href":"https:\/\/wth.pl\/de\/wp-json\/wp\/v2\/pages\/1829","targetHints":{"allow":["GET"]}}],"collection":[{"href":"https:\/\/wth.pl\/de\/wp-json\/wp\/v2\/pages"}],"about":[{"href":"https:\/\/wth.pl\/de\/wp-json\/wp\/v2\/types\/page"}],"author":[{"embeddable":true,"href":"https:\/\/wth.pl\/de\/wp-json\/wp\/v2\/users\/1"}],"replies":[{"embeddable":true,"href":"https:\/\/wth.pl\/de\/wp-json\/wp\/v2\/comments?post=1829"}],"version-history":[{"count":4,"href":"https:\/\/wth.pl\/de\/wp-json\/wp\/v2\/pages\/1829\/revisions"}],"predecessor-version":[{"id":3446,"href":"https:\/\/wth.pl\/de\/wp-json\/wp\/v2\/pages\/1829\/revisions\/3446"}],"wp:attachment":[{"href":"https:\/\/wth.pl\/de\/wp-json\/wp\/v2\/media?parent=1829"}],"curies":[{"name":"wp","href":"https:\/\/api.w.org\/{rel}","templated":true}]}}