{"id":1858,"date":"2020-07-09T02:05:31","date_gmt":"2020-07-09T00:05:31","guid":{"rendered":"https:\/\/wth.pl\/beglaubigte-uebersetzung\/"},"modified":"2024-11-21T14:21:03","modified_gmt":"2024-11-21T13:21:03","slug":"beglaubigte-uebersetzung","status":"publish","type":"page","link":"https:\/\/wth.pl\/de\/beglaubigte-uebersetzung\/","title":{"rendered":"Beglaubigte \u00dcbersetzung"},"content":{"rendered":"<div class=\"wpb-content-wrapper\"><p>[vc_row][vc_column]<style type=\"text\/css\" data-type=\"the7_shortcodes-inline-css\">.shortcode-single-image-wrap.shortcode-single-image-a525b553e3dbccb2be5679fb1867f086.enable-bg-rollover .rollover i,\n.shortcode-single-image-wrap.shortcode-single-image-a525b553e3dbccb2be5679fb1867f086.enable-bg-rollover .rollover-video i {\n  background: -webkit-linear-gradient();\n  background: linear-gradient();\n}\n.shortcode-single-image-wrap.shortcode-single-image-a525b553e3dbccb2be5679fb1867f086 .rollover-icon {\n  font-size: 32px;\n  color: #ffffff;\n  min-width: 44px;\n  min-height: 44px;\n  line-height: 44px;\n  border-radius: 100px;\n  border-style: solid;\n  border-width: 0px;\n}\n.dt-icon-bg-on.shortcode-single-image-wrap.shortcode-single-image-a525b553e3dbccb2be5679fb1867f086 .rollover-icon {\n  background: rgba(255,255,255,0.3);\n  box-shadow: none;\n}<\/style><div class=\"shortcode-single-image-wrap shortcode-single-image-a525b553e3dbccb2be5679fb1867f086 alignnone  vc_custom_1594131676936 enable-bg-rollover dt-icon-bg-off\" ><div class=\"shortcode-single-image\"><div class=\"fancy-media-wrap  layzr-bg\" style=\"\"><img fetchpriority=\"high\" decoding=\"async\" class=\"preload-me lazy-load aspect\" src=\"data:image\/svg+xml,%3Csvg%20xmlns%3D&#39;http%3A%2F%2Fwww.w3.org%2F2000%2Fsvg&#39;%20viewBox%3D&#39;0%200%201000%20600&#39;%2F%3E\" data-src=\"https:\/\/wth.pl\/wp-content\/uploads\/2020\/07\/poznaj-wth-1-1-1000x600.jpg\" data-srcset=\"https:\/\/wth.pl\/wp-content\/uploads\/2020\/07\/poznaj-wth-1-1-1000x600.jpg 1000w, https:\/\/wth.pl\/wp-content\/uploads\/2020\/07\/poznaj-wth-1-1-1979x1188.jpg 1979w\" loading=\"eager\" sizes=\"(max-width: 1000px) 100vw, 1000px\" width=\"1000\" height=\"600\"  data-dt-location=\"https:\/\/wth.pl\/de\/poznaj-wth-1-1\/\" style=\"--ratio: 1000 \/ 600;\" alt=\"\" \/><\/div><\/div><\/div><div id=\"ultimate-heading-677669d4b5f07b7bf\" class=\"uvc-heading ult-adjust-bottom-margin ultimate-heading-677669d4b5f07b7bf uvc-1769 \" data-hspacer=\"no_spacer\"  data-halign=\"left\" style=\"text-align:left\"><div class=\"uvc-heading-spacer no_spacer\" style=\"top\"><\/div><div class=\"uvc-main-heading ult-responsive\"  data-ultimate-target='.uvc-heading.ultimate-heading-677669d4b5f07b7bf h1'  data-responsive-json-new='{\"font-size\":\"desktop:45px;mobile_landscape:34px;\",\"line-height\":\"desktop:60px;mobile_landscape:46px;\"}' ><h1 style=\"font-family:&#039;Roboto&#039;;font-weight:700;color:#333333;margin-bottom:30px;\">Beglaubigte \u00dcbersetzung<\/h1><\/div><\/div>[vc_column_text css=&#8220;&#8220;]Wir bieten die beglaubigte \u00dcbersetzung an. Unsere Agentur arbeitet mit den erfahrenen vereidigten Dolmetschern\/\u00dcbersetzern zusammen, haupts\u00e4chlich f\u00fcr die deutsche und englische Sprache.<\/p>\n<p>Wir k\u00f6nnen Ihnen folgendes anbieten:<\/p>\n<h3 class=\"na1g\">Beglaubigte \u00dcbersetzung<\/h3>\n<ul>\n<li>Amtliche Unterlagen und Schreiben<\/li>\n<li>Vertr\u00e4ge<\/li>\n<li>Gesellschafunterlagen<\/li>\n<li>Handels- und Transportunterlagen (Rechnungen, Bestellungen, Lieferscheine)<\/li>\n<li>Handelsschriftverkehr<\/li>\n<\/ul>\n<h3 class=\"na2g\">Eigenart der beglaubigten \u00dcbersetzung<\/h3>\n<p>Die beglaubigte \u00dcbersetzung bedarf von den \u00dcbersetzern einer Erfahrung und Kenntnisse der Problematik des polnischen und internationalen Rechts. Wir gew\u00e4hrleisten eine redliche und p\u00fcnktliche Ausf\u00fchrung der \u00dcbersetzung.<\/p>\n<p><strong>H\u00e4tten Sie Interesse an diesen Dienstleistungen, <a href=\"https:\/\/wth.pl\/de\/kontakt\/\">setzen Sie sich mit uns in Verbindung<\/a>.<\/strong>[\/vc_column_text][vc_column_text el_class=&#8220;button-text&#8220;]<\/p>\n<p style=\"text-align: left;\"><a href=\"https:\/\/wth.pl\/wp-content\/uploads\/2020\/07\/WTH_Beglaubigte_Ubersetzung.pdf\" target=\"_blank\" rel=\"noopener noreferrer\">Herunterladen<\/a> <i class=\"dt-icon-the7-arrow-07\" aria-hidden=\"true\"><\/i><\/p>\n<p>[\/vc_column_text][\/vc_column][\/vc_row]<\/p>\n<\/div>","protected":false},"excerpt":{"rendered":"<p>[vc_row][vc_column][vc_column_text css=&#8220;&#8220;]Wir bieten die beglaubigte \u00dcbersetzung an. Unsere Agentur arbeitet mit den erfahrenen vereidigten Dolmetschern\/\u00dcbersetzern zusammen, haupts\u00e4chlich f\u00fcr die deutsche und englische Sprache. Wir k\u00f6nnen Ihnen folgendes anbieten: Beglaubigte \u00dcbersetzung Amtliche Unterlagen und Schreiben Vertr\u00e4ge Gesellschafunterlagen Handels- und Transportunterlagen (Rechnungen, Bestellungen, Lieferscheine) Handelsschriftverkehr Eigenart der beglaubigten \u00dcbersetzung Die beglaubigte \u00dcbersetzung bedarf von den \u00dcbersetzern einer&hellip;<\/p>\n","protected":false},"author":1,"featured_media":0,"parent":0,"menu_order":0,"comment_status":"closed","ping_status":"closed","template":"","meta":{"footnotes":""},"class_list":["post-1858","page","type-page","status-publish","hentry","description-off"],"yoast_head":"<!-- This site is optimized with the Yoast SEO plugin v27.2 - https:\/\/yoast.com\/product\/yoast-seo-wordpress\/ -->\n<title>Beglaubigte \u00dcbersetzung &#8211; Wratislavia Translation House<\/title>\n<meta name=\"robots\" content=\"index, follow, max-snippet:-1, max-image-preview:large, max-video-preview:-1\" \/>\n<link rel=\"canonical\" href=\"https:\/\/wth.pl\/de\/beglaubigte-uebersetzung\/\" \/>\n<meta property=\"og:locale\" content=\"de_DE\" \/>\n<meta property=\"og:type\" content=\"article\" \/>\n<meta property=\"og:title\" content=\"Beglaubigte \u00dcbersetzung &#8211; Wratislavia Translation House\" \/>\n<meta property=\"og:description\" content=\"[vc_row][vc_column][vc_column_text css=&#8220;&#8220;]Wir bieten die beglaubigte \u00dcbersetzung an. Unsere Agentur arbeitet mit den erfahrenen vereidigten Dolmetschern\/\u00dcbersetzern zusammen, haupts\u00e4chlich f\u00fcr die deutsche und englische Sprache. Wir k\u00f6nnen Ihnen folgendes anbieten: Beglaubigte \u00dcbersetzung Amtliche Unterlagen und Schreiben Vertr\u00e4ge Gesellschafunterlagen Handels- und Transportunterlagen (Rechnungen, Bestellungen, Lieferscheine) Handelsschriftverkehr Eigenart der beglaubigten \u00dcbersetzung Die beglaubigte \u00dcbersetzung bedarf von den \u00dcbersetzern einer&hellip;\" \/>\n<meta property=\"og:url\" content=\"https:\/\/wth.pl\/de\/beglaubigte-uebersetzung\/\" \/>\n<meta property=\"og:site_name\" content=\"Wratislavia Translation House\" \/>\n<meta property=\"article:modified_time\" content=\"2024-11-21T13:21:03+00:00\" \/>\n<meta name=\"twitter:card\" content=\"summary_large_image\" \/>\n<meta name=\"twitter:label1\" content=\"Gesch\u00e4tzte Lesezeit\" \/>\n\t<meta name=\"twitter:data1\" content=\"1\u00a0Minute\" \/>\n<script type=\"application\/ld+json\" class=\"yoast-schema-graph\">{\"@context\":\"https:\/\/schema.org\",\"@graph\":[{\"@type\":\"WebPage\",\"@id\":\"https:\/\/wth.pl\/de\/beglaubigte-uebersetzung\/\",\"url\":\"https:\/\/wth.pl\/de\/beglaubigte-uebersetzung\/\",\"name\":\"Beglaubigte \u00dcbersetzung &#8211; Wratislavia Translation House\",\"isPartOf\":{\"@id\":\"https:\/\/wth.pl\/de\/#website\"},\"datePublished\":\"2020-07-09T00:05:31+00:00\",\"dateModified\":\"2024-11-21T13:21:03+00:00\",\"breadcrumb\":{\"@id\":\"https:\/\/wth.pl\/de\/beglaubigte-uebersetzung\/#breadcrumb\"},\"inLanguage\":\"de\",\"potentialAction\":[{\"@type\":\"ReadAction\",\"target\":[\"https:\/\/wth.pl\/de\/beglaubigte-uebersetzung\/\"]}]},{\"@type\":\"BreadcrumbList\",\"@id\":\"https:\/\/wth.pl\/de\/beglaubigte-uebersetzung\/#breadcrumb\",\"itemListElement\":[{\"@type\":\"ListItem\",\"position\":1,\"name\":\"Strona g\u0142\u00f3wna\",\"item\":\"https:\/\/wth.pl\/de\/\"},{\"@type\":\"ListItem\",\"position\":2,\"name\":\"Beglaubigte \u00dcbersetzung\"}]},{\"@type\":\"WebSite\",\"@id\":\"https:\/\/wth.pl\/de\/#website\",\"url\":\"https:\/\/wth.pl\/de\/\",\"name\":\"Wratislavia Translation House\",\"description\":\"Professionelles \u00dcbersetzungsb\u00fcro in Breslau\",\"potentialAction\":[{\"@type\":\"SearchAction\",\"target\":{\"@type\":\"EntryPoint\",\"urlTemplate\":\"https:\/\/wth.pl\/de\/?s={search_term_string}\"},\"query-input\":{\"@type\":\"PropertyValueSpecification\",\"valueRequired\":true,\"valueName\":\"search_term_string\"}}],\"inLanguage\":\"de\"}]}<\/script>\n<!-- \/ Yoast SEO plugin. -->","yoast_head_json":{"title":"Beglaubigte \u00dcbersetzung &#8211; Wratislavia Translation House","robots":{"index":"index","follow":"follow","max-snippet":"max-snippet:-1","max-image-preview":"max-image-preview:large","max-video-preview":"max-video-preview:-1"},"canonical":"https:\/\/wth.pl\/de\/beglaubigte-uebersetzung\/","og_locale":"de_DE","og_type":"article","og_title":"Beglaubigte \u00dcbersetzung &#8211; Wratislavia Translation House","og_description":"[vc_row][vc_column][vc_column_text css=&#8220;&#8220;]Wir bieten die beglaubigte \u00dcbersetzung an. Unsere Agentur arbeitet mit den erfahrenen vereidigten Dolmetschern\/\u00dcbersetzern zusammen, haupts\u00e4chlich f\u00fcr die deutsche und englische Sprache. Wir k\u00f6nnen Ihnen folgendes anbieten: Beglaubigte \u00dcbersetzung Amtliche Unterlagen und Schreiben Vertr\u00e4ge Gesellschafunterlagen Handels- und Transportunterlagen (Rechnungen, Bestellungen, Lieferscheine) Handelsschriftverkehr Eigenart der beglaubigten \u00dcbersetzung Die beglaubigte \u00dcbersetzung bedarf von den \u00dcbersetzern einer&hellip;","og_url":"https:\/\/wth.pl\/de\/beglaubigte-uebersetzung\/","og_site_name":"Wratislavia Translation House","article_modified_time":"2024-11-21T13:21:03+00:00","twitter_card":"summary_large_image","twitter_misc":{"Gesch\u00e4tzte Lesezeit":"1\u00a0Minute"},"schema":{"@context":"https:\/\/schema.org","@graph":[{"@type":"WebPage","@id":"https:\/\/wth.pl\/de\/beglaubigte-uebersetzung\/","url":"https:\/\/wth.pl\/de\/beglaubigte-uebersetzung\/","name":"Beglaubigte \u00dcbersetzung &#8211; Wratislavia Translation House","isPartOf":{"@id":"https:\/\/wth.pl\/de\/#website"},"datePublished":"2020-07-09T00:05:31+00:00","dateModified":"2024-11-21T13:21:03+00:00","breadcrumb":{"@id":"https:\/\/wth.pl\/de\/beglaubigte-uebersetzung\/#breadcrumb"},"inLanguage":"de","potentialAction":[{"@type":"ReadAction","target":["https:\/\/wth.pl\/de\/beglaubigte-uebersetzung\/"]}]},{"@type":"BreadcrumbList","@id":"https:\/\/wth.pl\/de\/beglaubigte-uebersetzung\/#breadcrumb","itemListElement":[{"@type":"ListItem","position":1,"name":"Strona g\u0142\u00f3wna","item":"https:\/\/wth.pl\/de\/"},{"@type":"ListItem","position":2,"name":"Beglaubigte \u00dcbersetzung"}]},{"@type":"WebSite","@id":"https:\/\/wth.pl\/de\/#website","url":"https:\/\/wth.pl\/de\/","name":"Wratislavia Translation House","description":"Professionelles \u00dcbersetzungsb\u00fcro in Breslau","potentialAction":[{"@type":"SearchAction","target":{"@type":"EntryPoint","urlTemplate":"https:\/\/wth.pl\/de\/?s={search_term_string}"},"query-input":{"@type":"PropertyValueSpecification","valueRequired":true,"valueName":"search_term_string"}}],"inLanguage":"de"}]}},"_links":{"self":[{"href":"https:\/\/wth.pl\/de\/wp-json\/wp\/v2\/pages\/1858","targetHints":{"allow":["GET"]}}],"collection":[{"href":"https:\/\/wth.pl\/de\/wp-json\/wp\/v2\/pages"}],"about":[{"href":"https:\/\/wth.pl\/de\/wp-json\/wp\/v2\/types\/page"}],"author":[{"embeddable":true,"href":"https:\/\/wth.pl\/de\/wp-json\/wp\/v2\/users\/1"}],"replies":[{"embeddable":true,"href":"https:\/\/wth.pl\/de\/wp-json\/wp\/v2\/comments?post=1858"}],"version-history":[{"count":5,"href":"https:\/\/wth.pl\/de\/wp-json\/wp\/v2\/pages\/1858\/revisions"}],"predecessor-version":[{"id":3440,"href":"https:\/\/wth.pl\/de\/wp-json\/wp\/v2\/pages\/1858\/revisions\/3440"}],"wp:attachment":[{"href":"https:\/\/wth.pl\/de\/wp-json\/wp\/v2\/media?parent=1858"}],"curies":[{"name":"wp","href":"https:\/\/api.w.org\/{rel}","templated":true}]}}