{"id":1868,"date":"2020-07-09T02:13:15","date_gmt":"2020-07-09T00:13:15","guid":{"rendered":"https:\/\/wth.pl\/deutsch\/"},"modified":"2026-03-26T15:17:35","modified_gmt":"2026-03-26T14:17:35","slug":"deutsch","status":"publish","type":"page","link":"https:\/\/wth.pl\/de\/deutsch\/","title":{"rendered":"Deutsch"},"content":{"rendered":"<div class=\"wpb-content-wrapper\"><p>[vc_row][vc_column]<style type=\"text\/css\" data-type=\"the7_shortcodes-inline-css\">.shortcode-single-image-wrap.shortcode-single-image-713524b9a4f962937a7b89e7776e71c3.enable-bg-rollover .rollover i,\n.shortcode-single-image-wrap.shortcode-single-image-713524b9a4f962937a7b89e7776e71c3.enable-bg-rollover .rollover-video i {\n  background: -webkit-linear-gradient();\n  background: linear-gradient();\n}\n.shortcode-single-image-wrap.shortcode-single-image-713524b9a4f962937a7b89e7776e71c3 .rollover-icon {\n  font-size: 32px;\n  color: #ffffff;\n  min-width: 44px;\n  min-height: 44px;\n  line-height: 44px;\n  border-radius: 100px;\n  border-style: solid;\n  border-width: 0px;\n}\n.dt-icon-bg-on.shortcode-single-image-wrap.shortcode-single-image-713524b9a4f962937a7b89e7776e71c3 .rollover-icon {\n  background: rgba(255,255,255,0.3);\n  box-shadow: none;\n}<\/style><div class=\"shortcode-single-image-wrap shortcode-single-image-713524b9a4f962937a7b89e7776e71c3 alignnone  vc_custom_1594131917564 enable-bg-rollover dt-icon-bg-off\" ><div class=\"shortcode-single-image\"><div class=\"fancy-media-wrap  layzr-bg\" style=\"\"><img fetchpriority=\"high\" decoding=\"async\" class=\"preload-me lazy-load aspect\" src=\"data:image\/svg+xml,%3Csvg%20xmlns%3D&#39;http%3A%2F%2Fwww.w3.org%2F2000%2Fsvg&#39;%20viewBox%3D&#39;0%200%201000%20600&#39;%2F%3E\" data-src=\"https:\/\/wth.pl\/wp-content\/uploads\/2020\/07\/wth-15-1-1000x600.jpg\" data-srcset=\"https:\/\/wth.pl\/wp-content\/uploads\/2020\/07\/wth-15-1-1000x600.jpg 1000w, https:\/\/wth.pl\/wp-content\/uploads\/2020\/07\/wth-15-1-1979x1188.jpg 1979w\" loading=\"eager\" sizes=\"(max-width: 1000px) 100vw, 1000px\" width=\"1000\" height=\"600\"  data-dt-location=\"https:\/\/wth.pl\/de\/wth-15-1\/\" style=\"--ratio: 1000 \/ 600;\" alt=\"\" \/><\/div><\/div><\/div><div id=\"ultimate-heading-525969e4f6f731585\" class=\"uvc-heading ult-adjust-bottom-margin ultimate-heading-525969e4f6f731585 uvc-9761 \" data-hspacer=\"no_spacer\"  data-halign=\"left\" style=\"text-align:left\"><div class=\"uvc-heading-spacer no_spacer\" style=\"top\"><\/div><div class=\"uvc-main-heading ult-responsive\"  data-ultimate-target='.uvc-heading.ultimate-heading-525969e4f6f731585 h1'  data-responsive-json-new='{\"font-size\":\"desktop:45px;mobile_landscape:34px;\",\"line-height\":\"desktop:60px;mobile_landscape:46px;\"}' ><h1 style=\"font-family:&#039;Roboto&#039;;font-weight:700;color:#333333;margin-bottom:30px;\">Beglaubigte \u00dcbersetzungen ins Deutsche \u2013 Professionelle \u00dcbersetzungen f\u00fcr Unternehmen<\/h1><\/div><\/div>[vc_column_text css=&#8220;&#8220;]<\/p>\n<h2>U\u0308bersetzungen aus dem Deutschen ins Polnische sowie aus dem Polnischen ins Deutsche geho\u0308ren zu unserer Hauptspezialisierungen.<\/h2>\n<p>Wir bieten \u00dcbersetzungen ins und aus dem Deutschen f\u00fcr die Bereiche Wirtschaft, Recht, Finanzen, IT und E-Commerce. Unsere \u00dcbersetzungen werden von professionellen \u00dcbersetzern mit langj\u00e4hriger Erfahrung erstellt.<\/p>\n<p>Deutsch geho\u0308rt der germanischen Sprachfamilie an. Fu\u0308r ca. 105 Millionen Menschen ist es die Muttersprache und zusa\u0308tzlich 18 Mio. benutzen es als Fremdsprache. Die deutsche Sprache nimmt den 10. Platz unter den am ha\u0308ufigsten gesprochenen Sprachen weltweit. Aufgrund von engen Gescha\u0308ftskontakten zwischen deutschen und polnischen Unternehmen, fertigt unsere Agentur besonders ha\u0308ufig U\u0308bersetzungen fu\u0308r das Sprachenpaar deutsch und polnisch an.<\/p>\n<p>Seit tausend Jahren ist Deutschland unser engster Nachbar, Handelspartner, zeitweise Rivale und manchmal Inspirationsquelle. Heute ist es vor allem einer der wichtigsten M\u00e4rkte f\u00fcr polnische Unternehmer. Deshalb bieten wir <strong>beglaubigte \u00dcbersetzungen ins und aus dem Deutschen<\/strong> f\u00fcr Unternehmen an, die Wert auf Pr\u00e4zision, P\u00fcnktlichkeit und die vollst\u00e4ndige Einhaltung branchenspezifischer Standards legen.<\/p>\n<h2>Beglaubigte \u00dcbersetzungen ins Deutsche \u2013 Texte aus den Bereichen Wirtschaft, Recht, Finanzen und IT<\/h2>\n<p>Beglaubigte \u00dcbersetzungen ins Deutsche \u2013 wir erstellen professionelle \u00dcbersetzungen ins Deutsche und aus dem Deutschen f\u00fcr Unternehmen. Unsere \u00dcbersetzungen unterst\u00fctzen Unternehmen beim Markteintritt in der DACH-Region (Deutschland, \u00d6sterreich und Schweiz). Wir \u00fcbersetzen Texte aus folgenden Bereichen:<\/p>\n<ul>\n<li>Wirtschaft,<\/li>\n<li>Marketing,<\/li>\n<li>Recht,<\/li>\n<li>Finanzen,<\/li>\n<li>Technik,<\/li>\n<li>IT und E-Commerce (Handb\u00fccher, Produktbeschreibungen, AGB, Datenschutzrichtlinien).<\/li>\n<\/ul>\n<p>Wir legen Wert auf Klarheit und Stil. Polnisch und Deutsch weisen in vielen F\u00e4llen am\u00fcsante und zugleich \u00fcberraschende \u00c4hnlichkeiten auf, wie beispielsweise das bekannte Wort \u201eder Tresor\u201c, das zwar \u201eTresor\u201c bedeutet, aber wie der Name einer Rockband klingt. Dieses Bewusstsein hilft uns, Fehler zu vermeiden und eine nat\u00fcrliche \u00dcbersetzung zu gew\u00e4hrleisten.<\/p>\n<h2>Beglaubigte \u00dcbersetzungen ins Deutsche \u2013 zuverl\u00e4ssig und branchenspezifisch<\/h2>\n<p>Wir \u00fcbersetzen aus dem Deutschen mit gro\u00dfem Augenmerk auf den kulturellen Kontext. Obwohl beide Sprachen zur indogermanischen Sprachfamilie geh\u00f6ren, unterscheiden sie sich in Rhythmus und Satzstruktur. Unsere Arbeit wird dadurch erleichtert, dass sich viele deutsche W\u00f6rter im Polnischen etabliert haben: <strong>budzik, szafrok, sznytka, lufcik<\/strong> und sogar <strong>brytfanna<\/strong>.<\/p>\n<p>Dies gew\u00e4hrleistet fl\u00fcssige \u00dcbersetzungen, die f\u00fcr polnische Leser verst\u00e4ndlich und nat\u00fcrlich klingen.<\/p>\n<h2>Beglaubigte \u00dcbersetzungen ins Deutsche f\u00fcr Unternehmen<\/h2>\n<p>Wir bieten beglaubigte \u00dcbersetzungen von:<\/p>\n<ul>\n<li>Vertr\u00e4gen,<\/li>\n<li>Finanzberichten,<\/li>\n<li>Registrierungsdokumenten,<\/li>\n<li>Zertifikaten,<\/li>\n<li>Ausschreibungs- und Gerichtsdokumenten.<\/li>\n<\/ul>\n<p>Ein beeidigter \u00dcbersetzer garantiert die vollst\u00e4ndige Einhaltung der rechtlichen Bestimmungen und h\u00f6chste Qualit\u00e4tsstandards. Wir erstellen Dokumente schnell, aber stets mit gr\u00f6\u00dfter Sorgfalt.<\/p>\n<h3>Polen und Deutschland \u2013 eine gemeinsame, oft schwierige Geschichte<\/h3>\n<p>Die Geschichte unserer L\u00e4nder war turbulent, doch es gab auch Momente, die Br\u00fccken statt Mauern bauten. Diese Momente sind es wert, in Erinnerung gerufen zu werden, denn \u00dcbersetzungen entstehen immer im Spannungsfeld verschiedener Kulturen, nicht im luftleeren Raum.<\/p>\n<h3>Gemeinsame Aspekte, die wir gerne mit unseren Kunden teilen:<\/h3>\n<ul>\n<li><strong>Gew\u00e4hlte K\u00f6nige deutscher Abstammung <\/strong><strong>in Polen<\/strong>, darunter <a href=\"https:\/\/de.wikipedia.org\/wiki\/August_der_Starke\">August II. der Starke<\/a> und <a href=\"https:\/\/de.wikipedia.org\/wiki\/August_III.\">August III.<\/a>, pr\u00e4gten die polnische Kultur und Kunst \u00fcber Jahre hinweg.<\/li>\n<li><strong>Polnische Prinzessinnen heirateten deutsche Prinzen<\/strong> und st\u00e4rkten so die politischen und wirtschaftlichen Beziehungen.<\/li>\n<li><strong><a href=\"https:\/\/de.wikipedia.org\/wiki\/Johann_Wolfgang_von_Goethe\">Goethe<\/a> korrespondierte mit polnischen Romantikern<\/strong>, und sein Werk inspirierte unter anderem Mickiewicz.<\/li>\n<li><strong><a href=\"https:\/\/de.wikipedia.org\/wiki\/Nikolaus_Kopernikus\">Nikolaus Kopernikus<\/a><\/strong> \u2013 bis heute sind beide Seiten der Grenze stolz auf diesen genialen Astronomen.<\/li>\n<li><strong><a href=\"https:\/\/de.wikipedia.org\/wiki\/Rammstein\">Rammstein<\/a><\/strong>, zweifellos die bekannteste deutsche Band in Polen, zieht Scharen von Fans an die Weichsel und verbindet Generationen.<\/li>\n<\/ul>\n<p>Man sollte auch die Millionen z\u00e4hlende polnische Gemeinschaft in Deutschland und die wachsende Zahl deutsch-polnischer Ehen nicht vergessen. Obwohl Populisten beiderseits der Grenze versuchen, die Bev\u00f6lkerung zu spalten, zeigt der Alltag ein ganz anderes Bild: Die wirtschaftliche, bildungsbezogene und soziale Zusammenarbeit floriert und w\u00e4chst stetig!<\/p>\n<h2>Warum mit uns zusammenarbeiten?<\/h2>\n<p><strong>Kurz gesagt: Weil wir Sprache und Kultur vereinen.<\/strong><\/p>\n<ul>\n<li>Wir arbeiten mit Experten \u2013 Muttersprachlern.<\/li>\n<li>Wir verstehen kulturelle Unterschiede und branchenspezifische Besonderheiten.<\/li>\n<li>Wir erstellen nat\u00fcrliche, fl\u00fcssige und zuverl\u00e4ssige \u00dcbersetzungen.<\/li>\n<li>Wir betreuen Unternehmen jeder Gr\u00f6\u00dfe \u2013 von Startups bis hin zu Konzernen.<\/li>\n<li>Wir legen Wert auf Zuverl\u00e4ssigkeit, Stil und Lesbarkeit.<\/li>\n<\/ul>\n<p>Und wir glauben, dass Sprache nicht nur ein Werkzeug, sondern auch eine Br\u00fccke zwischen Menschen, Geschichten und M\u00e4rkten ist.<\/p>\n<p>Wir fertigen fu\u0308r Sie gemeinsprachliche sowie fachliche U\u0308bersetzungen aus verschiedenen Themenbereichen. Die Branchenauflistung finden Sie in der Maske <a href=\"https:\/\/wth.pl\/de\/branchen\/\">Branchen<\/a>.<\/p>\n<h2>Kontaktieren Sie uns<\/h2>\n<p>Wenn Sie eine \u00dcbersetzung ins Deutsche, eine \u00dcbersetzung aus dem Deutschen oder beglaubigte Deutsch-Polnische \u00dcbersetzungen ben\u00f6tigen, helfen wir Ihnen gerne. Wir beraten Sie, erstellen Ihnen ein Angebot und fertigen Dokumente genau nach Ihren Bed\u00fcrfnissen an.[\/vc_column_text][\/vc_column][\/vc_row]<\/p>\n<\/div>","protected":false},"excerpt":{"rendered":"<p>[vc_row][vc_column][vc_column_text css=&#8220;&#8220;] U\u0308bersetzungen aus dem Deutschen ins Polnische sowie aus dem Polnischen ins Deutsche geho\u0308ren zu unserer Hauptspezialisierungen. Wir bieten \u00dcbersetzungen ins und aus dem Deutschen f\u00fcr die Bereiche Wirtschaft, Recht, Finanzen, IT und E-Commerce. Unsere \u00dcbersetzungen werden von professionellen \u00dcbersetzern mit langj\u00e4hriger Erfahrung erstellt. Deutsch geho\u0308rt der germanischen Sprachfamilie an. Fu\u0308r ca. 105 Millionen&hellip;<\/p>\n","protected":false},"author":1,"featured_media":0,"parent":0,"menu_order":0,"comment_status":"closed","ping_status":"closed","template":"","meta":{"footnotes":""},"class_list":["post-1868","page","type-page","status-publish","hentry","description-off"],"yoast_head":"<!-- This site is optimized with the Yoast SEO plugin v27.2 - https:\/\/yoast.com\/product\/yoast-seo-wordpress\/ -->\n<title>Deutsch &#8211; Wratislavia Translation House<\/title>\n<meta name=\"description\" content=\"Wir bieten \u00dcbersetzungen ins und aus dem Deutschen f\u00fcr die Bereiche Wirtschaft, Recht, Finanzen, IT und E-Commerce. Beglaubigte \u00dcbersetzungen ins Deutsche \u2013 Professionelle \u00dcbersetzungen f\u00fcr Unternehmen\" \/>\n<meta name=\"robots\" content=\"index, follow, max-snippet:-1, max-image-preview:large, max-video-preview:-1\" \/>\n<link rel=\"canonical\" href=\"https:\/\/wth.pl\/de\/deutsch\/\" \/>\n<meta property=\"og:locale\" content=\"de_DE\" \/>\n<meta property=\"og:type\" content=\"article\" \/>\n<meta property=\"og:title\" content=\"Deutsch &#8211; Wratislavia Translation House\" \/>\n<meta property=\"og:description\" content=\"Wir bieten \u00dcbersetzungen ins und aus dem Deutschen f\u00fcr die Bereiche Wirtschaft, Recht, Finanzen, IT und E-Commerce. Beglaubigte \u00dcbersetzungen ins Deutsche \u2013 Professionelle \u00dcbersetzungen f\u00fcr Unternehmen\" \/>\n<meta property=\"og:url\" content=\"https:\/\/wth.pl\/de\/deutsch\/\" \/>\n<meta property=\"og:site_name\" content=\"Wratislavia Translation House\" \/>\n<meta property=\"article:modified_time\" content=\"2026-03-26T14:17:35+00:00\" \/>\n<meta name=\"twitter:card\" content=\"summary_large_image\" \/>\n<meta name=\"twitter:label1\" content=\"Gesch\u00e4tzte Lesezeit\" \/>\n\t<meta name=\"twitter:data1\" content=\"5\u00a0Minuten\" \/>\n<script type=\"application\/ld+json\" class=\"yoast-schema-graph\">{\"@context\":\"https:\/\/schema.org\",\"@graph\":[{\"@type\":\"WebPage\",\"@id\":\"https:\/\/wth.pl\/de\/deutsch\/\",\"url\":\"https:\/\/wth.pl\/de\/deutsch\/\",\"name\":\"Deutsch &#8211; Wratislavia Translation House\",\"isPartOf\":{\"@id\":\"https:\/\/wth.pl\/de\/#website\"},\"datePublished\":\"2020-07-09T00:13:15+00:00\",\"dateModified\":\"2026-03-26T14:17:35+00:00\",\"description\":\"Wir bieten \u00dcbersetzungen ins und aus dem Deutschen f\u00fcr die Bereiche Wirtschaft, Recht, Finanzen, IT und E-Commerce. Beglaubigte \u00dcbersetzungen ins Deutsche \u2013 Professionelle \u00dcbersetzungen f\u00fcr Unternehmen\",\"breadcrumb\":{\"@id\":\"https:\/\/wth.pl\/de\/deutsch\/#breadcrumb\"},\"inLanguage\":\"de\",\"potentialAction\":[{\"@type\":\"ReadAction\",\"target\":[\"https:\/\/wth.pl\/de\/deutsch\/\"]}]},{\"@type\":\"BreadcrumbList\",\"@id\":\"https:\/\/wth.pl\/de\/deutsch\/#breadcrumb\",\"itemListElement\":[{\"@type\":\"ListItem\",\"position\":1,\"name\":\"Strona g\u0142\u00f3wna\",\"item\":\"https:\/\/wth.pl\/de\/\"},{\"@type\":\"ListItem\",\"position\":2,\"name\":\"Deutsch\"}]},{\"@type\":\"WebSite\",\"@id\":\"https:\/\/wth.pl\/de\/#website\",\"url\":\"https:\/\/wth.pl\/de\/\",\"name\":\"Wratislavia Translation House\",\"description\":\"Professionelles \u00dcbersetzungsb\u00fcro in Breslau\",\"potentialAction\":[{\"@type\":\"SearchAction\",\"target\":{\"@type\":\"EntryPoint\",\"urlTemplate\":\"https:\/\/wth.pl\/de\/?s={search_term_string}\"},\"query-input\":{\"@type\":\"PropertyValueSpecification\",\"valueRequired\":true,\"valueName\":\"search_term_string\"}}],\"inLanguage\":\"de\"}]}<\/script>\n<!-- \/ Yoast SEO plugin. -->","yoast_head_json":{"title":"Deutsch &#8211; Wratislavia Translation House","description":"Wir bieten \u00dcbersetzungen ins und aus dem Deutschen f\u00fcr die Bereiche Wirtschaft, Recht, Finanzen, IT und E-Commerce. Beglaubigte \u00dcbersetzungen ins Deutsche \u2013 Professionelle \u00dcbersetzungen f\u00fcr Unternehmen","robots":{"index":"index","follow":"follow","max-snippet":"max-snippet:-1","max-image-preview":"max-image-preview:large","max-video-preview":"max-video-preview:-1"},"canonical":"https:\/\/wth.pl\/de\/deutsch\/","og_locale":"de_DE","og_type":"article","og_title":"Deutsch &#8211; Wratislavia Translation House","og_description":"Wir bieten \u00dcbersetzungen ins und aus dem Deutschen f\u00fcr die Bereiche Wirtschaft, Recht, Finanzen, IT und E-Commerce. Beglaubigte \u00dcbersetzungen ins Deutsche \u2013 Professionelle \u00dcbersetzungen f\u00fcr Unternehmen","og_url":"https:\/\/wth.pl\/de\/deutsch\/","og_site_name":"Wratislavia Translation House","article_modified_time":"2026-03-26T14:17:35+00:00","twitter_card":"summary_large_image","twitter_misc":{"Gesch\u00e4tzte Lesezeit":"5\u00a0Minuten"},"schema":{"@context":"https:\/\/schema.org","@graph":[{"@type":"WebPage","@id":"https:\/\/wth.pl\/de\/deutsch\/","url":"https:\/\/wth.pl\/de\/deutsch\/","name":"Deutsch &#8211; Wratislavia Translation House","isPartOf":{"@id":"https:\/\/wth.pl\/de\/#website"},"datePublished":"2020-07-09T00:13:15+00:00","dateModified":"2026-03-26T14:17:35+00:00","description":"Wir bieten \u00dcbersetzungen ins und aus dem Deutschen f\u00fcr die Bereiche Wirtschaft, Recht, Finanzen, IT und E-Commerce. Beglaubigte \u00dcbersetzungen ins Deutsche \u2013 Professionelle \u00dcbersetzungen f\u00fcr Unternehmen","breadcrumb":{"@id":"https:\/\/wth.pl\/de\/deutsch\/#breadcrumb"},"inLanguage":"de","potentialAction":[{"@type":"ReadAction","target":["https:\/\/wth.pl\/de\/deutsch\/"]}]},{"@type":"BreadcrumbList","@id":"https:\/\/wth.pl\/de\/deutsch\/#breadcrumb","itemListElement":[{"@type":"ListItem","position":1,"name":"Strona g\u0142\u00f3wna","item":"https:\/\/wth.pl\/de\/"},{"@type":"ListItem","position":2,"name":"Deutsch"}]},{"@type":"WebSite","@id":"https:\/\/wth.pl\/de\/#website","url":"https:\/\/wth.pl\/de\/","name":"Wratislavia Translation House","description":"Professionelles \u00dcbersetzungsb\u00fcro in Breslau","potentialAction":[{"@type":"SearchAction","target":{"@type":"EntryPoint","urlTemplate":"https:\/\/wth.pl\/de\/?s={search_term_string}"},"query-input":{"@type":"PropertyValueSpecification","valueRequired":true,"valueName":"search_term_string"}}],"inLanguage":"de"}]}},"_links":{"self":[{"href":"https:\/\/wth.pl\/de\/wp-json\/wp\/v2\/pages\/1868","targetHints":{"allow":["GET"]}}],"collection":[{"href":"https:\/\/wth.pl\/de\/wp-json\/wp\/v2\/pages"}],"about":[{"href":"https:\/\/wth.pl\/de\/wp-json\/wp\/v2\/types\/page"}],"author":[{"embeddable":true,"href":"https:\/\/wth.pl\/de\/wp-json\/wp\/v2\/users\/1"}],"replies":[{"embeddable":true,"href":"https:\/\/wth.pl\/de\/wp-json\/wp\/v2\/comments?post=1868"}],"version-history":[{"count":9,"href":"https:\/\/wth.pl\/de\/wp-json\/wp\/v2\/pages\/1868\/revisions"}],"predecessor-version":[{"id":4277,"href":"https:\/\/wth.pl\/de\/wp-json\/wp\/v2\/pages\/1868\/revisions\/4277"}],"wp:attachment":[{"href":"https:\/\/wth.pl\/de\/wp-json\/wp\/v2\/media?parent=1868"}],"curies":[{"name":"wp","href":"https:\/\/api.w.org\/{rel}","templated":true}]}}