{"id":1980,"date":"2020-07-09T13:45:17","date_gmt":"2020-07-09T11:45:17","guid":{"rendered":"https:\/\/wth.pl\/kontakt\/"},"modified":"2025-11-06T09:47:30","modified_gmt":"2025-11-06T08:47:30","slug":"kontakt","status":"publish","type":"page","link":"https:\/\/wth.pl\/de\/kontakt\/","title":{"rendered":"Kontakt"},"content":{"rendered":"<div class=\"wpb-content-wrapper\"><p>[vc_row gap=&#8220;20&#8243; bg_type=&#8220;image&#8220; parallax_style=&#8220;vcpb-default&#8220; bg_image_new=&#8220;id^879|url^https:\/\/wth.pl\/wp-content\/uploads\/2020\/07\/bg-section-1.jpg|caption^null|alt^null|title^bg-section-1|description^null&#8220; bg_override=&#8220;ex-full&#8220; css=&#8220;.vc_custom_1617091503296{padding-bottom: 40px !important;}&#8220;][vc_column css_animation=&#8220;zoomInUp&#8220;]<div id=\"ultimate-heading-366169d4b6e19f019\" class=\"uvc-heading ult-adjust-bottom-margin ultimate-heading-366169d4b6e19f019 uvc-5285 header-custom\" data-hspacer=\"no_spacer\"  data-halign=\"left\" style=\"text-align:left\"><div class=\"uvc-heading-spacer no_spacer\" style=\"top\"><\/div><div class=\"uvc-main-heading ult-responsive\"  data-ultimate-target='.uvc-heading.ultimate-heading-366169d4b6e19f019 h2'  data-responsive-json-new='{\"font-size\":\"desktop:16px;mobile_landscape:13px;\",\"line-height\":\"desktop:26px;mobile_landscape:22px;\"}' ><h2 style=\"font-family:&#039;Roboto&#039;;font-weight:500;color:#c2d501;margin-bottom:15px;\">Kontaktiere uns<\/h2><\/div><\/div><div id=\"ultimate-heading-211569d4b6e19f07a\" class=\"uvc-heading ult-adjust-bottom-margin ultimate-heading-211569d4b6e19f07a uvc-1247 \" data-hspacer=\"no_spacer\"  data-halign=\"left\" style=\"text-align:left\"><div class=\"uvc-heading-spacer no_spacer\" style=\"top\"><\/div><div class=\"uvc-main-heading ult-responsive\"  data-ultimate-target='.uvc-heading.ultimate-heading-211569d4b6e19f07a h1'  data-responsive-json-new='{\"font-size\":\"desktop:45px;mobile_landscape:34px;\",\"line-height\":\"desktop:60px;mobile_landscape:46px;\"}' ><h1 style=\"font-family:&#039;Roboto&#039;;font-weight:700;color:#333333;\">Kontaktdetails<\/h1><\/div><\/div>[\/vc_column][vc_column css_animation=&#8220;zoomInLeft&#8220; offset=&#8220;vc_col-lg-6 vc_col-md-6&#8243;][vc_column_text css=&#8220;&#8220;]<strong>\u00dcbersetzungsanfragen<\/strong><\/p>\n<p>schicken Sie bitte an <a href=\"mailto:wth@wth.pl?subject=U%CC%88bersetzungsanfrage%20aus%20der%20Webseite%20wth.pl&amp;body=Sehr%20geehrte%20Damen%2C%0A%0AHier%20sind%20die%20Angaben%20zu%20meiner%20Anfrage%3A%0AQuellsprache%3A%0AZielsprache%3A%20%20%20%20%20%20%0ABevorzugter%20Termin%3A%0AIm%20Anhang%20finden%20Sie%20die%20zu%20u%CC%88bersetzenden%20Dokumente.%0A%0AWas%20wu%CC%88rde%20diese%20U%CC%88bersetzung%20kosten%20und%20wann%20ko%CC%88nnte%20ich%20die%20u%CC%88bersetzten%20Dokumente%20bekommen%3F%0A%0AMit%20freundlichen%20Gru%CC%88ssen%2C\">wth@wth.pl<\/a><br \/>\noder f\u00fcllen Sie bitte das <a href=\"https:\/\/wth.pl\/de\/uebersetzung-bestellen\/\">Anfrageformular<\/a> aus.<\/p>\n<h4>Kontaktangaben<\/h4>\n<p>Wratislavia Translation House Sp. z o.o.<br \/>\nul. Kleci\u0144ska 182<br \/>\n54-412 Wroc\u0142aw, Polen<\/p>\n<p>e-mail: <a href=\"mailto:wth@wth.pl\">wth@wth.pl<\/a><br \/>\nTel.: <a href=\"tel:+48 503 136 415\">+48 503 136 415<\/a><\/p>\n<h4>Gesch\u00e4ftsf\u00fchrung<\/h4>\n<p>Gra\u017cyna Ficner &#8211; Vorstandsvorsitzende<br \/>\ne-mail: <a href=\"mailto:grazyna.ficner@wth.pl\">grazyna.ficner@wth.pl<\/a><br \/>\nTel.: <a href=\"tel:+48 606 672 129\">+48 606 672 129<\/a><\/p>\n<h4>Eintragungsangaben<\/h4>\n<p>Die Gesellschaft wurde in das Landesgerichtsregister des Amtgerichts f\u00fcr Wroc\u0142aw-Fabryczna in Wroc\u0142aw eingetragen (VI Wirtschaftsabteilung, KRS 0000238204); Stammkapital 105 000,00 PLN; USt-IdNr.: 894-28-33-537; REGON-Nr.: 020096177[\/vc_column_text][vc_column_text css=&#8220;.vc_custom_1593704768475{margin-bottom: 15px !important;}&#8220;]Die Anfragen bez\u00fcglich \u00dcbersetzung k\u00f6nnen Sie mit Hilfe des unten angegebenen Formulars senden. F\u00fcllen Sie die erforderlichen Felder aus und schicken Sie das Formular ab. Wir setzen uns mit Ihnen in Verbindung, um Ausf\u00fchrungstermin und \u00dcbersetzungspreis zu vereinbaren.<\/p>\n<p>Sie k\u00f6nnen Ihre Anfrage auch per E-Mail an wth@wth.pl senden.[\/vc_column_text][\/vc_column][vc_column css_animation=&#8220;zoomInRight&#8220; offset=&#8220;vc_col-lg-6 vc_col-md-6&#8243;]<div class=\"ult-content-box-container custom-box\" >\t<a class=\"ult-content-box-anchor\" >\t\t<div class=\"ult-content-box\" style=\"background-color:#ffffff;box-shadow: 0px 2px 60px 0px rgba(0,0,0,0.1) ;padding-top:40px;padding-right:40px;padding-bottom:40px;padding-left:40px;-webkit-transition: all 700ms ease;-moz-transition: all 700ms ease;-ms-transition: all 700ms ease;-o-transition: all 700ms ease;transition: all 700ms ease;\"  data-hover_bg_color=\"#ffffff\"  data-hover_box_shadow=\" 0px 2px 60px 0px rgba(0,0,0,0.1) \"     data-bg=\"#ffffff\" ><div id=\"ultimate-heading-18969d4b6e19f13a\" class=\"uvc-heading ult-adjust-bottom-margin ultimate-heading-18969d4b6e19f13a uvc-2623 \" data-hspacer=\"no_spacer\"  data-halign=\"left\" style=\"text-align:left\"><div class=\"uvc-heading-spacer no_spacer\" style=\"top\"><\/div><div class=\"uvc-main-heading ult-responsive\"  data-ultimate-target='.uvc-heading.ultimate-heading-18969d4b6e19f13a h4'  data-responsive-json-new='{\"font-size\":\"desktop:30px;\",\"line-height\":\"desktop:40px;\"}' ><h4 style=\"font-family:&#039;Roboto&#039;;font-weight:700;color:#333333;margin-bottom:20px;\">\u00dcbersetzung bestellen<\/h4><\/div><\/div>\n<div class=\"wpcf7 no-js\" id=\"wpcf7-f2003-o1\" lang=\"pl-PL\" dir=\"ltr\" data-wpcf7-id=\"2003\">\n<div class=\"screen-reader-response\"><p role=\"status\" aria-live=\"polite\" aria-atomic=\"true\"><\/p> <ul><\/ul><\/div>\n<form action=\"\/de\/wp-json\/wp\/v2\/pages\/1980#wpcf7-f2003-o1\" method=\"post\" class=\"wpcf7-form init wpcf7-acceptance-as-validation\" aria-label=\"Formularz kontaktowy\" enctype=\"multipart\/form-data\" novalidate=\"novalidate\" data-status=\"init\">\n<fieldset class=\"hidden-fields-container\"><input type=\"hidden\" name=\"_wpcf7\" value=\"2003\" \/><input type=\"hidden\" name=\"_wpcf7_version\" value=\"6.1.5\" \/><input type=\"hidden\" name=\"_wpcf7_locale\" value=\"pl_PL\" \/><input type=\"hidden\" name=\"_wpcf7_unit_tag\" value=\"wpcf7-f2003-o1\" \/><input type=\"hidden\" name=\"_wpcf7_container_post\" value=\"0\" \/><input type=\"hidden\" name=\"_wpcf7_posted_data_hash\" value=\"\" \/><input type=\"hidden\" name=\"_wpcf7_recaptcha_response\" value=\"\" \/>\n<\/fieldset>\n<h4 class=\"custom-form-heading\">Personalangaben\n<\/h4>\n<div class=\"vc_row custom-form-row\">\n\t<div class=\"vc_col-sm-6 custom-form\">\n\t\t<p><span class=\"custom-label\">Vorname*<\/span><span class=\"wpcf7-form-control-wrap\" data-name=\"customer-name\"><input size=\"40\" maxlength=\"400\" class=\"wpcf7-form-control wpcf7-text wpcf7-validates-as-required\" aria-required=\"true\" aria-invalid=\"false\" value=\"\" type=\"text\" name=\"customer-name\" \/><\/span>\n\t\t<\/p>\n\t<\/div>\n\t<div class=\"vc_col-sm-6 custom-form\">\n\t\t<p><span class=\"custom-label\">Nachname<\/span><span class=\"wpcf7-form-control-wrap\" data-name=\"customer-surname\"><input size=\"40\" maxlength=\"400\" class=\"wpcf7-form-control wpcf7-text\" aria-invalid=\"false\" value=\"\" type=\"text\" name=\"customer-surname\" \/><\/span>\n\t\t<\/p>\n\t<\/div>\n<\/div>\n<div class=\"vc_row custom-form-row\">\n\t<div class=\"vc_col-sm-6 custom-form\">\n\t\t<p><span class=\"custom-label\">Adres email*<\/span><span class=\"wpcf7-form-control-wrap\" data-name=\"customer-mail\"><input size=\"40\" maxlength=\"400\" class=\"wpcf7-form-control wpcf7-email wpcf7-validates-as-required wpcf7-text wpcf7-validates-as-email\" aria-required=\"true\" aria-invalid=\"false\" value=\"\" type=\"email\" name=\"customer-mail\" \/><\/span>\n\t\t<\/p>\n\t<\/div>\n\t<div class=\"vc_col-sm-6 custom-form\">\n\t\t<p><span class=\"custom-label\">Numer telefonu<\/span><span class=\"wpcf7-form-control-wrap\" data-name=\"customer-phone\"><input size=\"40\" maxlength=\"400\" class=\"wpcf7-form-control wpcf7-tel wpcf7-text wpcf7-validates-as-tel\" aria-invalid=\"false\" value=\"\" type=\"tel\" name=\"customer-phone\" \/><\/span>\n\t\t<\/p>\n\t<\/div>\n<\/div>\n<div class=\"vc_row custom-form-row\">\n\t<div class=\"vc_col-sm-6 custom-form\">\n\t\t<p><span class=\"custom-label\">Firma<\/span><span class=\"wpcf7-form-control-wrap\" data-name=\"customer-company\"><input size=\"40\" maxlength=\"400\" class=\"wpcf7-form-control wpcf7-text\" aria-invalid=\"false\" value=\"\" type=\"text\" name=\"customer-company\" \/><\/span>\n\t\t<\/p>\n\t<\/div>\n\t<div class=\"vc_col-sm-6 custom-form\">\n\t\t<p><span class=\"custom-label\">USt.ID.Nr.<\/span><span class=\"wpcf7-form-control-wrap\" data-name=\"customer-company-number\"><input size=\"40\" maxlength=\"400\" class=\"wpcf7-form-control wpcf7-text\" aria-invalid=\"false\" value=\"\" type=\"text\" name=\"customer-company-number\" \/><\/span>\n\t\t<\/p>\n\t<\/div>\n<\/div>\n<div class=\"vc_row custom-form-row\">\n\t<div class=\"vc_col-sm-12 custom-form\">\n\t\t<p><span class=\"custom-label\">Adresse<\/span><span class=\"wpcf7-form-control-wrap\" data-name=\"customer-address\"><textarea cols=\"40\" rows=\"2\" maxlength=\"2000\" class=\"wpcf7-form-control wpcf7-textarea\" aria-invalid=\"false\" name=\"customer-address\"><\/textarea><\/span>\n\t\t<\/p>\n\t<\/div>\n<\/div>\n<h4 class=\"custom-form-heading top-margin\">Angaben f\u00fcr die Anfrage\n<\/h4>\n<div class=\"vc_row custom-form-row\">\n\t<div class=\"vc_col-sm-6 custom-form\">\n\t\t<p><span class=\"custom-label\">Ausgangssprache*<\/span><span class=\"wpcf7-form-control-wrap\" data-name=\"main-language\"><select class=\"wpcf7-form-control wpcf7-select wpcf7-validates-as-required\" aria-required=\"true\" aria-invalid=\"false\" name=\"main-language\"><option value=\"\">&#8212;Prosz\u0119 wybra\u0107 opcj\u0119&#8212;<\/option><option value=\"Polisch\">Polisch<\/option><option value=\"Deutch\">Deutch<\/option><option value=\"Englisch\">Englisch<\/option><option value=\"Russisch\">Russisch<\/option><option value=\"Franz\u00f6sisch\">Franz\u00f6sisch<\/option><option value=\"Spanisch\">Spanisch<\/option><option value=\"Niederl\u00e4ndisch\">Niederl\u00e4ndisch<\/option><option value=\"Tschechisch\">Tschechisch<\/option><option value=\"andere - bitte im Kommentar eintragen.\">andere - bitte im Kommentar eintragen.<\/option><\/select><\/span>\n\t\t<\/p>\n\t<\/div>\n\t<div class=\"vc_col-sm-6 custom-form\">\n\t\t<p><span class=\"custom-label\">Zielsprache*<\/span><span class=\"wpcf7-form-control-wrap\" data-name=\"translated-language\"><select class=\"wpcf7-form-control wpcf7-select wpcf7-validates-as-required\" aria-required=\"true\" aria-invalid=\"false\" name=\"translated-language\"><option value=\"\">&#8212;Prosz\u0119 wybra\u0107 opcj\u0119&#8212;<\/option><option value=\"Polisch\">Polisch<\/option><option value=\"Deutch\">Deutch<\/option><option value=\"Englisch\">Englisch<\/option><option value=\"Russisch\">Russisch<\/option><option value=\"Franz\u00f6sisch\">Franz\u00f6sisch<\/option><option value=\"Spanisch\">Spanisch<\/option><option value=\"Niederl\u00e4ndisch\">Niederl\u00e4ndisch<\/option><option value=\"Tschechisch\">Tschechisch<\/option><option value=\"andere - bitte im Kommentar eintragen.\">andere - bitte im Kommentar eintragen.<\/option><\/select><\/span>\n\t\t<\/p>\n\t<\/div>\n<\/div>\n<div class=\"vc_row custom-form-row\">\n\t<div class=\"vc_col-sm-12 custom-form\">\n\t\t<p><span class=\"custom-label\"> Bevorzugter Termin <\/span><span class=\"wpcf7-form-control-wrap\" data-name=\"translation-date\"><input class=\"wpcf7-form-control wpcf7-date wpcf7-validates-as-date\" aria-invalid=\"false\" value=\"\" type=\"date\" name=\"translation-date\" \/><\/span>\n\t\t<\/p>\n\t<\/div>\n<\/div>\n<div class=\"vc_row custom-form-row\">\n\t<div class=\"vc_col-sm-12 custom-form\">\n\t\t<p><span class=\"custom-label\"> Kommentar<\/span><span class=\"wpcf7-form-control-wrap\" data-name=\"additional-info\"><textarea cols=\"40\" rows=\"2\" maxlength=\"2000\" class=\"wpcf7-form-control wpcf7-textarea\" aria-invalid=\"false\" name=\"additional-info\"><\/textarea><\/span>\n\t\t<\/p>\n\t<\/div>\n<\/div>\n<div class=\"vc_row custom-form-row\">\n\t<div class=\"vc_col-sm-12 custom-form\">\n\t\t<p><span class=\"custom-label\">Anlagen<\/span><br \/>\n<span class=\"wpcf7-form-control-wrap\" data-name=\"customer-files\"><input size=\"40\" class=\"wpcf7-form-control wpcf7-file\" accept=\"audio\/*,video\/*,image\/*\" aria-invalid=\"false\" type=\"file\" name=\"customer-files\" \/><\/span>\n\t\t<\/p>\n\t<\/div>\n<\/div>\n<p><span class=\"wpcf7-form-control-wrap\" data-name=\"gdpr-acceptance\"><span class=\"wpcf7-form-control wpcf7-acceptance\"><span class=\"wpcf7-list-item\"><label><input type=\"checkbox\" name=\"gdpr-acceptance\" value=\"1\" aria-invalid=\"false\" \/><span class=\"wpcf7-list-item-label\">Ich stimme der Verarbeitung meiner personenbezogenen Daten gem\u00e4\u00df dem Datenschutzgesetz im Zusammenhang mit dem Versenden einer Anfrage \u00fcber das oben genannte Kontaktformular zu. Die Angabe von Daten ist freiwillig, jedoch zur Bearbeitung der Abfrage erforderlich. Ich wurde dar\u00fcber informiert, dass ich das Recht habe, auf meine Daten zuzugreifen, sie zu korrigieren und deren Einstellung zu beantragen.<\/span><\/label><\/span><\/span><\/span>\n<\/p>\n<p><input class=\"wpcf7-form-control wpcf7-submit has-spinner button-send\" type=\"submit\" value=\"Anfrage absenden\" \/>\n<\/p><div class=\"wpcf7-response-output\" aria-hidden=\"true\"><\/div>\n<\/form>\n<\/div>\n\t\t<\/div>\t<\/a><\/div>[\/vc_column][\/vc_row]<\/p>\n<\/div>","protected":false},"excerpt":{"rendered":"<p>[vc_row gap=&#8220;20&#8243; bg_type=&#8220;image&#8220; parallax_style=&#8220;vcpb-default&#8220; bg_image_new=&#8220;id^879|url^https:\/\/wth.pl\/wp-content\/uploads\/2020\/07\/bg-section-1.jpg|caption^null|alt^null|title^bg-section-1|description^null&#8220; bg_override=&#8220;ex-full&#8220; css=&#8220;.vc_custom_1617091503296{padding-bottom: 40px !important;}&#8220;][vc_column css_animation=&#8220;zoomInUp&#8220;][\/vc_column][vc_column css_animation=&#8220;zoomInLeft&#8220; offset=&#8220;vc_col-lg-6 vc_col-md-6&#8243;][vc_column_text css=&#8220;&#8220;]\u00dcbersetzungsanfragen schicken Sie bitte an wth@wth.pl oder f\u00fcllen Sie bitte das Anfrageformular aus. Kontaktangaben Wratislavia Translation House Sp. z o.o. ul. Kleci\u0144ska 182 54-412 Wroc\u0142aw, Polen e-mail: wth@wth.pl Tel.: +48 503 136 415 Gesch\u00e4ftsf\u00fchrung Gra\u017cyna Ficner &#8211; Vorstandsvorsitzende e-mail: grazyna.ficner@wth.pl Tel.: +48&hellip;<\/p>\n","protected":false},"author":1,"featured_media":0,"parent":0,"menu_order":0,"comment_status":"closed","ping_status":"closed","template":"","meta":{"footnotes":""},"class_list":["post-1980","page","type-page","status-publish","hentry","description-off"],"yoast_head":"<!-- This site is optimized with the Yoast SEO plugin v27.2 - https:\/\/yoast.com\/product\/yoast-seo-wordpress\/ -->\n<title>Kontakt &#8211; Wratislavia Translation House<\/title>\n<meta name=\"robots\" content=\"index, follow, max-snippet:-1, max-image-preview:large, max-video-preview:-1\" \/>\n<link rel=\"canonical\" href=\"https:\/\/wth.pl\/de\/kontakt\/\" \/>\n<meta property=\"og:locale\" content=\"de_DE\" \/>\n<meta property=\"og:type\" content=\"article\" \/>\n<meta property=\"og:title\" content=\"Kontakt &#8211; Wratislavia Translation House\" \/>\n<meta property=\"og:description\" content=\"[vc_row gap=&#8220;20&#8243; bg_type=&#8220;image&#8220; parallax_style=&#8220;vcpb-default&#8220; bg_image_new=&#8220;id^879|url^https:\/\/wth.pl\/wp-content\/uploads\/2020\/07\/bg-section-1.jpg|caption^null|alt^null|title^bg-section-1|description^null&#8220; bg_override=&#8220;ex-full&#8220; css=&#8220;.vc_custom_1617091503296{padding-bottom: 40px !important;}&#8220;][vc_column css_animation=&#8220;zoomInUp&#8220;][\/vc_column][vc_column css_animation=&#8220;zoomInLeft&#8220; offset=&#8220;vc_col-lg-6 vc_col-md-6&#8243;][vc_column_text css=&#8220;&#8220;]\u00dcbersetzungsanfragen schicken Sie bitte an wth@wth.pl oder f\u00fcllen Sie bitte das Anfrageformular aus. Kontaktangaben Wratislavia Translation House Sp. z o.o. ul. Kleci\u0144ska 182 54-412 Wroc\u0142aw, Polen e-mail: wth@wth.pl Tel.: +48 503 136 415 Gesch\u00e4ftsf\u00fchrung Gra\u017cyna Ficner &#8211; Vorstandsvorsitzende e-mail: grazyna.ficner@wth.pl Tel.: +48&hellip;\" \/>\n<meta property=\"og:url\" content=\"https:\/\/wth.pl\/de\/kontakt\/\" \/>\n<meta property=\"og:site_name\" content=\"Wratislavia Translation House\" \/>\n<meta property=\"article:modified_time\" content=\"2025-11-06T08:47:30+00:00\" \/>\n<meta name=\"twitter:card\" content=\"summary_large_image\" \/>\n<meta name=\"twitter:label1\" content=\"Gesch\u00e4tzte Lesezeit\" \/>\n\t<meta name=\"twitter:data1\" content=\"2\u00a0Minuten\" \/>\n<script type=\"application\/ld+json\" class=\"yoast-schema-graph\">{\"@context\":\"https:\/\/schema.org\",\"@graph\":[{\"@type\":\"WebPage\",\"@id\":\"https:\/\/wth.pl\/de\/kontakt\/\",\"url\":\"https:\/\/wth.pl\/de\/kontakt\/\",\"name\":\"Kontakt &#8211; Wratislavia Translation House\",\"isPartOf\":{\"@id\":\"https:\/\/wth.pl\/de\/#website\"},\"datePublished\":\"2020-07-09T11:45:17+00:00\",\"dateModified\":\"2025-11-06T08:47:30+00:00\",\"breadcrumb\":{\"@id\":\"https:\/\/wth.pl\/de\/kontakt\/#breadcrumb\"},\"inLanguage\":\"de\",\"potentialAction\":[{\"@type\":\"ReadAction\",\"target\":[\"https:\/\/wth.pl\/de\/kontakt\/\"]}]},{\"@type\":\"BreadcrumbList\",\"@id\":\"https:\/\/wth.pl\/de\/kontakt\/#breadcrumb\",\"itemListElement\":[{\"@type\":\"ListItem\",\"position\":1,\"name\":\"Strona g\u0142\u00f3wna\",\"item\":\"https:\/\/wth.pl\/de\/\"},{\"@type\":\"ListItem\",\"position\":2,\"name\":\"Kontakt\"}]},{\"@type\":\"WebSite\",\"@id\":\"https:\/\/wth.pl\/de\/#website\",\"url\":\"https:\/\/wth.pl\/de\/\",\"name\":\"Wratislavia Translation House\",\"description\":\"Professionelles \u00dcbersetzungsb\u00fcro in Breslau\",\"potentialAction\":[{\"@type\":\"SearchAction\",\"target\":{\"@type\":\"EntryPoint\",\"urlTemplate\":\"https:\/\/wth.pl\/de\/?s={search_term_string}\"},\"query-input\":{\"@type\":\"PropertyValueSpecification\",\"valueRequired\":true,\"valueName\":\"search_term_string\"}}],\"inLanguage\":\"de\"}]}<\/script>\n<!-- \/ Yoast SEO plugin. -->","yoast_head_json":{"title":"Kontakt &#8211; Wratislavia Translation House","robots":{"index":"index","follow":"follow","max-snippet":"max-snippet:-1","max-image-preview":"max-image-preview:large","max-video-preview":"max-video-preview:-1"},"canonical":"https:\/\/wth.pl\/de\/kontakt\/","og_locale":"de_DE","og_type":"article","og_title":"Kontakt &#8211; Wratislavia Translation House","og_description":"[vc_row gap=&#8220;20&#8243; bg_type=&#8220;image&#8220; parallax_style=&#8220;vcpb-default&#8220; bg_image_new=&#8220;id^879|url^https:\/\/wth.pl\/wp-content\/uploads\/2020\/07\/bg-section-1.jpg|caption^null|alt^null|title^bg-section-1|description^null&#8220; bg_override=&#8220;ex-full&#8220; css=&#8220;.vc_custom_1617091503296{padding-bottom: 40px !important;}&#8220;][vc_column css_animation=&#8220;zoomInUp&#8220;][\/vc_column][vc_column css_animation=&#8220;zoomInLeft&#8220; offset=&#8220;vc_col-lg-6 vc_col-md-6&#8243;][vc_column_text css=&#8220;&#8220;]\u00dcbersetzungsanfragen schicken Sie bitte an wth@wth.pl oder f\u00fcllen Sie bitte das Anfrageformular aus. Kontaktangaben Wratislavia Translation House Sp. z o.o. ul. Kleci\u0144ska 182 54-412 Wroc\u0142aw, Polen e-mail: wth@wth.pl Tel.: +48 503 136 415 Gesch\u00e4ftsf\u00fchrung Gra\u017cyna Ficner &#8211; Vorstandsvorsitzende e-mail: grazyna.ficner@wth.pl Tel.: +48&hellip;","og_url":"https:\/\/wth.pl\/de\/kontakt\/","og_site_name":"Wratislavia Translation House","article_modified_time":"2025-11-06T08:47:30+00:00","twitter_card":"summary_large_image","twitter_misc":{"Gesch\u00e4tzte Lesezeit":"2\u00a0Minuten"},"schema":{"@context":"https:\/\/schema.org","@graph":[{"@type":"WebPage","@id":"https:\/\/wth.pl\/de\/kontakt\/","url":"https:\/\/wth.pl\/de\/kontakt\/","name":"Kontakt &#8211; Wratislavia Translation House","isPartOf":{"@id":"https:\/\/wth.pl\/de\/#website"},"datePublished":"2020-07-09T11:45:17+00:00","dateModified":"2025-11-06T08:47:30+00:00","breadcrumb":{"@id":"https:\/\/wth.pl\/de\/kontakt\/#breadcrumb"},"inLanguage":"de","potentialAction":[{"@type":"ReadAction","target":["https:\/\/wth.pl\/de\/kontakt\/"]}]},{"@type":"BreadcrumbList","@id":"https:\/\/wth.pl\/de\/kontakt\/#breadcrumb","itemListElement":[{"@type":"ListItem","position":1,"name":"Strona g\u0142\u00f3wna","item":"https:\/\/wth.pl\/de\/"},{"@type":"ListItem","position":2,"name":"Kontakt"}]},{"@type":"WebSite","@id":"https:\/\/wth.pl\/de\/#website","url":"https:\/\/wth.pl\/de\/","name":"Wratislavia Translation House","description":"Professionelles \u00dcbersetzungsb\u00fcro in Breslau","potentialAction":[{"@type":"SearchAction","target":{"@type":"EntryPoint","urlTemplate":"https:\/\/wth.pl\/de\/?s={search_term_string}"},"query-input":{"@type":"PropertyValueSpecification","valueRequired":true,"valueName":"search_term_string"}}],"inLanguage":"de"}]}},"_links":{"self":[{"href":"https:\/\/wth.pl\/de\/wp-json\/wp\/v2\/pages\/1980","targetHints":{"allow":["GET"]}}],"collection":[{"href":"https:\/\/wth.pl\/de\/wp-json\/wp\/v2\/pages"}],"about":[{"href":"https:\/\/wth.pl\/de\/wp-json\/wp\/v2\/types\/page"}],"author":[{"embeddable":true,"href":"https:\/\/wth.pl\/de\/wp-json\/wp\/v2\/users\/1"}],"replies":[{"embeddable":true,"href":"https:\/\/wth.pl\/de\/wp-json\/wp\/v2\/comments?post=1980"}],"version-history":[{"count":11,"href":"https:\/\/wth.pl\/de\/wp-json\/wp\/v2\/pages\/1980\/revisions"}],"predecessor-version":[{"id":4017,"href":"https:\/\/wth.pl\/de\/wp-json\/wp\/v2\/pages\/1980\/revisions\/4017"}],"wp:attachment":[{"href":"https:\/\/wth.pl\/de\/wp-json\/wp\/v2\/media?parent=1980"}],"curies":[{"name":"wp","href":"https:\/\/api.w.org\/{rel}","templated":true}]}}