{"id":2105,"date":"2020-07-10T00:19:44","date_gmt":"2020-07-09T22:19:44","guid":{"rendered":"https:\/\/wth.pl\/cookie-richtlinie\/"},"modified":"2020-07-10T00:19:44","modified_gmt":"2020-07-09T22:19:44","slug":"cookie-richtlinie","status":"publish","type":"page","link":"https:\/\/wth.pl\/de\/cookie-richtlinie\/","title":{"rendered":"Cookie-Richtlinie"},"content":{"rendered":"<div class=\"text-wrap tlid-copy-target\">\n<div class=\"result-shield-container tlid-copy-target\" tabindex=\"0\"><span class=\"tlid-translation translation\" lang=\"de\">Die Cookie-Richtlinie wurde in \u00dcbereinstimmung mit den Verpflichtungen erstellt, die sich aus der \u00c4nderung des Telekommunikationsgesetzes ergeben, die am 22. M\u00e4rz 2013 in Kraft trat. Diese Verpflichtungen werden aufgrund der Umsetzung der europ\u00e4ischen Richtlinie ebenfalls europaweit umgesetzt.<\/p>\n<p>Diese Cookie-Richtlinie gilt f\u00fcr Dienste, die auf dieser Website (Website) angeboten werden.<br \/>\nDie Website sammelt nicht automatisch Informationen, au\u00dfer Informationen, die in Cookie-Dateien enthalten sind.<\/p>\n<p>Cookies sind IT-Daten, insbesondere Textdateien, die auf dem Endger\u00e4t des Website-Benutzers gespeichert werden und zur Nutzung der Seiten der Website bestimmt sind. Cookies enthalten normalerweise den Namen der Website, von der sie stammen, ihre Speicherzeit auf dem Endger\u00e4t und eine eindeutige Nummer.<br \/>\nDas Unternehmen, das Cookies auf dem Endger\u00e4t des Website-Benutzers platziert und darauf zugreift, ist der Betreiber dieser Seite.<\/p>\n<p>Cookies werden verwendet, um:<\/p>\n<p>den Inhalt von Websites an die Vorlieben des Benutzers anpassen und die Nutzung von Websites optimieren; Diese Dateien erm\u00f6glichen es insbesondere, das Ger\u00e4t des Website-Benutzers zu erkennen und die Website entsprechend seinen individuellen Bed\u00fcrfnissen ordnungsgem\u00e4\u00df anzuzeigen.<br \/>\nErstellen von Statistiken, die helfen, zu verstehen, wie Website-Benutzer Websites verwenden, wodurch ihre Struktur und ihr Inhalt verbessert werden k\u00f6nnen;<\/p>\n<p>Die Website verwendet zwei grundlegende Arten von Cookies: Sitzungscookies und dauerhafte Cookies. Sitzungscookies sind tempor\u00e4re Dateien, die auf dem Endger\u00e4t des Benutzers gespeichert werden, bis sie sich abmelden, die Website verlassen oder die Software (Webbrowser) ausschalten. Permanente Cookies werden auf dem Endger\u00e4t des Benutzers f\u00fcr die in den Cookie-Dateiparametern angegebene Zeit oder bis zum L\u00f6schen durch den Benutzer gespeichert.<\/p>\n<p>Die Website verwendet die folgenden Arten von Cookies:<\/p>\n<p>erforderliche Cookies, die die Nutzung der auf der Website verf\u00fcgbaren Dienste erm\u00f6glichen, z. B. Authentifizierungscookies, die f\u00fcr Dienste verwendet werden, f\u00fcr die eine Authentifizierung auf der Website erforderlich ist;<br \/>\nCookies, die zur Gew\u00e4hrleistung der Sicherheit verwendet werden, z. B. zur Aufdeckung von Betrug im Bereich der Authentifizierung auf der Website;<br \/>\nLeistungscookies, die das Sammeln von Informationen zur Nutzung der Seiten der Website erm\u00f6glichen;<br \/>\nfunktionale Cookies, die es dem Benutzer erm\u00f6glichen, sich an die vom Benutzer ausgew\u00e4hlten Einstellungen zu erinnern und die Benutzeroberfl\u00e4che zu personalisieren, z. B. im Bereich der ausgew\u00e4hlten Sprache oder Region des Benutzers, der Schriftgr\u00f6\u00dfe, des Erscheinungsbilds der Website usw.;<br \/>\nWerbe-Cookies, mit denen Benutzer Werbeinhalte bereitstellen k\u00f6nnen, die besser auf ihre Interessen zugeschnitten sind.<\/p>\n<p>In vielen F\u00e4llen erm\u00f6glicht die zum Surfen auf Websites verwendete Software (Webbrowser) standardm\u00e4\u00dfig das Speichern von Cookies auf dem Endger\u00e4t des Benutzers. Website-Benutzer k\u00f6nnen die Cookie-Einstellungen jederzeit \u00e4ndern. Diese Einstellungen k\u00f6nnen insbesondere so ge\u00e4ndert werden, dass die automatische Verarbeitung von Cookies in den Webbrowser-Einstellungen blockiert wird oder jedes Mal, wenn sie auf dem Ger\u00e4t des Website-Benutzers abgelegt werden, dar\u00fcber informiert wird. Detaillierte Informationen zu den M\u00f6glichkeiten und M\u00f6glichkeiten des Umgangs mit Cookies finden Sie in den Einstellungen der Software (Webbrowser).<\/p>\n<p>Der Betreiber der Website teilt mit, dass Einschr\u00e4nkungen bei der Verwendung von Cookies einige der auf der Website verf\u00fcgbaren Funktionen beeintr\u00e4chtigen k\u00f6nnen.<\/p>\n<p>Auf dem Endger\u00e4t des Website-Benutzers platzierte Cookies k\u00f6nnen auch von Werbetreibenden und Partnern verwendet werden, die mit dem Website-Betreiber zusammenarbeiten.<\/p>\n<p>Weitere Informationen zu Cookies finden Sie unter www.wszystkoociasteczkach.pl oder im Abschnitt Hilfe des Webbrowser-Men\u00fcs.<\/span><\/div>\n<\/div>\n<div class=\"tlid-result-transliteration-container result-transliteration-container transliteration-container\">\n<div class=\"tlid-transliteration-content transliteration-content full\"><\/div>\n<\/div>\n","protected":false},"excerpt":{"rendered":"<p>Die Cookie-Richtlinie wurde in \u00dcbereinstimmung mit den Verpflichtungen erstellt, die sich aus der \u00c4nderung des Telekommunikationsgesetzes ergeben, die am 22. M\u00e4rz 2013 in Kraft trat. Diese Verpflichtungen werden aufgrund der Umsetzung der europ\u00e4ischen Richtlinie ebenfalls europaweit umgesetzt. Diese Cookie-Richtlinie gilt f\u00fcr Dienste, die auf dieser Website (Website) angeboten werden. Die Website sammelt nicht automatisch Informationen,&hellip;<\/p>\n","protected":false},"author":1,"featured_media":0,"parent":0,"menu_order":0,"comment_status":"closed","ping_status":"closed","template":"","meta":{"footnotes":""},"class_list":["post-2105","page","type-page","status-publish","hentry","description-off"],"yoast_head":"<!-- This site is optimized with the Yoast SEO plugin v27.2 - https:\/\/yoast.com\/product\/yoast-seo-wordpress\/ -->\n<title>Cookie-Richtlinie &#8211; Wratislavia Translation House<\/title>\n<meta name=\"robots\" content=\"index, follow, max-snippet:-1, max-image-preview:large, max-video-preview:-1\" \/>\n<link rel=\"canonical\" href=\"https:\/\/wth.pl\/de\/cookie-richtlinie\/\" \/>\n<meta property=\"og:locale\" content=\"de_DE\" \/>\n<meta property=\"og:type\" content=\"article\" \/>\n<meta property=\"og:title\" content=\"Cookie-Richtlinie &#8211; Wratislavia Translation House\" \/>\n<meta property=\"og:description\" content=\"Die Cookie-Richtlinie wurde in \u00dcbereinstimmung mit den Verpflichtungen erstellt, die sich aus der \u00c4nderung des Telekommunikationsgesetzes ergeben, die am 22. M\u00e4rz 2013 in Kraft trat. Diese Verpflichtungen werden aufgrund der Umsetzung der europ\u00e4ischen Richtlinie ebenfalls europaweit umgesetzt. Diese Cookie-Richtlinie gilt f\u00fcr Dienste, die auf dieser Website (Website) angeboten werden. Die Website sammelt nicht automatisch Informationen,&hellip;\" \/>\n<meta property=\"og:url\" content=\"https:\/\/wth.pl\/de\/cookie-richtlinie\/\" \/>\n<meta property=\"og:site_name\" content=\"Wratislavia Translation House\" \/>\n<meta name=\"twitter:card\" content=\"summary_large_image\" \/>\n<meta name=\"twitter:label1\" content=\"Gesch\u00e4tzte Lesezeit\" \/>\n\t<meta name=\"twitter:data1\" content=\"3\u00a0Minuten\" \/>\n<script type=\"application\/ld+json\" class=\"yoast-schema-graph\">{\"@context\":\"https:\/\/schema.org\",\"@graph\":[{\"@type\":\"WebPage\",\"@id\":\"https:\/\/wth.pl\/de\/cookie-richtlinie\/\",\"url\":\"https:\/\/wth.pl\/de\/cookie-richtlinie\/\",\"name\":\"Cookie-Richtlinie &#8211; Wratislavia Translation House\",\"isPartOf\":{\"@id\":\"https:\/\/wth.pl\/de\/#website\"},\"datePublished\":\"2020-07-09T22:19:44+00:00\",\"breadcrumb\":{\"@id\":\"https:\/\/wth.pl\/de\/cookie-richtlinie\/#breadcrumb\"},\"inLanguage\":\"de\",\"potentialAction\":[{\"@type\":\"ReadAction\",\"target\":[\"https:\/\/wth.pl\/de\/cookie-richtlinie\/\"]}]},{\"@type\":\"BreadcrumbList\",\"@id\":\"https:\/\/wth.pl\/de\/cookie-richtlinie\/#breadcrumb\",\"itemListElement\":[{\"@type\":\"ListItem\",\"position\":1,\"name\":\"Strona g\u0142\u00f3wna\",\"item\":\"https:\/\/wth.pl\/de\/\"},{\"@type\":\"ListItem\",\"position\":2,\"name\":\"Cookie-Richtlinie\"}]},{\"@type\":\"WebSite\",\"@id\":\"https:\/\/wth.pl\/de\/#website\",\"url\":\"https:\/\/wth.pl\/de\/\",\"name\":\"Wratislavia Translation House\",\"description\":\"Professionelles \u00dcbersetzungsb\u00fcro in Breslau\",\"potentialAction\":[{\"@type\":\"SearchAction\",\"target\":{\"@type\":\"EntryPoint\",\"urlTemplate\":\"https:\/\/wth.pl\/de\/?s={search_term_string}\"},\"query-input\":{\"@type\":\"PropertyValueSpecification\",\"valueRequired\":true,\"valueName\":\"search_term_string\"}}],\"inLanguage\":\"de\"}]}<\/script>\n<!-- \/ Yoast SEO plugin. -->","yoast_head_json":{"title":"Cookie-Richtlinie &#8211; Wratislavia Translation House","robots":{"index":"index","follow":"follow","max-snippet":"max-snippet:-1","max-image-preview":"max-image-preview:large","max-video-preview":"max-video-preview:-1"},"canonical":"https:\/\/wth.pl\/de\/cookie-richtlinie\/","og_locale":"de_DE","og_type":"article","og_title":"Cookie-Richtlinie &#8211; Wratislavia Translation House","og_description":"Die Cookie-Richtlinie wurde in \u00dcbereinstimmung mit den Verpflichtungen erstellt, die sich aus der \u00c4nderung des Telekommunikationsgesetzes ergeben, die am 22. M\u00e4rz 2013 in Kraft trat. Diese Verpflichtungen werden aufgrund der Umsetzung der europ\u00e4ischen Richtlinie ebenfalls europaweit umgesetzt. Diese Cookie-Richtlinie gilt f\u00fcr Dienste, die auf dieser Website (Website) angeboten werden. Die Website sammelt nicht automatisch Informationen,&hellip;","og_url":"https:\/\/wth.pl\/de\/cookie-richtlinie\/","og_site_name":"Wratislavia Translation House","twitter_card":"summary_large_image","twitter_misc":{"Gesch\u00e4tzte Lesezeit":"3\u00a0Minuten"},"schema":{"@context":"https:\/\/schema.org","@graph":[{"@type":"WebPage","@id":"https:\/\/wth.pl\/de\/cookie-richtlinie\/","url":"https:\/\/wth.pl\/de\/cookie-richtlinie\/","name":"Cookie-Richtlinie &#8211; Wratislavia Translation House","isPartOf":{"@id":"https:\/\/wth.pl\/de\/#website"},"datePublished":"2020-07-09T22:19:44+00:00","breadcrumb":{"@id":"https:\/\/wth.pl\/de\/cookie-richtlinie\/#breadcrumb"},"inLanguage":"de","potentialAction":[{"@type":"ReadAction","target":["https:\/\/wth.pl\/de\/cookie-richtlinie\/"]}]},{"@type":"BreadcrumbList","@id":"https:\/\/wth.pl\/de\/cookie-richtlinie\/#breadcrumb","itemListElement":[{"@type":"ListItem","position":1,"name":"Strona g\u0142\u00f3wna","item":"https:\/\/wth.pl\/de\/"},{"@type":"ListItem","position":2,"name":"Cookie-Richtlinie"}]},{"@type":"WebSite","@id":"https:\/\/wth.pl\/de\/#website","url":"https:\/\/wth.pl\/de\/","name":"Wratislavia Translation House","description":"Professionelles \u00dcbersetzungsb\u00fcro in Breslau","potentialAction":[{"@type":"SearchAction","target":{"@type":"EntryPoint","urlTemplate":"https:\/\/wth.pl\/de\/?s={search_term_string}"},"query-input":{"@type":"PropertyValueSpecification","valueRequired":true,"valueName":"search_term_string"}}],"inLanguage":"de"}]}},"_links":{"self":[{"href":"https:\/\/wth.pl\/de\/wp-json\/wp\/v2\/pages\/2105","targetHints":{"allow":["GET"]}}],"collection":[{"href":"https:\/\/wth.pl\/de\/wp-json\/wp\/v2\/pages"}],"about":[{"href":"https:\/\/wth.pl\/de\/wp-json\/wp\/v2\/types\/page"}],"author":[{"embeddable":true,"href":"https:\/\/wth.pl\/de\/wp-json\/wp\/v2\/users\/1"}],"replies":[{"embeddable":true,"href":"https:\/\/wth.pl\/de\/wp-json\/wp\/v2\/comments?post=2105"}],"version-history":[{"count":0,"href":"https:\/\/wth.pl\/de\/wp-json\/wp\/v2\/pages\/2105\/revisions"}],"wp:attachment":[{"href":"https:\/\/wth.pl\/de\/wp-json\/wp\/v2\/media?parent=2105"}],"curies":[{"name":"wp","href":"https:\/\/api.w.org\/{rel}","templated":true}]}}