{"id":3274,"date":"2024-09-02T10:50:39","date_gmt":"2024-09-02T08:50:39","guid":{"rendered":"https:\/\/wth.pl\/professionelle-dienstleistungen-zur-uebersetzung-und-erstellung-von-untertiteln\/"},"modified":"2024-11-21T14:34:50","modified_gmt":"2024-11-21T13:34:50","slug":"professionelle-dienstleistungen-zur-uebersetzung-und-erstellung-von-untertiteln","status":"publish","type":"page","link":"https:\/\/wth.pl\/de\/professionelle-dienstleistungen-zur-uebersetzung-und-erstellung-von-untertiteln\/","title":{"rendered":"Professionelle Dienstleistungen zur \u00dcbersetzung und Erstellung von Untertiteln"},"content":{"rendered":"<div class=\"wpb-content-wrapper\"><p>[vc_row][vc_column]<style type=\"text\/css\" data-type=\"the7_shortcodes-inline-css\">.shortcode-single-image-wrap.shortcode-single-image-0837425e726d845e76dca24b25d784a4.enable-bg-rollover .rollover i,\n.shortcode-single-image-wrap.shortcode-single-image-0837425e726d845e76dca24b25d784a4.enable-bg-rollover .rollover-video i {\n  background: -webkit-linear-gradient();\n  background: linear-gradient();\n}\n.shortcode-single-image-wrap.shortcode-single-image-0837425e726d845e76dca24b25d784a4 .rollover-icon {\n  font-size: 32px;\n  color: #ffffff;\n  min-width: 44px;\n  min-height: 44px;\n  line-height: 44px;\n  border-radius: 100px;\n  border-style: solid;\n  border-width: 0px;\n}\n.dt-icon-bg-on.shortcode-single-image-wrap.shortcode-single-image-0837425e726d845e76dca24b25d784a4 .rollover-icon {\n  background: rgba(255,255,255,0.3);\n  box-shadow: none;\n}<\/style><div class=\"shortcode-single-image-wrap shortcode-single-image-0837425e726d845e76dca24b25d784a4 alignnone  vc_custom_1725266251420 enable-bg-rollover dt-icon-bg-off\" ><div class=\"shortcode-single-image\"><div class=\"fancy-media-wrap  layzr-bg\" style=\"\"><img fetchpriority=\"high\" decoding=\"async\" class=\"preload-me lazy-load aspect\" src=\"data:image\/svg+xml,%3Csvg%20xmlns%3D&#39;http%3A%2F%2Fwww.w3.org%2F2000%2Fsvg&#39;%20viewBox%3D&#39;0%200%201000%20600&#39;%2F%3E\" data-src=\"https:\/\/wth.pl\/wp-content\/uploads\/2024\/09\/profesjonalne-uslugi-tlumaczenia-i-tworzenia-napisow-1000x600.jpg\" data-srcset=\"https:\/\/wth.pl\/wp-content\/uploads\/2024\/09\/profesjonalne-uslugi-tlumaczenia-i-tworzenia-napisow-1000x600.jpg 1000w, https:\/\/wth.pl\/wp-content\/uploads\/2024\/09\/profesjonalne-uslugi-tlumaczenia-i-tworzenia-napisow-1400x840.jpg 1400w\" loading=\"eager\" sizes=\"(max-width: 1000px) 100vw, 1000px\" width=\"1000\" height=\"600\"  data-dt-location=\"https:\/\/wth.pl\/de\/profesjonalne-uslugi-tlumaczenia-i-tworzenia-napisow\/woman-using-laptop-while-sitting-at-table-young-businesswoman-sitting-in-kitchen-and-working-on-laptop\/\" style=\"--ratio: 1000 \/ 600;\" alt=\"Profesjonalne us\u0142ugi t\u0142umaczenia i tworzenia napis\u00f3w\" \/><\/div><\/div><\/div><div id=\"ultimate-heading-651469d4b625ab8d2\" class=\"uvc-heading ult-adjust-bottom-margin ultimate-heading-651469d4b625ab8d2 uvc-7807 \" data-hspacer=\"no_spacer\"  data-halign=\"left\" style=\"text-align:left\"><div class=\"uvc-heading-spacer no_spacer\" style=\"top\"><\/div><div class=\"uvc-main-heading ult-responsive\"  data-ultimate-target='.uvc-heading.ultimate-heading-651469d4b625ab8d2 h1'  data-responsive-json-new='{\"font-size\":\"desktop:45px;mobile_landscape:34px;\",\"line-height\":\"desktop:60px;mobile_landscape:46px;\"}' ><h1 style=\"font-family:&#039;Roboto&#039;;font-weight:700;color:#333333;margin-bottom:30px;\">Professionelle Dienstleistungen zur \u00dcbersetzung und Erstellung von Untertiteln<\/h1><\/div><\/div>[vc_column_text css=&#8220;&#8220;]Wir von Wratislavia Translation House haben uns auf die \u00dcbersetzung und Erstellung von Untertiteln in hoher Qualit\u00e4t spezialisiert, die auf die unterschiedlichen Bed\u00fcrfnisse unserer Kunden zugeschnitten sind. Ganz gleich, ob Sie Werbevideos, Werbekampagnen, Firmenpodcasts oder Informationsmaterial produzieren, wir sorgen daf\u00fcr, dass Ihre Botschaft beim globalen Publikum ankommt.<\/p>\n<h3>Unsere Dienstleistungen umfassen<\/h3>\n<p><strong>1. \u00dcbersetzung von Werbe- und Verkaufsf\u00f6rderungsfilmen<\/strong><\/p>\n<p>Ihre Werbeinhalte verdienen es, von einem Publikum auf der ganzen Welt verstanden zu werden. Unser Team von Fach\u00fcbersetzern ist in der Lage, Untertitel zu erstellen, die nicht nur die urspr\u00fcngliche Botschaft vermitteln, sondern auch den Ton, die Absicht und die kulturellen Nuancen Ihrer Marke einfangen. Wir sorgen daf\u00fcr, dass Ihre Werbefilme unabh\u00e4ngig von der jeweiligen Sprache die gleiche Wirkung auf die Zuschauer haben.<\/p>\n<p><strong>2. \u00dcbersetzung f\u00fcr Firmen-Podcasts<\/strong><\/p>\n<p>Podcasts sind ein leistungsf\u00e4higes Instrument f\u00fcr die Kommunikation mit Ihrem Publikum. Damit Sie eine breitere H\u00f6rerschaft erreichen, bieten wir \u00dcbersetzungsdienste an, die Ihre Podcast-Skripte in mehrere Sprachen \u00fcbertragen. Ganz gleich, ob es sich um eine technische Diskussion, ein Unternehmens-Update oder einen Thought-Leadership-Beitrag handelt, wir sorgen daf\u00fcr, dass Ihre Inhalte f\u00fcr Ihr Publikum genauso zug\u00e4nglich und ansprechend sind wie das Original.<\/p>\n<p><strong>3. \u00dcbersetzung von Informationsmaterial: <\/strong><\/p>\n<p>Die Informationsvideos Ihres Unternehmens sind f\u00fcr die Aufkl\u00e4rung von Kunden, Interessengruppen und Mitarbeitern von entscheidender Bedeutung. Wir liefern genaue und kontextsensitive \u00dcbersetzungen f\u00fcr diese Materialien und stellen sicher, dass die Kernbotschaften in verschiedenen Sprachen klar und deutlich verstanden werden. Unsere Untertitel helfen dabei, Sprachbarrieren zu \u00fcberwinden und Ihre Inhalte universell zug\u00e4nglich zu machen.<\/p>\n<p><strong>4. Erstellung von Untertiteln<\/strong><\/p>\n<p>Neben der \u00dcbersetzung bieten wir auch umfassende Dienstleistungen zur Erstellung von Untertiteln an. Unser erfahrenes Team kann Untertitel von Grund auf neu erstellen, die perfekt auf Ihre Videoinhalte abgestimmt sind, um das Verst\u00e4ndnis und das Engagement der Zuschauer zu verbessern. Ganz gleich, ob Sie Untertitel f\u00fcr Schulungsvideos, Webinare oder andere Arten visueller Inhalte ben\u00f6tigen, wir liefern pr\u00e4zise und zeitlich abgestimmte Untertitel, die das Seherlebnis verbessern.<\/p>\n<h3>Warum sollten Sie uns w\u00e4hlen?<\/h3>\n<p>&#8211; <strong>Kompetenz in mehreren Branchen<\/strong>: Wir arbeiten f\u00fcr Kunden aus verschiedenen Branchen und stellen sicher, dass unsere \u00dcbersetzungen branchenspezifisch und kontextgerecht sind.<\/p>\n<p>&#8211; <strong>Sicherung der Qualit\u00e4t<\/strong>: Unsere strengen Qualit\u00e4tskontrollen gew\u00e4hrleisten, dass jede \u00dcbersetzung und jeder Untertitel den h\u00f6chsten Anspr\u00fcchen an Genauigkeit und Lesbarkeit gen\u00fcgt.<\/p>\n<p>&#8211; <strong>Kulturelle Sensibilit\u00e4t<\/strong>: Wir wissen, wie wichtig der kulturelle Kontext bei der \u00dcbersetzung ist, und sorgen daf\u00fcr, dass Ihre Inhalte in der Zielsprache sowohl angemessen als auch wirkungsvoll sind.<\/p>\n<p>&#8211; <strong>Umfassender Service<\/strong>: Von der \u00dcbersetzung bis zur Erstellung von Untertiteln k\u00fcmmern wir uns um jeden Aspekt des Prozesses und sorgen so f\u00fcr eine nahtlose Zusammenarbeit mit unseren Kunden.<\/p>\n<p>Wir von Wratislavia Translation House unterst\u00fctzen Sie dabei, Ihre Botschaft klar und effektiv zu kommunizieren, egal in welcher Sprache. <a href=\"https:\/\/wth.pl\/de\/kontakt\/\">Setzen Sie sich noch heute mit uns<\/a> in Verbindung, um mehr dar\u00fcber zu erfahren, wie unsere Dienstleistungen zur \u00dcbersetzung und Erstellung von Untertiteln Ihre globale Reichweite erh\u00f6hen k\u00f6nnen.[\/vc_column_text][\/vc_column][\/vc_row]<\/p>\n<\/div>","protected":false},"excerpt":{"rendered":"<p>[vc_row][vc_column][vc_column_text css=&#8220;&#8220;]Wir von Wratislavia Translation House haben uns auf die \u00dcbersetzung und Erstellung von Untertiteln in hoher Qualit\u00e4t spezialisiert, die auf die unterschiedlichen Bed\u00fcrfnisse unserer Kunden zugeschnitten sind. Ganz gleich, ob Sie Werbevideos, Werbekampagnen, Firmenpodcasts oder Informationsmaterial produzieren, wir sorgen daf\u00fcr, dass Ihre Botschaft beim globalen Publikum ankommt. Unsere Dienstleistungen umfassen 1. \u00dcbersetzung von Werbe-&hellip;<\/p>\n","protected":false},"author":1,"featured_media":0,"parent":0,"menu_order":0,"comment_status":"closed","ping_status":"closed","template":"","meta":{"footnotes":""},"class_list":["post-3274","page","type-page","status-publish","hentry","description-off"],"yoast_head":"<!-- This site is optimized with the Yoast SEO plugin v27.2 - https:\/\/yoast.com\/product\/yoast-seo-wordpress\/ -->\n<title>Professionelle Dienstleistungen zur \u00dcbersetzung und Erstellung von Untertiteln &#8211; Wratislavia Translation House<\/title>\n<meta name=\"robots\" content=\"index, follow, max-snippet:-1, max-image-preview:large, max-video-preview:-1\" \/>\n<link rel=\"canonical\" href=\"https:\/\/wth.pl\/de\/professionelle-dienstleistungen-zur-uebersetzung-und-erstellung-von-untertiteln\/\" \/>\n<meta property=\"og:locale\" content=\"de_DE\" \/>\n<meta property=\"og:type\" content=\"article\" \/>\n<meta property=\"og:title\" content=\"Professionelle Dienstleistungen zur \u00dcbersetzung und Erstellung von Untertiteln &#8211; Wratislavia Translation House\" \/>\n<meta property=\"og:description\" content=\"[vc_row][vc_column][vc_column_text css=&#8220;&#8220;]Wir von Wratislavia Translation House haben uns auf die \u00dcbersetzung und Erstellung von Untertiteln in hoher Qualit\u00e4t spezialisiert, die auf die unterschiedlichen Bed\u00fcrfnisse unserer Kunden zugeschnitten sind. Ganz gleich, ob Sie Werbevideos, Werbekampagnen, Firmenpodcasts oder Informationsmaterial produzieren, wir sorgen daf\u00fcr, dass Ihre Botschaft beim globalen Publikum ankommt. Unsere Dienstleistungen umfassen 1. \u00dcbersetzung von Werbe-&hellip;\" \/>\n<meta property=\"og:url\" content=\"https:\/\/wth.pl\/de\/professionelle-dienstleistungen-zur-uebersetzung-und-erstellung-von-untertiteln\/\" \/>\n<meta property=\"og:site_name\" content=\"Wratislavia Translation House\" \/>\n<meta property=\"article:modified_time\" content=\"2024-11-21T13:34:50+00:00\" \/>\n<meta name=\"twitter:card\" content=\"summary_large_image\" \/>\n<meta name=\"twitter:label1\" content=\"Gesch\u00e4tzte Lesezeit\" \/>\n\t<meta name=\"twitter:data1\" content=\"3\u00a0Minuten\" \/>\n<script type=\"application\/ld+json\" class=\"yoast-schema-graph\">{\"@context\":\"https:\/\/schema.org\",\"@graph\":[{\"@type\":\"WebPage\",\"@id\":\"https:\/\/wth.pl\/de\/professionelle-dienstleistungen-zur-uebersetzung-und-erstellung-von-untertiteln\/\",\"url\":\"https:\/\/wth.pl\/de\/professionelle-dienstleistungen-zur-uebersetzung-und-erstellung-von-untertiteln\/\",\"name\":\"Professionelle Dienstleistungen zur \u00dcbersetzung und Erstellung von Untertiteln &#8211; Wratislavia Translation House\",\"isPartOf\":{\"@id\":\"https:\/\/wth.pl\/de\/#website\"},\"datePublished\":\"2024-09-02T08:50:39+00:00\",\"dateModified\":\"2024-11-21T13:34:50+00:00\",\"breadcrumb\":{\"@id\":\"https:\/\/wth.pl\/de\/professionelle-dienstleistungen-zur-uebersetzung-und-erstellung-von-untertiteln\/#breadcrumb\"},\"inLanguage\":\"de\",\"potentialAction\":[{\"@type\":\"ReadAction\",\"target\":[\"https:\/\/wth.pl\/de\/professionelle-dienstleistungen-zur-uebersetzung-und-erstellung-von-untertiteln\/\"]}]},{\"@type\":\"BreadcrumbList\",\"@id\":\"https:\/\/wth.pl\/de\/professionelle-dienstleistungen-zur-uebersetzung-und-erstellung-von-untertiteln\/#breadcrumb\",\"itemListElement\":[{\"@type\":\"ListItem\",\"position\":1,\"name\":\"Strona g\u0142\u00f3wna\",\"item\":\"https:\/\/wth.pl\/de\/\"},{\"@type\":\"ListItem\",\"position\":2,\"name\":\"Professionelle Dienstleistungen zur \u00dcbersetzung und Erstellung von Untertiteln\"}]},{\"@type\":\"WebSite\",\"@id\":\"https:\/\/wth.pl\/de\/#website\",\"url\":\"https:\/\/wth.pl\/de\/\",\"name\":\"Wratislavia Translation House\",\"description\":\"Professionelles \u00dcbersetzungsb\u00fcro in Breslau\",\"potentialAction\":[{\"@type\":\"SearchAction\",\"target\":{\"@type\":\"EntryPoint\",\"urlTemplate\":\"https:\/\/wth.pl\/de\/?s={search_term_string}\"},\"query-input\":{\"@type\":\"PropertyValueSpecification\",\"valueRequired\":true,\"valueName\":\"search_term_string\"}}],\"inLanguage\":\"de\"}]}<\/script>\n<!-- \/ Yoast SEO plugin. -->","yoast_head_json":{"title":"Professionelle Dienstleistungen zur \u00dcbersetzung und Erstellung von Untertiteln &#8211; Wratislavia Translation House","robots":{"index":"index","follow":"follow","max-snippet":"max-snippet:-1","max-image-preview":"max-image-preview:large","max-video-preview":"max-video-preview:-1"},"canonical":"https:\/\/wth.pl\/de\/professionelle-dienstleistungen-zur-uebersetzung-und-erstellung-von-untertiteln\/","og_locale":"de_DE","og_type":"article","og_title":"Professionelle Dienstleistungen zur \u00dcbersetzung und Erstellung von Untertiteln &#8211; Wratislavia Translation House","og_description":"[vc_row][vc_column][vc_column_text css=&#8220;&#8220;]Wir von Wratislavia Translation House haben uns auf die \u00dcbersetzung und Erstellung von Untertiteln in hoher Qualit\u00e4t spezialisiert, die auf die unterschiedlichen Bed\u00fcrfnisse unserer Kunden zugeschnitten sind. Ganz gleich, ob Sie Werbevideos, Werbekampagnen, Firmenpodcasts oder Informationsmaterial produzieren, wir sorgen daf\u00fcr, dass Ihre Botschaft beim globalen Publikum ankommt. Unsere Dienstleistungen umfassen 1. \u00dcbersetzung von Werbe-&hellip;","og_url":"https:\/\/wth.pl\/de\/professionelle-dienstleistungen-zur-uebersetzung-und-erstellung-von-untertiteln\/","og_site_name":"Wratislavia Translation House","article_modified_time":"2024-11-21T13:34:50+00:00","twitter_card":"summary_large_image","twitter_misc":{"Gesch\u00e4tzte Lesezeit":"3\u00a0Minuten"},"schema":{"@context":"https:\/\/schema.org","@graph":[{"@type":"WebPage","@id":"https:\/\/wth.pl\/de\/professionelle-dienstleistungen-zur-uebersetzung-und-erstellung-von-untertiteln\/","url":"https:\/\/wth.pl\/de\/professionelle-dienstleistungen-zur-uebersetzung-und-erstellung-von-untertiteln\/","name":"Professionelle Dienstleistungen zur \u00dcbersetzung und Erstellung von Untertiteln &#8211; Wratislavia Translation House","isPartOf":{"@id":"https:\/\/wth.pl\/de\/#website"},"datePublished":"2024-09-02T08:50:39+00:00","dateModified":"2024-11-21T13:34:50+00:00","breadcrumb":{"@id":"https:\/\/wth.pl\/de\/professionelle-dienstleistungen-zur-uebersetzung-und-erstellung-von-untertiteln\/#breadcrumb"},"inLanguage":"de","potentialAction":[{"@type":"ReadAction","target":["https:\/\/wth.pl\/de\/professionelle-dienstleistungen-zur-uebersetzung-und-erstellung-von-untertiteln\/"]}]},{"@type":"BreadcrumbList","@id":"https:\/\/wth.pl\/de\/professionelle-dienstleistungen-zur-uebersetzung-und-erstellung-von-untertiteln\/#breadcrumb","itemListElement":[{"@type":"ListItem","position":1,"name":"Strona g\u0142\u00f3wna","item":"https:\/\/wth.pl\/de\/"},{"@type":"ListItem","position":2,"name":"Professionelle Dienstleistungen zur \u00dcbersetzung und Erstellung von Untertiteln"}]},{"@type":"WebSite","@id":"https:\/\/wth.pl\/de\/#website","url":"https:\/\/wth.pl\/de\/","name":"Wratislavia Translation House","description":"Professionelles \u00dcbersetzungsb\u00fcro in Breslau","potentialAction":[{"@type":"SearchAction","target":{"@type":"EntryPoint","urlTemplate":"https:\/\/wth.pl\/de\/?s={search_term_string}"},"query-input":{"@type":"PropertyValueSpecification","valueRequired":true,"valueName":"search_term_string"}}],"inLanguage":"de"}]}},"_links":{"self":[{"href":"https:\/\/wth.pl\/de\/wp-json\/wp\/v2\/pages\/3274","targetHints":{"allow":["GET"]}}],"collection":[{"href":"https:\/\/wth.pl\/de\/wp-json\/wp\/v2\/pages"}],"about":[{"href":"https:\/\/wth.pl\/de\/wp-json\/wp\/v2\/types\/page"}],"author":[{"embeddable":true,"href":"https:\/\/wth.pl\/de\/wp-json\/wp\/v2\/users\/1"}],"replies":[{"embeddable":true,"href":"https:\/\/wth.pl\/de\/wp-json\/wp\/v2\/comments?post=3274"}],"version-history":[{"count":2,"href":"https:\/\/wth.pl\/de\/wp-json\/wp\/v2\/pages\/3274\/revisions"}],"predecessor-version":[{"id":3276,"href":"https:\/\/wth.pl\/de\/wp-json\/wp\/v2\/pages\/3274\/revisions\/3276"}],"wp:attachment":[{"href":"https:\/\/wth.pl\/de\/wp-json\/wp\/v2\/media?parent=3274"}],"curies":[{"name":"wp","href":"https:\/\/api.w.org\/{rel}","templated":true}]}}