{"id":3774,"date":"2025-03-26T12:08:02","date_gmt":"2025-03-26T11:08:02","guid":{"rendered":"https:\/\/wth.pl\/beglaubigte-uebersetzungen-fuer-firmen\/"},"modified":"2025-03-26T12:08:03","modified_gmt":"2025-03-26T11:08:03","slug":"beglaubigte-uebersetzungen-fuer-firmen","status":"publish","type":"page","link":"https:\/\/wth.pl\/de\/beglaubigte-uebersetzungen-fuer-firmen\/","title":{"rendered":"Beglaubigte \u00dcbersetzungen f\u00fcr Firmen"},"content":{"rendered":"<div class=\"wpb-content-wrapper\"><p>[vc_row][vc_column]<style type=\"text\/css\" data-type=\"the7_shortcodes-inline-css\">.shortcode-single-image-wrap.shortcode-single-image-c2a4af37e297e90932f7ebc93cb8b071.enable-bg-rollover .rollover i,\n.shortcode-single-image-wrap.shortcode-single-image-c2a4af37e297e90932f7ebc93cb8b071.enable-bg-rollover .rollover-video i {\n  background: -webkit-linear-gradient();\n  background: linear-gradient();\n}\n.shortcode-single-image-wrap.shortcode-single-image-c2a4af37e297e90932f7ebc93cb8b071 .rollover-icon {\n  font-size: 32px;\n  color: #ffffff;\n  min-width: 44px;\n  min-height: 44px;\n  line-height: 44px;\n  border-radius: 100px;\n  border-style: solid;\n  border-width: 0px;\n}\n.dt-icon-bg-on.shortcode-single-image-wrap.shortcode-single-image-c2a4af37e297e90932f7ebc93cb8b071 .rollover-icon {\n  background: rgba(255,255,255,0.3);\n  box-shadow: none;\n}<\/style><div class=\"shortcode-single-image-wrap shortcode-single-image-c2a4af37e297e90932f7ebc93cb8b071 alignnone caption-on  vc_custom_1731624345390 enable-bg-rollover dt-icon-bg-off\" ><div class=\"shortcode-single-image\"><div class=\"fancy-media-wrap  layzr-bg\" style=\"\"><img fetchpriority=\"high\" decoding=\"async\" class=\"preload-me lazy-load aspect\" src=\"data:image\/svg+xml,%3Csvg%20xmlns%3D&#39;http%3A%2F%2Fwww.w3.org%2F2000%2Fsvg&#39;%20viewBox%3D&#39;0%200%201000%20600&#39;%2F%3E\" data-src=\"https:\/\/wth.pl\/wp-content\/uploads\/2024\/11\/tlumaczenia-przysiegle-dla-firm-01a-1000x600.jpg\" data-srcset=\"https:\/\/wth.pl\/wp-content\/uploads\/2024\/11\/tlumaczenia-przysiegle-dla-firm-01a-1000x600.jpg 1000w, https:\/\/wth.pl\/wp-content\/uploads\/2024\/11\/tlumaczenia-przysiegle-dla-firm-01a-1400x840.jpg 1400w\" loading=\"eager\" sizes=\"(max-width: 1000px) 100vw, 1000px\" width=\"1000\" height=\"600\"  data-dt-location=\"https:\/\/wth.pl\/de\/tlumaczenia-przysiegle-dla-firm\/happy-mid-aged-business-woman-manager-handshaking-greeting-client-in-office\/\" style=\"--ratio: 1000 \/ 600;\" alt=\"T\u0142umaczenie przysi\u0119g\u0142e dla firmy\" \/><\/div><\/div><div class=\"shortcode-single-caption\">T\u0142umaczenia przysi\u0119g\u0142e<\/div><\/div><div id=\"ultimate-heading-491569d57b5b1b27a\" class=\"uvc-heading ult-adjust-bottom-margin ultimate-heading-491569d57b5b1b27a uvc-4213 \" data-hspacer=\"no_spacer\"  data-halign=\"left\" style=\"text-align:left\"><div class=\"uvc-heading-spacer no_spacer\" style=\"top\"><\/div><div class=\"uvc-main-heading ult-responsive\"  data-ultimate-target='.uvc-heading.ultimate-heading-491569d57b5b1b27a h1'  data-responsive-json-new='{\"font-size\":\"desktop:45px;mobile_landscape:34px;\",\"line-height\":\"desktop:60px;mobile_landscape:46px;\"}' ><h1 style=\"font-family:&#039;Roboto&#039;;font-weight:700;color:#333333;margin-bottom:30px;\">Beglaubigte \u00dcbersetzungen f\u00fcr Firmen<\/h1><\/div><\/div>[vc_column_text css=&#8220;&#8220;]Beglaubigte \u00dcbersetzungen f\u00fcr Unternehmen, auch beglaubigte oder beglaubigte \u00dcbersetzungen genannt, sind eine Dienstleistung, die von \u00dcbersetzern mit entsprechender Qualifikation durchgef\u00fchrt wird, die von der zust\u00e4ndigen staatlichen Beh\u00f6rde \u2013 in Polen vom Justizministerium \u2013 erm\u00e4chtigt sind. Vereidigte \u00dcbersetzer haben das Recht, die \u00dcbereinstimmung der \u00dcbersetzung mit dem Original zu bescheinigen, wodurch diese Dokumente offiziell werden. Beglaubigte \u00dcbersetzungen f\u00fcr Unternehmen werden in Gerichts- und Verwaltungsverfahren sowie in allen Situationen verwendet, in denen offizielle Dokumente erforderlich sind.<\/p>\n<h3>Wann ben\u00f6tigt ein Unternehmen eine beglaubigte \u00dcbersetzung?<\/h3>\n<p>Unternehmen ben\u00f6tigen beglaubigte \u00dcbersetzungen, wenn eine formelle Bescheinigung \u00fcber die \u00dcbereinstimmung der \u00dcbersetzung mit dem Original erforderlich ist. Zu den Situationen, in denen Unternehmen am h\u00e4ufigsten beglaubigte \u00dcbersetzungen verwenden, geh\u00f6ren:<\/p>\n<ol>\n<li><strong>Registrierungs- und Gr\u00fcndungsdokumente<\/strong> \u2013 zB. bei der Gr\u00fcndung ausl\u00e4ndischer Zweigniederlassungen; Zu den erforderlichen Dokumenten geh\u00f6ren Gesellschaftsvertr\u00e4ge, Satzungen, das Landesgerichtsregister und andere Registrierungsdokumente.<\/li>\n<li><strong>Vereinbarungen und Vertr\u00e4ge<\/strong> \u2013 insbesondere solche mit Rechtswirkung in einem anderen Land, z.\u00a0B. Vereinbarungen mit ausl\u00e4ndischen Auftragnehmern.<\/li>\n<li><strong>Finanzdokumentation<\/strong> \u2013 beglaubigte \u00dcbersetzungen von Bilanzen, Jahresabschl\u00fcssen und Gesch\u00e4ftsberichten, die bei ausl\u00e4ndischen Institutionen eingereicht werden, z. B. Finanz\u00e4mter.<\/li>\n<li><strong>Zertifikate und Genehmigungen<\/strong> \u2013 einschlie\u00dflich \u00dcbersetzungen von Konformit\u00e4tszertifikaten, Lizenzen und Genehmigungen, die f\u00fcr die Gesch\u00e4ftst\u00e4tigkeit erforderlich sind.<\/li>\n<li><strong>Gerichts- und Rechtsdokumente<\/strong> \u2013 z.\u00a0B. Urteile, Ladungen oder Vollmachten, wenn das Unternehmen Partei in einem Gerichtsverfahren im Ausland ist.<\/li>\n<li><strong>Internationale Ausschreibungen<\/strong> \u2013 \u00dcbersetzungen von Zeugnissen, Zertifikaten oder Bescheinigungen, die bei ausl\u00e4ndischen Ausschreibungen erforderlich sind.<\/li>\n<li><strong>Arbeitnehmerdokumente<\/strong> \u2013 wie z. B. F\u00fchrungszeugnisse, Diplome, berufliche Qualifikationen, die bei der Besch\u00e4ftigung von Ausl\u00e4ndern erforderlich sind. In besonderen F\u00e4llen, beispielsweise bei einem Unfall oder einer Erkrankung eines Mitarbeiters, k\u00f6nnen beglaubigte <a href=\"https:\/\/wth.pl\/de\/medizinische-uebersetzung\/\">medizinische \u00dcbersetzungen<\/a> erforderlich sein.<\/li>\n<li><strong>Beglaubigte m\u00fcndliche \u00dcbersetzungen<\/strong> \u2013 erforderlich, wenn ein Unternehmen die Konsistenz und Glaubw\u00fcrdigkeit der Botschaft im Kontakt mit \u00c4mtern oder in rechtlichen Situationen sicherstellen muss.<\/li>\n<\/ol>\n<p>Beglaubigte \u00dcbersetzungen f\u00fcr Unternehmen gew\u00e4hrleisten die Anerkennung der Dokumente durch ausl\u00e4ndische Institutionen und die Einhaltung formaler Anforderungen.<\/p>\n<h3>Wie sieht der Ablauf einer beglaubigten \u00dcbersetzung f\u00fcr Unternehmen aus?<\/h3>\n<p><strong>Beglaubigte \u00dcbersetzungen f\u00fcr Unternehmen<\/strong> werden am h\u00e4ufigsten in Polnisch und einer Fremdsprache angeboten. Bei Sprachpaaren ohne vereidigten \u00dcbersetzer erfolgt der \u00dcbersetzungsprozess zweistufig \u2013 unter Beteiligung von zwei \u00dcbersetzern. Dieser Prozess umfasst die folgenden Schritte:<\/p>\n<ol>\n<li><strong>Dokumenten- und Bedarfsanalyse<\/strong>\n<ul>\n<li>Das Unternehmen meldet den Bedarf an einer beglaubigten \u00dcbersetzung und \u00fcbergibt die Dokumente an das \u00dcbersetzungsb\u00fcro.<\/li>\n<li>Ein vereidigter \u00dcbersetzer analysiert Dokumente und bewertet deren Schwierigkeit, Umfang, Fachvokabular und formale Anforderungen.<\/li>\n<li>Die Bedingungen der Bestellung werden festgelegt, einschlie\u00dflich Frist, Liefermethode und Kosten.<\/li>\n<\/ul>\n<\/li>\n<li><strong>Bewertung und Annahme der Bestellung<\/strong>\n<ul>\n<li>Unser \u00dcbersetzungsb\u00fcro erstellt ein vorl\u00e4ufiges Angebot basierend auf der Anzahl der Rechnungsseiten (eine Rechnungsseite umfasst 1125 Zeichen inklusive Leerzeichen des Zieltextes) und der Komplexit\u00e4t des Textes.<\/li>\n<li>Das Unternehmen genehmigt das Angebot, was zur Aufgabe einer Bestellung f\u00fchrt.<\/li>\n<\/ul>\n<\/li>\n<li><strong>Dokumenten\u00fcbersetzung<\/strong>\n<ul>\n<li>Ein vereidigter \u00dcbersetzer f\u00fchrt eine \u00dcbersetzung gem\u00e4\u00df den formalen Anforderungen durch und verwendet die entsprechende Terminologie.<\/li>\n<li>Bei Fachtexten (z. B. juristischen oder technischen Texten) kann der \u00dcbersetzer Branchenglossare verwenden oder Experten zu Rate ziehen.<\/li>\n<\/ul>\n<\/li>\n<li><strong>\u00dcbersetzungsbeglaubigung<\/strong>\n<ul>\n<li>Die fertige \u00dcbersetzung wird durch den Stempel und die Unterschrift eines vereidigten \u00dcbersetzers beglaubigt.<\/li>\n<li>Das Dokument ist mit einer Klausel versehen, aus der hervorgeht, ob die \u00dcbersetzung auf Grundlage des Originals, einer Kopie oder einer elektronischen Version erstellt wurde.<\/li>\n<\/ul>\n<\/li>\n<li><strong>Bereitstellung von \u00dcbersetzungen f\u00fcr das Unternehmen<\/strong>\n<ul>\n<li>Eine beglaubigte \u00dcbersetzung wird in einer vereinbarten Form geliefert, z. B.: als Ausdruck, Scan oder elektronisch mit beglaubigter Unterschrift.<\/li>\n<li>M\u00f6gliche Lieferformen sind pers\u00f6nliche Abholung, Kurierzustellung oder E-Mail, sofern dies von der Institution, die die \u00dcbersetzung empf\u00e4ngt, akzeptiert wird.<\/li>\n<\/ul>\n<\/li>\n<li><strong>Datenarchivierung und -sicherheit<\/strong>\n<ul>\n<li>Beeidigte \u00dcbersetzer f\u00fchren ein Verzeichnis der angefertigten \u00dcbersetzungen gem\u00e4\u00df den gesetzlichen Anforderungen.<\/li>\n<li>Dokumente werden sicher archiviert, wodurch der Schutz vertraulicher Daten gew\u00e4hrleistet wird.<\/li>\n<\/ul>\n<\/li>\n<\/ol>\n<p>Dank dieses Verfahrens sind die vom \u00dcbersetzungshaus Wratislavia angefertigten <strong>beglaubigten \u00dcbersetzungen f\u00fcr Unternehmen<\/strong> vorschriftsm\u00e4\u00dfig, pr\u00e4zise und entsprechen den gesetzlichen Anforderungen alle beh\u00f6rdlichen Anforderungen erf\u00fcllen \u2013 das ist f\u00fcr alle formellen Unternehmensabl\u00e4ufe von entscheidender Bedeutung.[\/vc_column_text][\/vc_column][\/vc_row]<\/p>\n<\/div>","protected":false},"excerpt":{"rendered":"<p>[vc_row][vc_column][vc_column_text css=&#8220;&#8220;]Beglaubigte \u00dcbersetzungen f\u00fcr Unternehmen, auch beglaubigte oder beglaubigte \u00dcbersetzungen genannt, sind eine Dienstleistung, die von \u00dcbersetzern mit entsprechender Qualifikation durchgef\u00fchrt wird, die von der zust\u00e4ndigen staatlichen Beh\u00f6rde \u2013 in Polen vom Justizministerium \u2013 erm\u00e4chtigt sind. Vereidigte \u00dcbersetzer haben das Recht, die \u00dcbereinstimmung der \u00dcbersetzung mit dem Original zu bescheinigen, wodurch diese Dokumente offiziell werden.&hellip;<\/p>\n","protected":false},"author":1,"featured_media":0,"parent":0,"menu_order":0,"comment_status":"closed","ping_status":"closed","template":"","meta":{"footnotes":""},"class_list":["post-3774","page","type-page","status-publish","hentry","description-off"],"yoast_head":"<!-- This site is optimized with the Yoast SEO plugin v27.2 - https:\/\/yoast.com\/product\/yoast-seo-wordpress\/ -->\n<title>Beglaubigte \u00dcbersetzungen f\u00fcr Firmen &#8211; Wratislavia Translation House<\/title>\n<meta name=\"robots\" content=\"index, follow, max-snippet:-1, max-image-preview:large, max-video-preview:-1\" \/>\n<link rel=\"canonical\" href=\"https:\/\/wth.pl\/de\/beglaubigte-uebersetzungen-fuer-firmen\/\" \/>\n<meta property=\"og:locale\" content=\"de_DE\" \/>\n<meta property=\"og:type\" content=\"article\" \/>\n<meta property=\"og:title\" content=\"Beglaubigte \u00dcbersetzungen f\u00fcr Firmen &#8211; Wratislavia Translation House\" \/>\n<meta property=\"og:description\" content=\"[vc_row][vc_column][vc_column_text css=&#8220;&#8220;]Beglaubigte \u00dcbersetzungen f\u00fcr Unternehmen, auch beglaubigte oder beglaubigte \u00dcbersetzungen genannt, sind eine Dienstleistung, die von \u00dcbersetzern mit entsprechender Qualifikation durchgef\u00fchrt wird, die von der zust\u00e4ndigen staatlichen Beh\u00f6rde \u2013 in Polen vom Justizministerium \u2013 erm\u00e4chtigt sind. Vereidigte \u00dcbersetzer haben das Recht, die \u00dcbereinstimmung der \u00dcbersetzung mit dem Original zu bescheinigen, wodurch diese Dokumente offiziell werden.&hellip;\" \/>\n<meta property=\"og:url\" content=\"https:\/\/wth.pl\/de\/beglaubigte-uebersetzungen-fuer-firmen\/\" \/>\n<meta property=\"og:site_name\" content=\"Wratislavia Translation House\" \/>\n<meta property=\"article:modified_time\" content=\"2025-03-26T11:08:03+00:00\" \/>\n<meta name=\"twitter:card\" content=\"summary_large_image\" \/>\n<meta name=\"twitter:label1\" content=\"Gesch\u00e4tzte Lesezeit\" \/>\n\t<meta name=\"twitter:data1\" content=\"4\u00a0Minuten\" \/>\n<script type=\"application\/ld+json\" class=\"yoast-schema-graph\">{\"@context\":\"https:\/\/schema.org\",\"@graph\":[{\"@type\":\"WebPage\",\"@id\":\"https:\/\/wth.pl\/de\/beglaubigte-uebersetzungen-fuer-firmen\/\",\"url\":\"https:\/\/wth.pl\/de\/beglaubigte-uebersetzungen-fuer-firmen\/\",\"name\":\"Beglaubigte \u00dcbersetzungen f\u00fcr Firmen &#8211; Wratislavia Translation House\",\"isPartOf\":{\"@id\":\"https:\/\/wth.pl\/de\/#website\"},\"datePublished\":\"2025-03-26T11:08:02+00:00\",\"dateModified\":\"2025-03-26T11:08:03+00:00\",\"breadcrumb\":{\"@id\":\"https:\/\/wth.pl\/de\/beglaubigte-uebersetzungen-fuer-firmen\/#breadcrumb\"},\"inLanguage\":\"de\",\"potentialAction\":[{\"@type\":\"ReadAction\",\"target\":[\"https:\/\/wth.pl\/de\/beglaubigte-uebersetzungen-fuer-firmen\/\"]}]},{\"@type\":\"BreadcrumbList\",\"@id\":\"https:\/\/wth.pl\/de\/beglaubigte-uebersetzungen-fuer-firmen\/#breadcrumb\",\"itemListElement\":[{\"@type\":\"ListItem\",\"position\":1,\"name\":\"Strona g\u0142\u00f3wna\",\"item\":\"https:\/\/wth.pl\/de\/\"},{\"@type\":\"ListItem\",\"position\":2,\"name\":\"Beglaubigte \u00dcbersetzungen f\u00fcr Firmen\"}]},{\"@type\":\"WebSite\",\"@id\":\"https:\/\/wth.pl\/de\/#website\",\"url\":\"https:\/\/wth.pl\/de\/\",\"name\":\"Wratislavia Translation House\",\"description\":\"Professionelles \u00dcbersetzungsb\u00fcro in Breslau\",\"potentialAction\":[{\"@type\":\"SearchAction\",\"target\":{\"@type\":\"EntryPoint\",\"urlTemplate\":\"https:\/\/wth.pl\/de\/?s={search_term_string}\"},\"query-input\":{\"@type\":\"PropertyValueSpecification\",\"valueRequired\":true,\"valueName\":\"search_term_string\"}}],\"inLanguage\":\"de\"}]}<\/script>\n<!-- \/ Yoast SEO plugin. -->","yoast_head_json":{"title":"Beglaubigte \u00dcbersetzungen f\u00fcr Firmen &#8211; Wratislavia Translation House","robots":{"index":"index","follow":"follow","max-snippet":"max-snippet:-1","max-image-preview":"max-image-preview:large","max-video-preview":"max-video-preview:-1"},"canonical":"https:\/\/wth.pl\/de\/beglaubigte-uebersetzungen-fuer-firmen\/","og_locale":"de_DE","og_type":"article","og_title":"Beglaubigte \u00dcbersetzungen f\u00fcr Firmen &#8211; Wratislavia Translation House","og_description":"[vc_row][vc_column][vc_column_text css=&#8220;&#8220;]Beglaubigte \u00dcbersetzungen f\u00fcr Unternehmen, auch beglaubigte oder beglaubigte \u00dcbersetzungen genannt, sind eine Dienstleistung, die von \u00dcbersetzern mit entsprechender Qualifikation durchgef\u00fchrt wird, die von der zust\u00e4ndigen staatlichen Beh\u00f6rde \u2013 in Polen vom Justizministerium \u2013 erm\u00e4chtigt sind. Vereidigte \u00dcbersetzer haben das Recht, die \u00dcbereinstimmung der \u00dcbersetzung mit dem Original zu bescheinigen, wodurch diese Dokumente offiziell werden.&hellip;","og_url":"https:\/\/wth.pl\/de\/beglaubigte-uebersetzungen-fuer-firmen\/","og_site_name":"Wratislavia Translation House","article_modified_time":"2025-03-26T11:08:03+00:00","twitter_card":"summary_large_image","twitter_misc":{"Gesch\u00e4tzte Lesezeit":"4\u00a0Minuten"},"schema":{"@context":"https:\/\/schema.org","@graph":[{"@type":"WebPage","@id":"https:\/\/wth.pl\/de\/beglaubigte-uebersetzungen-fuer-firmen\/","url":"https:\/\/wth.pl\/de\/beglaubigte-uebersetzungen-fuer-firmen\/","name":"Beglaubigte \u00dcbersetzungen f\u00fcr Firmen &#8211; Wratislavia Translation House","isPartOf":{"@id":"https:\/\/wth.pl\/de\/#website"},"datePublished":"2025-03-26T11:08:02+00:00","dateModified":"2025-03-26T11:08:03+00:00","breadcrumb":{"@id":"https:\/\/wth.pl\/de\/beglaubigte-uebersetzungen-fuer-firmen\/#breadcrumb"},"inLanguage":"de","potentialAction":[{"@type":"ReadAction","target":["https:\/\/wth.pl\/de\/beglaubigte-uebersetzungen-fuer-firmen\/"]}]},{"@type":"BreadcrumbList","@id":"https:\/\/wth.pl\/de\/beglaubigte-uebersetzungen-fuer-firmen\/#breadcrumb","itemListElement":[{"@type":"ListItem","position":1,"name":"Strona g\u0142\u00f3wna","item":"https:\/\/wth.pl\/de\/"},{"@type":"ListItem","position":2,"name":"Beglaubigte \u00dcbersetzungen f\u00fcr Firmen"}]},{"@type":"WebSite","@id":"https:\/\/wth.pl\/de\/#website","url":"https:\/\/wth.pl\/de\/","name":"Wratislavia Translation House","description":"Professionelles \u00dcbersetzungsb\u00fcro in Breslau","potentialAction":[{"@type":"SearchAction","target":{"@type":"EntryPoint","urlTemplate":"https:\/\/wth.pl\/de\/?s={search_term_string}"},"query-input":{"@type":"PropertyValueSpecification","valueRequired":true,"valueName":"search_term_string"}}],"inLanguage":"de"}]}},"_links":{"self":[{"href":"https:\/\/wth.pl\/de\/wp-json\/wp\/v2\/pages\/3774","targetHints":{"allow":["GET"]}}],"collection":[{"href":"https:\/\/wth.pl\/de\/wp-json\/wp\/v2\/pages"}],"about":[{"href":"https:\/\/wth.pl\/de\/wp-json\/wp\/v2\/types\/page"}],"author":[{"embeddable":true,"href":"https:\/\/wth.pl\/de\/wp-json\/wp\/v2\/users\/1"}],"replies":[{"embeddable":true,"href":"https:\/\/wth.pl\/de\/wp-json\/wp\/v2\/comments?post=3774"}],"version-history":[{"count":2,"href":"https:\/\/wth.pl\/de\/wp-json\/wp\/v2\/pages\/3774\/revisions"}],"predecessor-version":[{"id":3776,"href":"https:\/\/wth.pl\/de\/wp-json\/wp\/v2\/pages\/3774\/revisions\/3776"}],"wp:attachment":[{"href":"https:\/\/wth.pl\/de\/wp-json\/wp\/v2\/media?parent=3774"}],"curies":[{"name":"wp","href":"https:\/\/api.w.org\/{rel}","templated":true}]}}