{"id":4135,"date":"2026-03-09T16:44:25","date_gmt":"2026-03-09T15:44:25","guid":{"rendered":"https:\/\/wth.pl\/tuerkisch\/"},"modified":"2026-03-26T16:34:39","modified_gmt":"2026-03-26T15:34:39","slug":"tuerkisch","status":"publish","type":"page","link":"https:\/\/wth.pl\/de\/tuerkisch\/","title":{"rendered":"T\u00fcrkisch"},"content":{"rendered":"<div class=\"wpb-content-wrapper\"><p>[vc_row][vc_column]<style type=\"text\/css\" data-type=\"the7_shortcodes-inline-css\">.shortcode-single-image-wrap.shortcode-single-image-4e0eaa884224a3dda3d9c3b0efcbec0f.enable-bg-rollover .rollover i,\n.shortcode-single-image-wrap.shortcode-single-image-4e0eaa884224a3dda3d9c3b0efcbec0f.enable-bg-rollover .rollover-video i {\n  background: -webkit-linear-gradient();\n  background: linear-gradient();\n}\n.shortcode-single-image-wrap.shortcode-single-image-4e0eaa884224a3dda3d9c3b0efcbec0f .rollover-icon {\n  font-size: 32px;\n  color: #ffffff;\n  min-width: 44px;\n  min-height: 44px;\n  line-height: 44px;\n  border-radius: 100px;\n  border-style: solid;\n  border-width: 0px;\n}\n.dt-icon-bg-on.shortcode-single-image-wrap.shortcode-single-image-4e0eaa884224a3dda3d9c3b0efcbec0f .rollover-icon {\n  background: rgba(255,255,255,0.3);\n  box-shadow: none;\n}<\/style><div class=\"shortcode-single-image-wrap shortcode-single-image-4e0eaa884224a3dda3d9c3b0efcbec0f alignnone  vc_custom_1594132524268 enable-bg-rollover dt-icon-bg-off\" ><div class=\"shortcode-single-image\"><div class=\"fancy-media-wrap  layzr-bg\" style=\"\"><img fetchpriority=\"high\" decoding=\"async\" class=\"preload-me lazy-load aspect\" src=\"data:image\/svg+xml,%3Csvg%20xmlns%3D&#39;http%3A%2F%2Fwww.w3.org%2F2000%2Fsvg&#39;%20viewBox%3D&#39;0%200%201000%20600&#39;%2F%3E\" data-src=\"https:\/\/wth.pl\/wp-content\/uploads\/2020\/07\/wth-15-1-1000x600.jpg\" data-srcset=\"https:\/\/wth.pl\/wp-content\/uploads\/2020\/07\/wth-15-1-1000x600.jpg 1000w, https:\/\/wth.pl\/wp-content\/uploads\/2020\/07\/wth-15-1-1979x1188.jpg 1979w\" loading=\"eager\" sizes=\"(max-width: 1000px) 100vw, 1000px\" width=\"1000\" height=\"600\"  data-dt-location=\"https:\/\/wth.pl\/de\/wth-15-1\/\" style=\"--ratio: 1000 \/ 600;\" alt=\"\" \/><\/div><\/div><\/div><div id=\"ultimate-heading-218369e4e1ce64d82\" class=\"uvc-heading ult-adjust-bottom-margin ultimate-heading-218369e4e1ce64d82 uvc-7901 \" data-hspacer=\"no_spacer\"  data-halign=\"left\" style=\"text-align:left\"><div class=\"uvc-heading-spacer no_spacer\" style=\"top\"><\/div><div class=\"uvc-main-heading ult-responsive\"  data-ultimate-target='.uvc-heading.ultimate-heading-218369e4e1ce64d82 h1'  data-responsive-json-new='{\"font-size\":\"desktop:45px;mobile_landscape:34px;\",\"line-height\":\"desktop:60px;mobile_landscape:46px;\"}' ><h1 style=\"font-family:&#039;Roboto&#039;;font-weight:700;color:#333333;margin-bottom:30px;\">Professionelle \u00dcbersetzungen ins und aus dem T\u00fcrkischen f\u00fcr Unternehmen und Institutionen<\/h1><\/div><\/div>[vc_column_text css=&#8220;&#8220;]Willkommen bei uns! Wir fertigen \u00dcbersetzungen ins und aus dem T\u00fcrkischen sowie beglaubigte \u00dcbersetzungen im Sprachpaar T\u00fcrkisch-Polnisch mit h\u00f6chster Pr\u00e4zision \u2013 so perfekt wie ein Baklava aus der besten t\u00fcrkischen Konditorei.<\/p>\n<p>Wir betreuen Unternehmen aus den Bereichen Recht, Finanzen, IT, E-Commerce und Wirtschaft \u2013 egal, ob Sie auf dem polnischen Markt t\u00e4tig sind oder eine Expansion bis zum Bosporus planen.<\/p>\n<p>\u00dcbrigens: Wussten Sie, dass T\u00fcrkisch im Polnischen viel pr\u00e4senter ist, als Sie vielleicht denken? Mehr dazu gleich\u2026<\/p>\n<h2>Professionelle \u00dcbersetzungen in den Bereichen Wirtschaft, Recht und Finanzen \u2013 so zuverl\u00e4ssig wie t\u00fcrkischer Stahl aus Anatolien<\/h2>\n<p>Unternehmensdokumente, Vertr\u00e4ge, Verordnungen, Finanzberichte und Gesch\u00e4ftskorrespondenz \u2013 wir \u00fcbersetzen all dies mit gr\u00f6\u00dfter Sorgfalt f\u00fcr Terminologie und Form.<\/p>\n<p>\u00dcbersetzungen ins und aus dem T\u00fcrkischen im Bereich Recht und Finanzen geh\u00f6ren zu unserem Tagesgesch\u00e4ft. Unsere Kunden sch\u00e4tzen unsere Klarheit, Genauigkeit und Schnelligkeit.<\/p>\n<p>Nichts erfreut einen Anwalt so sehr wie ein perfekt \u00fcbersetztes Dokument \u2026 nun ja, vielleicht abgesehen von t\u00fcrkischem Kaffee.<\/p>\n<h2>IT, Technologie und E-Commerce \u2013 T\u00fcrkisch spricht auch die digitale Welt<\/h2>\n<p>Wenn Sie einen Onlineshop entwickeln, Software implementieren oder mobile Apps erstellen, helfen wir Ihnen, t\u00fcrkischsprachige Nutzer zu erreichen.<\/p>\n<h3>T\u00fcrkisch-Polnische \u00dcbersetzungen. Wir \u00fcbersetzen:<\/h3>\n<ul>\n<li>Produktinhalte und Kategoriebeschreibungen,<\/li>\n<li>technische Dokumentationen,<\/li>\n<li>Benutzeroberfl\u00e4chen,<\/li>\n<li>Systemmeldungen,<\/li>\n<li>Newsletter und Marketingmaterialien.<\/li>\n<\/ul>\n<p>\u00dcbrigens: Ist Ihnen aufgefallen, dass das t\u00fcrkische Wort f\u00fcr \u201eLaden\u201c \u201ema\u011faza\u201c lautet und unserem Wort f\u00fcr \u201eZeitschrift\u201c verbl\u00fcffend \u00e4hnlich sieht? Solche kulturellen und sprachlichen Feinheiten lieben wir besonders.<\/p>\n<h2>Beglaubigte T\u00fcrkisch-Polnische \u00dcbersetzungen \u2013 f\u00fcr Unternehmen, die absolute Sicherheit ben\u00f6tigen<\/h2>\n<p>Ben\u00f6tigen Sie eine beglaubigte \u00dcbersetzung? Wir erledigen das schnell und pr\u00e4zise.<\/p>\n<h3>T\u00fcrkisch-Polnische \u00dcbersetzungen. Wir erstellen:<\/h3>\n<ul>\n<li>Unternehmensregistrierungsdokumente,<\/li>\n<li>Vollmachten,<\/li>\n<li>Vertr\u00e4ge,<\/li>\n<li>Urkunden und offizielle Dokumente,<\/li>\n<li>Buchhaltungs- und Rechtsdokumente.<\/li>\n<\/ul>\n<p>Wir bringen das Siegel ohne weitere Komplikationen an \u2013 ganz ohne Drama \u2013 auch wenn es sich wie das Finale einer t\u00fcrkischen Fernsehserie anh\u00f6rt.<\/p>\n<h3>Sprachliche Besonderheiten zwischen Polnisch und T\u00fcrkisch, die jeden \u00fcberraschen<\/h3>\n<p>Polnisch und T\u00fcrkisch haben mehr gemeinsam, als man denkt:<\/p>\n<p>Lehnw\u00f6rter, die ihren Weg ins Polnische gefunden haben<br \/>\nJa, davon gibt es viele!<\/p>\n<ul>\n<li>Wassermelone (t\u00fcrkisch: karpuz)<\/li>\n<li>Basar \u2192 bazar<\/li>\n<li>janczar, szasz\u0142yk, tulipan, dywan \u2013 auch das sind Spuren t\u00fcrkischer Geschichte<\/li>\n<\/ul>\n<p>Und wo wir gerade von t\u00fcrkischen Einfl\u00fcssen sprechen \u2026 Kebab ist praktisch zum polnischen Nationalgericht geworden \u2013 neben Pizza nat\u00fcrlich. Wenn es jemals ein globales Ranking der besten Streetfood-Gerichte g\u00e4be, bek\u00e4me der polnische Kebab wahrscheinlich eine eigene Kategorie.<\/p>\n<h3>\u00c4hnliche Sprichw\u00f6rter, aber aus einer anderen Welt<\/h3>\n<ul>\n<li>Polnisch: Wie man sich bettet, so liegt man.<\/li>\n<li>T\u00fcrkisch: Ne ekersen, onu bi\u00e7ersin \u2013 \u201eWas man s\u00e4t, das erntet man.\u201c<\/li>\n<\/ul>\n<p>Es ist offensichtlich, dass die Menschen schon vor langer Zeit sowohl an der Weichsel als auch am Bosporus das Prinzip des Karmas entdeckt haben.<\/p>\n<h3>Polen in der T\u00fcrkei, T\u00fcrken in Polen \u2013 ein paar interessante Details<\/h3>\n<ul>\n<li>In der T\u00fcrkei verbindet man uns vor allem mit <strong><a href=\"https:\/\/de.wikipedia.org\/wiki\/Adam_Mickiewicz\">Adam Mickiewicz<\/a><\/strong>, der in Istanbul starb und dem dort ein eigenes Museum gewidmet ist.<\/li>\n<li>In Polen kannten und kennen wir viele wunderbare T\u00fcrken \u2013 von Sportlern \u00fcber Kulturschaffende bis hin zur t\u00fcrkischen Kulinarik (ja, genau, der Kebab!). Und doch gibt es bei uns auch polnische Tataren, die in Orten wie Bohoniki und Kruszyniany leben \u2013 eine Gemeinschaft, die die Kulturen, K\u00fcchen und Traditionen Europas und des Orients vereint. Ein perfekter Beweis daf\u00fcr, dass Vielfalt immer bereichert.<\/li>\n<\/ul>\n<p>Und wo wir gerade von T\u00fcrken sprechen \u2026 der Pole, der Murad Pascha wurde:<\/p>\n<ul>\n<li>Apropos t\u00fcrkische \u00dcbersetzungen \u2013 nur wenige Nationen k\u00f6nnen von sich behaupten, dass ihr General \u2026 sein Leben als t\u00fcrkischer Pascha beendete. Ja, wir sprechen von <strong><a href=\"https:\/\/de.wikipedia.org\/wiki\/J%C3%B3zef_Bem\">J\u00f3zef Bem<\/a><\/strong>, unserem Nationalhelden, der nach turbulenten Jahren des Kampfes in Polen und Ungarn im Osmanischen Reich landete, zum Islam konvertierte, den Namen Murad Pascha annahm und dem Sultan als Milit\u00e4rkommandant diente. [gov.pl], [annaskora.pl]<\/li>\n<li>Er verbrachte seine letzten Jahre im Dienst des Osmanischen Staates und starb in Aleppo, das 1850 noch zu diesem Reich geh\u00f6rte. Dies ist ein wunderbarer Beweis daf\u00fcr, dass Polen und T\u00fcrken miteinander kommunizieren k\u00f6nnen \u2013 selbst auf einer so hohen Ebene wie der von General Pascha. J\u00f3zef Bem hat zweifellos mehr f\u00fcr die polnisch-t\u00fcrkischen Beziehungen getan als so mancher Au\u00dfenminister.<\/li>\n<\/ul>\n<h3>Warum wir? Weil wir die Sprache, die Kultur und die wirtschaftlichen Gegebenheiten kennen<\/h3>\n<p>Mit unseren \u00dcbersetzungen ins T\u00fcrkische, \u00dcbersetzungen aus dem T\u00fcrkischen und beglaubigten T\u00fcrkisch-Polnischen \u00dcbersetzungen erhalten Sie:<\/p>\n<ul>\n<li>Zuverl\u00e4ssigkeit,<\/li>\n<li>P\u00fcnktlichkeit,<\/li>\n<li>fundiertes Branchenwissen,<\/li>\n<li>und eine Prise Humor \u2013 denn Sprache kann auch Spa\u00df machen.<\/li>\n<\/ul>\n<h3>Bestellen Sie eine \u00dcbersetzung ins oder aus dem T\u00fcrkischen \u2013 wir k\u00fcmmern uns um den Rest<\/h3>\n<p><a href=\"https:\/\/wth.pl\/de\/kontakt\/\">Kontaktieren Sie uns.<\/a> W\u00e4hrend Sie einen Kebab (oder Baklava) genie\u00dfen, erledigen wir Ihre Dokumente.[\/vc_column_text][\/vc_column][\/vc_row]<\/p>\n<\/div>","protected":false},"excerpt":{"rendered":"<p>[vc_row][vc_column][vc_column_text css=&#8220;&#8220;]Willkommen bei uns! Wir fertigen \u00dcbersetzungen ins und aus dem T\u00fcrkischen sowie beglaubigte \u00dcbersetzungen im Sprachpaar T\u00fcrkisch-Polnisch mit h\u00f6chster Pr\u00e4zision \u2013 so perfekt wie ein Baklava aus der besten t\u00fcrkischen Konditorei. Wir betreuen Unternehmen aus den Bereichen Recht, Finanzen, IT, E-Commerce und Wirtschaft \u2013 egal, ob Sie auf dem polnischen Markt t\u00e4tig sind oder&hellip;<\/p>\n","protected":false},"author":1,"featured_media":0,"parent":0,"menu_order":0,"comment_status":"closed","ping_status":"closed","template":"","meta":{"footnotes":""},"class_list":["post-4135","page","type-page","status-publish","hentry","description-off"],"yoast_head":"<!-- This site is optimized with the Yoast SEO plugin v27.2 - https:\/\/yoast.com\/product\/yoast-seo-wordpress\/ -->\n<title>T\u00fcrkisch &#8211; Wratislavia Translation House<\/title>\n<meta name=\"description\" content=\"Beglaubigte T\u00fcrkisch-Polnische \u00dcbersetzungen. Bestellen Sie eine \u00dcbersetzung ins oder aus dem T\u00fcrkischen \u2013 wir k\u00fcmmern uns um den Rest\" \/>\n<meta name=\"robots\" content=\"index, follow, max-snippet:-1, max-image-preview:large, max-video-preview:-1\" \/>\n<link rel=\"canonical\" href=\"https:\/\/wth.pl\/de\/tuerkisch\/\" \/>\n<meta property=\"og:locale\" content=\"de_DE\" \/>\n<meta property=\"og:type\" content=\"article\" \/>\n<meta property=\"og:title\" content=\"T\u00fcrkisch &#8211; Wratislavia Translation House\" \/>\n<meta property=\"og:description\" content=\"Beglaubigte T\u00fcrkisch-Polnische \u00dcbersetzungen. Bestellen Sie eine \u00dcbersetzung ins oder aus dem T\u00fcrkischen \u2013 wir k\u00fcmmern uns um den Rest\" \/>\n<meta property=\"og:url\" content=\"https:\/\/wth.pl\/de\/tuerkisch\/\" \/>\n<meta property=\"og:site_name\" content=\"Wratislavia Translation House\" \/>\n<meta property=\"article:modified_time\" content=\"2026-03-26T15:34:39+00:00\" \/>\n<meta name=\"twitter:card\" content=\"summary_large_image\" \/>\n<meta name=\"twitter:label1\" content=\"Gesch\u00e4tzte Lesezeit\" \/>\n\t<meta name=\"twitter:data1\" content=\"5\u00a0Minuten\" \/>\n<script type=\"application\/ld+json\" class=\"yoast-schema-graph\">{\"@context\":\"https:\/\/schema.org\",\"@graph\":[{\"@type\":\"WebPage\",\"@id\":\"https:\/\/wth.pl\/de\/tuerkisch\/\",\"url\":\"https:\/\/wth.pl\/de\/tuerkisch\/\",\"name\":\"T\u00fcrkisch &#8211; Wratislavia Translation House\",\"isPartOf\":{\"@id\":\"https:\/\/wth.pl\/de\/#website\"},\"datePublished\":\"2026-03-09T15:44:25+00:00\",\"dateModified\":\"2026-03-26T15:34:39+00:00\",\"description\":\"Beglaubigte T\u00fcrkisch-Polnische \u00dcbersetzungen. Bestellen Sie eine \u00dcbersetzung ins oder aus dem T\u00fcrkischen \u2013 wir k\u00fcmmern uns um den Rest\",\"breadcrumb\":{\"@id\":\"https:\/\/wth.pl\/de\/tuerkisch\/#breadcrumb\"},\"inLanguage\":\"de\",\"potentialAction\":[{\"@type\":\"ReadAction\",\"target\":[\"https:\/\/wth.pl\/de\/tuerkisch\/\"]}]},{\"@type\":\"BreadcrumbList\",\"@id\":\"https:\/\/wth.pl\/de\/tuerkisch\/#breadcrumb\",\"itemListElement\":[{\"@type\":\"ListItem\",\"position\":1,\"name\":\"Strona g\u0142\u00f3wna\",\"item\":\"https:\/\/wth.pl\/de\/\"},{\"@type\":\"ListItem\",\"position\":2,\"name\":\"T\u00fcrkisch\"}]},{\"@type\":\"WebSite\",\"@id\":\"https:\/\/wth.pl\/de\/#website\",\"url\":\"https:\/\/wth.pl\/de\/\",\"name\":\"Wratislavia Translation House\",\"description\":\"Professionelles \u00dcbersetzungsb\u00fcro in Breslau\",\"potentialAction\":[{\"@type\":\"SearchAction\",\"target\":{\"@type\":\"EntryPoint\",\"urlTemplate\":\"https:\/\/wth.pl\/de\/?s={search_term_string}\"},\"query-input\":{\"@type\":\"PropertyValueSpecification\",\"valueRequired\":true,\"valueName\":\"search_term_string\"}}],\"inLanguage\":\"de\"}]}<\/script>\n<!-- \/ Yoast SEO plugin. -->","yoast_head_json":{"title":"T\u00fcrkisch &#8211; Wratislavia Translation House","description":"Beglaubigte T\u00fcrkisch-Polnische \u00dcbersetzungen. Bestellen Sie eine \u00dcbersetzung ins oder aus dem T\u00fcrkischen \u2013 wir k\u00fcmmern uns um den Rest","robots":{"index":"index","follow":"follow","max-snippet":"max-snippet:-1","max-image-preview":"max-image-preview:large","max-video-preview":"max-video-preview:-1"},"canonical":"https:\/\/wth.pl\/de\/tuerkisch\/","og_locale":"de_DE","og_type":"article","og_title":"T\u00fcrkisch &#8211; Wratislavia Translation House","og_description":"Beglaubigte T\u00fcrkisch-Polnische \u00dcbersetzungen. Bestellen Sie eine \u00dcbersetzung ins oder aus dem T\u00fcrkischen \u2013 wir k\u00fcmmern uns um den Rest","og_url":"https:\/\/wth.pl\/de\/tuerkisch\/","og_site_name":"Wratislavia Translation House","article_modified_time":"2026-03-26T15:34:39+00:00","twitter_card":"summary_large_image","twitter_misc":{"Gesch\u00e4tzte Lesezeit":"5\u00a0Minuten"},"schema":{"@context":"https:\/\/schema.org","@graph":[{"@type":"WebPage","@id":"https:\/\/wth.pl\/de\/tuerkisch\/","url":"https:\/\/wth.pl\/de\/tuerkisch\/","name":"T\u00fcrkisch &#8211; Wratislavia Translation House","isPartOf":{"@id":"https:\/\/wth.pl\/de\/#website"},"datePublished":"2026-03-09T15:44:25+00:00","dateModified":"2026-03-26T15:34:39+00:00","description":"Beglaubigte T\u00fcrkisch-Polnische \u00dcbersetzungen. Bestellen Sie eine \u00dcbersetzung ins oder aus dem T\u00fcrkischen \u2013 wir k\u00fcmmern uns um den Rest","breadcrumb":{"@id":"https:\/\/wth.pl\/de\/tuerkisch\/#breadcrumb"},"inLanguage":"de","potentialAction":[{"@type":"ReadAction","target":["https:\/\/wth.pl\/de\/tuerkisch\/"]}]},{"@type":"BreadcrumbList","@id":"https:\/\/wth.pl\/de\/tuerkisch\/#breadcrumb","itemListElement":[{"@type":"ListItem","position":1,"name":"Strona g\u0142\u00f3wna","item":"https:\/\/wth.pl\/de\/"},{"@type":"ListItem","position":2,"name":"T\u00fcrkisch"}]},{"@type":"WebSite","@id":"https:\/\/wth.pl\/de\/#website","url":"https:\/\/wth.pl\/de\/","name":"Wratislavia Translation House","description":"Professionelles \u00dcbersetzungsb\u00fcro in Breslau","potentialAction":[{"@type":"SearchAction","target":{"@type":"EntryPoint","urlTemplate":"https:\/\/wth.pl\/de\/?s={search_term_string}"},"query-input":{"@type":"PropertyValueSpecification","valueRequired":true,"valueName":"search_term_string"}}],"inLanguage":"de"}]}},"_links":{"self":[{"href":"https:\/\/wth.pl\/de\/wp-json\/wp\/v2\/pages\/4135","targetHints":{"allow":["GET"]}}],"collection":[{"href":"https:\/\/wth.pl\/de\/wp-json\/wp\/v2\/pages"}],"about":[{"href":"https:\/\/wth.pl\/de\/wp-json\/wp\/v2\/types\/page"}],"author":[{"embeddable":true,"href":"https:\/\/wth.pl\/de\/wp-json\/wp\/v2\/users\/1"}],"replies":[{"embeddable":true,"href":"https:\/\/wth.pl\/de\/wp-json\/wp\/v2\/comments?post=4135"}],"version-history":[{"count":7,"href":"https:\/\/wth.pl\/de\/wp-json\/wp\/v2\/pages\/4135\/revisions"}],"predecessor-version":[{"id":4284,"href":"https:\/\/wth.pl\/de\/wp-json\/wp\/v2\/pages\/4135\/revisions\/4284"}],"wp:attachment":[{"href":"https:\/\/wth.pl\/de\/wp-json\/wp\/v2\/media?parent=4135"}],"curies":[{"name":"wp","href":"https:\/\/api.w.org\/{rel}","templated":true}]}}