{"id":4143,"date":"2026-03-09T16:54:48","date_gmt":"2026-03-09T15:54:48","guid":{"rendered":"https:\/\/wth.pl\/portugiesisch\/"},"modified":"2026-03-10T13:40:01","modified_gmt":"2026-03-10T12:40:01","slug":"portugiesisch","status":"publish","type":"page","link":"https:\/\/wth.pl\/de\/portugiesisch\/","title":{"rendered":"Portugiesisch"},"content":{"rendered":"<div class=\"wpb-content-wrapper\"><p>[vc_row][vc_column]<style type=\"text\/css\" data-type=\"the7_shortcodes-inline-css\">.shortcode-single-image-wrap.shortcode-single-image-4e0eaa884224a3dda3d9c3b0efcbec0f.enable-bg-rollover .rollover i,\n.shortcode-single-image-wrap.shortcode-single-image-4e0eaa884224a3dda3d9c3b0efcbec0f.enable-bg-rollover .rollover-video i {\n  background: -webkit-linear-gradient();\n  background: linear-gradient();\n}\n.shortcode-single-image-wrap.shortcode-single-image-4e0eaa884224a3dda3d9c3b0efcbec0f .rollover-icon {\n  font-size: 32px;\n  color: #ffffff;\n  min-width: 44px;\n  min-height: 44px;\n  line-height: 44px;\n  border-radius: 100px;\n  border-style: solid;\n  border-width: 0px;\n}\n.dt-icon-bg-on.shortcode-single-image-wrap.shortcode-single-image-4e0eaa884224a3dda3d9c3b0efcbec0f .rollover-icon {\n  background: rgba(255,255,255,0.3);\n  box-shadow: none;\n}<\/style><div class=\"shortcode-single-image-wrap shortcode-single-image-4e0eaa884224a3dda3d9c3b0efcbec0f alignnone  vc_custom_1594132524268 enable-bg-rollover dt-icon-bg-off\" ><div class=\"shortcode-single-image\"><div class=\"fancy-media-wrap  layzr-bg\" style=\"\"><img fetchpriority=\"high\" decoding=\"async\" class=\"preload-me lazy-load aspect\" src=\"data:image\/svg+xml,%3Csvg%20xmlns%3D&#39;http%3A%2F%2Fwww.w3.org%2F2000%2Fsvg&#39;%20viewBox%3D&#39;0%200%201000%20600&#39;%2F%3E\" data-src=\"https:\/\/wth.pl\/wp-content\/uploads\/2020\/07\/wth-15-1-1000x600.jpg\" data-srcset=\"https:\/\/wth.pl\/wp-content\/uploads\/2020\/07\/wth-15-1-1000x600.jpg 1000w, https:\/\/wth.pl\/wp-content\/uploads\/2020\/07\/wth-15-1-1979x1188.jpg 1979w\" loading=\"eager\" sizes=\"(max-width: 1000px) 100vw, 1000px\" width=\"1000\" height=\"600\"  data-dt-location=\"https:\/\/wth.pl\/de\/wth-15-1\/\" style=\"--ratio: 1000 \/ 600;\" alt=\"\" \/><\/div><\/div><\/div><div id=\"ultimate-heading-679669e4e19193891\" class=\"uvc-heading ult-adjust-bottom-margin ultimate-heading-679669e4e19193891 uvc-4317 \" data-hspacer=\"no_spacer\"  data-halign=\"left\" style=\"text-align:left\"><div class=\"uvc-heading-spacer no_spacer\" style=\"top\"><\/div><div class=\"uvc-main-heading ult-responsive\"  data-ultimate-target='.uvc-heading.ultimate-heading-679669e4e19193891 h1'  data-responsive-json-new='{\"font-size\":\"desktop:45px;mobile_landscape:34px;\",\"line-height\":\"desktop:60px;mobile_landscape:46px;\"}' ><h1 style=\"font-family:&#039;Roboto&#039;;font-weight:700;color:#333333;margin-bottom:30px;\">\u00dcbersetzungen ins und aus dem Portugiesischen \u2013 professionell, schnell und mit einem L\u00e4cheln<\/h1><\/div><\/div>[vc_column_text css=&#8220;&#8220;]Willkommen bei uns! \u00dcbersetzungen ins und aus dem Portugiesischen sowie beglaubigte \u00dcbersetzungen ins Portugiesische klingen so nat\u00fcrlich wie ein freundliches \u201eBom d\u00eda\u201c an einem Morgen \u00fcber dem Atlantik.<\/p>\n<p>Wir betreuen Unternehmen, Anwaltskanzleien, Tech-Startups und E-Commerce-Teams, die Wert auf Pr\u00e4zision, Stil und Sprachkompetenz legen \u2013 und auf eine Prise Humor, denn ohne ihn ist selbst das portugiesische Saudade schwer zu ertragen.<\/p>\n<h2>Wirtschafts- und Rechts\u00fcbersetzungen \u2013 so solide wie portugiesische Azulejos<\/h2>\n<p>Wenn wir in den Bereichen Recht, Finanzen oder Wirtschaft ins und aus dem Portugiesischen \u00fcbersetzen, achten wir auf jedes Detail: Terminologie, kulturellen Kontext und Verst\u00e4ndlichkeit.<\/p>\n<p>Portugiesisches Recht? Unternehmensdokumente? Vertr\u00e4ge, Verordnungen, Finanzberichte?<\/p>\n<p>Wir beherrschen die Sprache so gut, dass selbst ein portugiesischer Notar anerkennend nicken w\u00fcrde (nat\u00fcrlich im Rhythmus des Fado).<\/p>\n<h2>\u00dcbersetzungen in den Bereichen IT, E-Commerce und neue Technologien \u2013 denn auch die Portugiesen lieben Innovation<\/h2>\n<p>Betreiben Sie einen Online-Shop oder entwickeln Sie SaaS-Anwendungen? Wir helfen Ihnen beim Einstieg in den portugiesischsprachigen Markt, wo Kundengewinnung so angenehm sein kann wie ein leckerer Past\u00e9is de Nata in einem Lissaboner Caf\u00e9.<\/p>\n<p>Wir \u00fcbersetzen:<\/p>\n<ul>\n<li>Produktinhalte und Kategoriebeschreibungen,<\/li>\n<li>IT-Dokumentation,<\/li>\n<li>Benutzeroberfl\u00e4chen und Systemmeldungen,<\/li>\n<li>Marketingmaterialien, Newsletter und Onboarding-Informationen.<\/li>\n<\/ul>\n<p>Schlie\u00dflich klingt \u201eIn den Warenkorb\u201c auf Portugiesisch einfach gut: adicionar ao carrinho \u2013 so melodisch, dass man am liebsten sofort darauf klicken m\u00f6chte.<\/p>\n<h2>Beglaubigte \u00dcbersetzungen ins Portugiesische \u2013 offiziell, verbindlich und stressfrei<\/h2>\n<p>Ben\u00f6tigen Sie eine beglaubigte \u00dcbersetzung eines Vertrags, einer Vollmacht, von Handelsregisterausz\u00fcgen, Zertifikaten oder Berichten f\u00fcr portugiesische Beh\u00f6rden?<\/p>\n<p>Unsere beglaubigten \u00dcbersetzungen vom Portugiesischen ins Polnische werden gem\u00e4\u00df den geltenden Standards erstellt \u2013 schnell, pr\u00e4zise und mit dem entsprechenden Siegel (ohne das keine Beh\u00f6rde t\u00e4tig wird, selbst im sonnigen Portugal).<\/p>\n<h3>Portugiesisch und Polnisch \u2013 zwei Sprachen, die sich besser verstehen, als Sie denken<\/h3>\n<p>Diese Sprachen haben ihren eigenen Charme.<\/p>\n<p>Ein paar Beispiele:<\/p>\n<ul>\n<li>Das portugiesische Wort \u201eSaudade\u201c hat keine direkte polnische Entsprechung, aber Polen lieben es besonders im November.<\/li>\n<li>Das polnische Wort \u201e\u017caba\u201c und das portugiesische Wort \u201esapo\u201c haben nichts gemeinsam, klingen aber beide lustig.<\/li>\n<li>Das Sprichwort \u201eWhat suddenly, to po diable\u201c k\u00f6nnte man mit \u201eDepressa e bem, n\u00e3o h\u00e1 quem\u201c \u00fcbersetzen \u2013 und seien wir ehrlich, es klingt wie Poesie!<\/li>\n<\/ul>\n<p>Und man muss zugeben, dass Polen und Portugiesen auch eine Schw\u00e4che f\u00fcreinander haben: Denken Sie nur daran, wie viele polnische Fans Cristiano Ronaldo unterst\u00fctzt haben oder wie herzlich die Portugiesen Robert Lewandowski behandeln!<\/p>\n<h3>Warum wir?<\/h3>\n<p>Weil wir Folgendes vereinen:<\/p>\n<ul>\n<li>perfekte Sprachkenntnisse,<\/li>\n<li>Verst\u00e4ndnis f\u00fcr die Gesch\u00e4ftskultur,<\/li>\n<li>Erfahrung in vielen Branchen,<\/li>\n<li>P\u00fcnktlichkeit,<\/li>\n<li>und eine Prise Weitblick \u2013 denn Sprache, wie Menschen, lernt man am besten mit einer lockeren Herangehensweise.<\/li>\n<\/ul>\n<p>&nbsp;<\/p>\n<h3>\u00dcbersetzungen ins Portugiesische, \u00dcbersetzungen aus dem Portugiesischen und beglaubigte \u00dcbersetzungen in portugiesisch-polnischen Sprachkombinationen \u2013 wir sind f\u00fcr Sie da!<\/h3>\n<p><a href=\"https:\/\/wth.pl\/de\/kontakt\/\">Kontaktieren Sie uns<\/a>, wenn Sie \u00dcbersetzungen f\u00fcr Ihr Unternehmen ben\u00f6tigen.<\/p>\n<p>Wir k\u00fcmmern uns um die Worte \u2013 Sie k\u00f6nnen sich in der Zwischenzeit einen Kaffee machen. Oder \u201ebica\u201c, wie man in Lissabon sagt.<\/p>\n<h3>Polnisch in Brasilien? Viel lebendiger, als Sie denken!<\/h3>\n<p>Auch wenn es wie eine Kuriosit\u00e4t aus dem Geografie-Lehrbuch klingt: Allein in Brasilien leben rund 2 Millionen Menschen polnischer Abstammung, Sch\u00e4tzungen zufolge sogar bis zu 3 Millionen. Eine gro\u00dfe Welle polnischer Auswanderer erreichte das Land im sp\u00e4ten 19. und fr\u00fchen 20. Jahrhundert, und bis heute leben Nachkommen dieser Siedler nicht nur in Brasilien, sondern auch in Argentinien und Paraguay. [en.wikipedia.org], [notesfrompoland.com]<\/p>\n<p>In der brasilianischen Gemeinde \u00c1urea wurde Polnisch neben Portugiesisch offiziell als Amtssprache anerkannt \u2013 ein Zeichen des Respekts f\u00fcr die gro\u00dfe, zu \u00fcber 90 Prozent aus Polen stammende Bev\u00f6lkerungsgruppe der Region. Diese Entscheidung ist die erste ihrer Art in der brasilianischen Geschichte und ein symbolisches Zeichen der Anerkennung des Erbes polnischer Einwanderer. [notesfrompoland.com]<\/p>\n<p>Nachkommen polnischer Auswanderer sprechen oft brasilianisches Portugiesisch, doch polnische Traditionen, Feiertage, die K\u00fcche und \u2026 der polnische Humor sind in vielen Familien weiterhin lebendig. Wie Dr. Fabricio Wichrowski, ein Forscher zur polnischen Diaspora in Brasilien, berichtet, hat sich Polnisch mancherorts \u00fcber sieben Generationen erhalten, oft trotz historischer Verbote anderer Sprachen als Portugiesisch. [uwr.edu.pl]<\/p>\n<p>Wenn wir also sagen, dass wir \u00dcbersetzungen ins oder aus dem Portugiesischen anbieten, meinen wir nicht nur die offizielle Sprache Brasiliens, sondern auch die Sprache, die von einem gro\u00dfen Teil der Nachkommen polnischer Familien in ganz S\u00fcdamerika t\u00e4glich gesprochen wird. Und sie ist wirklich wundersch\u00f6n![\/vc_column_text][\/vc_column][\/vc_row]<\/p>\n<\/div>","protected":false},"excerpt":{"rendered":"<p>[vc_row][vc_column][vc_column_text css=&#8220;&#8220;]Willkommen bei uns! \u00dcbersetzungen ins und aus dem Portugiesischen sowie beglaubigte \u00dcbersetzungen ins Portugiesische klingen so nat\u00fcrlich wie ein freundliches \u201eBom d\u00eda\u201c an einem Morgen \u00fcber dem Atlantik. Wir betreuen Unternehmen, Anwaltskanzleien, Tech-Startups und E-Commerce-Teams, die Wert auf Pr\u00e4zision, Stil und Sprachkompetenz legen \u2013 und auf eine Prise Humor, denn ohne ihn ist selbst&hellip;<\/p>\n","protected":false},"author":1,"featured_media":0,"parent":0,"menu_order":0,"comment_status":"closed","ping_status":"closed","template":"","meta":{"footnotes":""},"class_list":["post-4143","page","type-page","status-publish","hentry","description-off"],"yoast_head":"<!-- This site is optimized with the Yoast SEO plugin v27.2 - https:\/\/yoast.com\/product\/yoast-seo-wordpress\/ -->\n<title>Portugiesisch &#8211; Wratislavia Translation House<\/title>\n<meta name=\"description\" content=\"\u00dcbersetzungen ins Portugiesische, \u00dcbersetzungen aus dem Portugiesischen und beglaubigte \u00dcbersetzungen in portugiesisch-polnischen Sprachkombinationen\" \/>\n<meta name=\"robots\" content=\"index, follow, max-snippet:-1, max-image-preview:large, max-video-preview:-1\" \/>\n<link rel=\"canonical\" href=\"https:\/\/wth.pl\/de\/portugiesisch\/\" \/>\n<meta property=\"og:locale\" content=\"de_DE\" \/>\n<meta property=\"og:type\" content=\"article\" \/>\n<meta property=\"og:title\" content=\"Portugiesisch &#8211; Wratislavia Translation House\" \/>\n<meta property=\"og:description\" content=\"\u00dcbersetzungen ins Portugiesische, \u00dcbersetzungen aus dem Portugiesischen und beglaubigte \u00dcbersetzungen in portugiesisch-polnischen Sprachkombinationen\" \/>\n<meta property=\"og:url\" content=\"https:\/\/wth.pl\/de\/portugiesisch\/\" \/>\n<meta property=\"og:site_name\" content=\"Wratislavia Translation House\" \/>\n<meta property=\"article:modified_time\" content=\"2026-03-10T12:40:01+00:00\" \/>\n<meta name=\"twitter:card\" content=\"summary_large_image\" \/>\n<meta name=\"twitter:label1\" content=\"Gesch\u00e4tzte Lesezeit\" \/>\n\t<meta name=\"twitter:data1\" content=\"5\u00a0Minuten\" \/>\n<script type=\"application\/ld+json\" class=\"yoast-schema-graph\">{\"@context\":\"https:\/\/schema.org\",\"@graph\":[{\"@type\":\"WebPage\",\"@id\":\"https:\/\/wth.pl\/de\/portugiesisch\/\",\"url\":\"https:\/\/wth.pl\/de\/portugiesisch\/\",\"name\":\"Portugiesisch &#8211; Wratislavia Translation House\",\"isPartOf\":{\"@id\":\"https:\/\/wth.pl\/de\/#website\"},\"datePublished\":\"2026-03-09T15:54:48+00:00\",\"dateModified\":\"2026-03-10T12:40:01+00:00\",\"description\":\"\u00dcbersetzungen ins Portugiesische, \u00dcbersetzungen aus dem Portugiesischen und beglaubigte \u00dcbersetzungen in portugiesisch-polnischen Sprachkombinationen\",\"breadcrumb\":{\"@id\":\"https:\/\/wth.pl\/de\/portugiesisch\/#breadcrumb\"},\"inLanguage\":\"de\",\"potentialAction\":[{\"@type\":\"ReadAction\",\"target\":[\"https:\/\/wth.pl\/de\/portugiesisch\/\"]}]},{\"@type\":\"BreadcrumbList\",\"@id\":\"https:\/\/wth.pl\/de\/portugiesisch\/#breadcrumb\",\"itemListElement\":[{\"@type\":\"ListItem\",\"position\":1,\"name\":\"Strona g\u0142\u00f3wna\",\"item\":\"https:\/\/wth.pl\/de\/\"},{\"@type\":\"ListItem\",\"position\":2,\"name\":\"Portugiesisch\"}]},{\"@type\":\"WebSite\",\"@id\":\"https:\/\/wth.pl\/de\/#website\",\"url\":\"https:\/\/wth.pl\/de\/\",\"name\":\"Wratislavia Translation House\",\"description\":\"Professionelles \u00dcbersetzungsb\u00fcro in Breslau\",\"potentialAction\":[{\"@type\":\"SearchAction\",\"target\":{\"@type\":\"EntryPoint\",\"urlTemplate\":\"https:\/\/wth.pl\/de\/?s={search_term_string}\"},\"query-input\":{\"@type\":\"PropertyValueSpecification\",\"valueRequired\":true,\"valueName\":\"search_term_string\"}}],\"inLanguage\":\"de\"}]}<\/script>\n<!-- \/ Yoast SEO plugin. -->","yoast_head_json":{"title":"Portugiesisch &#8211; Wratislavia Translation House","description":"\u00dcbersetzungen ins Portugiesische, \u00dcbersetzungen aus dem Portugiesischen und beglaubigte \u00dcbersetzungen in portugiesisch-polnischen Sprachkombinationen","robots":{"index":"index","follow":"follow","max-snippet":"max-snippet:-1","max-image-preview":"max-image-preview:large","max-video-preview":"max-video-preview:-1"},"canonical":"https:\/\/wth.pl\/de\/portugiesisch\/","og_locale":"de_DE","og_type":"article","og_title":"Portugiesisch &#8211; Wratislavia Translation House","og_description":"\u00dcbersetzungen ins Portugiesische, \u00dcbersetzungen aus dem Portugiesischen und beglaubigte \u00dcbersetzungen in portugiesisch-polnischen Sprachkombinationen","og_url":"https:\/\/wth.pl\/de\/portugiesisch\/","og_site_name":"Wratislavia Translation House","article_modified_time":"2026-03-10T12:40:01+00:00","twitter_card":"summary_large_image","twitter_misc":{"Gesch\u00e4tzte Lesezeit":"5\u00a0Minuten"},"schema":{"@context":"https:\/\/schema.org","@graph":[{"@type":"WebPage","@id":"https:\/\/wth.pl\/de\/portugiesisch\/","url":"https:\/\/wth.pl\/de\/portugiesisch\/","name":"Portugiesisch &#8211; Wratislavia Translation House","isPartOf":{"@id":"https:\/\/wth.pl\/de\/#website"},"datePublished":"2026-03-09T15:54:48+00:00","dateModified":"2026-03-10T12:40:01+00:00","description":"\u00dcbersetzungen ins Portugiesische, \u00dcbersetzungen aus dem Portugiesischen und beglaubigte \u00dcbersetzungen in portugiesisch-polnischen Sprachkombinationen","breadcrumb":{"@id":"https:\/\/wth.pl\/de\/portugiesisch\/#breadcrumb"},"inLanguage":"de","potentialAction":[{"@type":"ReadAction","target":["https:\/\/wth.pl\/de\/portugiesisch\/"]}]},{"@type":"BreadcrumbList","@id":"https:\/\/wth.pl\/de\/portugiesisch\/#breadcrumb","itemListElement":[{"@type":"ListItem","position":1,"name":"Strona g\u0142\u00f3wna","item":"https:\/\/wth.pl\/de\/"},{"@type":"ListItem","position":2,"name":"Portugiesisch"}]},{"@type":"WebSite","@id":"https:\/\/wth.pl\/de\/#website","url":"https:\/\/wth.pl\/de\/","name":"Wratislavia Translation House","description":"Professionelles \u00dcbersetzungsb\u00fcro in Breslau","potentialAction":[{"@type":"SearchAction","target":{"@type":"EntryPoint","urlTemplate":"https:\/\/wth.pl\/de\/?s={search_term_string}"},"query-input":{"@type":"PropertyValueSpecification","valueRequired":true,"valueName":"search_term_string"}}],"inLanguage":"de"}]}},"_links":{"self":[{"href":"https:\/\/wth.pl\/de\/wp-json\/wp\/v2\/pages\/4143","targetHints":{"allow":["GET"]}}],"collection":[{"href":"https:\/\/wth.pl\/de\/wp-json\/wp\/v2\/pages"}],"about":[{"href":"https:\/\/wth.pl\/de\/wp-json\/wp\/v2\/types\/page"}],"author":[{"embeddable":true,"href":"https:\/\/wth.pl\/de\/wp-json\/wp\/v2\/users\/1"}],"replies":[{"embeddable":true,"href":"https:\/\/wth.pl\/de\/wp-json\/wp\/v2\/comments?post=4143"}],"version-history":[{"count":5,"href":"https:\/\/wth.pl\/de\/wp-json\/wp\/v2\/pages\/4143\/revisions"}],"predecessor-version":[{"id":4181,"href":"https:\/\/wth.pl\/de\/wp-json\/wp\/v2\/pages\/4143\/revisions\/4181"}],"wp:attachment":[{"href":"https:\/\/wth.pl\/de\/wp-json\/wp\/v2\/media?parent=4143"}],"curies":[{"name":"wp","href":"https:\/\/api.w.org\/{rel}","templated":true}]}}