{"id":1502,"date":"2020-07-07T21:09:54","date_gmt":"2020-07-07T19:09:54","guid":{"rendered":"https:\/\/wth.pl\/security-policy\/"},"modified":"2020-07-09T23:14:15","modified_gmt":"2020-07-09T21:14:15","slug":"security-policy","status":"publish","type":"page","link":"https:\/\/wth.pl\/en\/security-policy\/","title":{"rendered":"Security policy"},"content":{"rendered":"<div class=\"wpb-content-wrapper\"><p>[vc_row bg_type=&#8221;image&#8221; parallax_style=&#8221;vcpb-default&#8221; bg_image_new=&#8221;id^1095|url^https:\/\/wth.pl\/wp-content\/uploads\/2020\/07\/heading-main-1-1.jpg|caption^null|alt^Profesjonalna agencja t\u0142umacze\u0144|title^Wratislavia Translation House|description^null&#8221; bg_override=&#8221;ex-full&#8221; seperator_enable=&#8221;seperator_enable_value&#8221; seperator_type=&#8221;multi_triangle_seperator&#8221; seperator_position=&#8221;bottom_seperator&#8221; seperator_shape_background=&#8221;#ffffff&#8221;][vc_column css_animation=&#8221;zoomInLeft&#8221; offset=&#8221;vc_col-lg-6&#8243;]<div class=\"ult-spacer spacer-69e763727e8cf\" data-id=\"69e763727e8cf\" data-height=\"240\" data-height-mobile=\"160\" data-height-tab=\"\" data-height-tab-portrait=\"\" data-height-mobile-landscape=\"\" style=\"clear:both;display:block;\"><\/div>[vc_row_inner][vc_column_inner]<div id=\"ultimate-heading-130769e763727e951\" class=\"uvc-heading ult-adjust-bottom-margin ultimate-heading-130769e763727e951 uvc-7201 breadcrumb-title\" data-hspacer=\"no_spacer\"  data-halign=\"left\" style=\"text-align:left\"><div class=\"uvc-heading-spacer no_spacer\" style=\"top\"><\/div><div class=\"uvc-main-heading ult-responsive\"  data-ultimate-target='.uvc-heading.ultimate-heading-130769e763727e951 h2'  data-responsive-json-new='{\"font-size\":\"desktop:55px;mobile:34px;\",\"line-height\":\"desktop:70px;mobile:42px;\"}' ><h2 style=\"font-family:&#039;Roboto&#039;;font-weight:700;color:#c2d501;margin-bottom:10px;\">Security policy<\/h2><\/div><\/div><style type=\"text\/css\" data-type=\"the7_shortcodes-inline-css\">.dt-breadcrumbs-id-c11c24174be36fa095d0df469cf7345d .breadcrumbs {\n  display: inline-block;\n  margin: 0;\n  padding: 0px 0px 0px 0px;\n  border: 0px solid ;\n  border-radius: 0px;\n}\n.dt-breadcrumbs-id-c11c24174be36fa095d0df469cf7345d .breadcrumbs * {\n  color: #666666;\n}<\/style><div class=\"dt-breadcrumbs-shortcode dt-breadcrumbs-id-c11c24174be36fa095d0df469cf7345d align-left\"><div class=\"assistive-text\">You are here:<\/div><ol class=\"breadcrumbs text-small\" itemscope itemtype=\"https:\/\/schema.org\/BreadcrumbList\"><li itemprop=\"itemListElement\" itemscope itemtype=\"https:\/\/schema.org\/ListItem\"><a itemprop=\"item\" href=\"https:\/\/wth.pl\/en\/\" title=\"Home\"><span itemprop=\"name\">Home<\/span><\/a><meta itemprop=\"position\" content=\"1\" \/><\/li><li class=\"current\" itemprop=\"itemListElement\" itemscope itemtype=\"https:\/\/schema.org\/ListItem\"><span itemprop=\"name\">Page<\/span><meta itemprop=\"position\" content=\"2\" \/><\/li><\/ol><\/div>[\/vc_column_inner][vc_column_inner offset=&#8221;vc_hidden-xs&#8221;][vc_column_text css=&#8221;.vc_custom_1593041752816{margin-top: 20px !important;}&#8221; el_class=&#8221;breadcrumb-title&#8221;]The data and documents provided to us are kept confidential at all times.[\/vc_column_text][\/vc_column_inner][\/vc_row_inner]<div class=\"ult-spacer spacer-69e763727eb28\" data-id=\"69e763727eb28\" data-height=\"170\" data-height-mobile=\"140\" data-height-tab=\"\" data-height-tab-portrait=\"\" data-height-mobile-landscape=\"\" style=\"clear:both;display:block;\"><\/div>[\/vc_column][vc_column offset=&#8221;vc_col-lg-6 vc_hidden-sm&#8221;][\/vc_column][\/vc_row][vc_row gap=&#8221;35&#8243; bg_type=&#8221;image&#8221; parallax_style=&#8221;vcpb-default&#8221; bg_image_new=&#8221;id^879|url^https:\/\/wth.pl\/wp-content\/uploads\/2020\/07\/bg-section-1.jpg|caption^null|alt^null|title^bg-section-1|description^null&#8221; bg_override=&#8221;ex-full&#8221;][vc_column css_animation=&#8221;zoomInUp&#8221; el_class=&#8221;row-important&#8221; offset=&#8221;vc_col-lg-6 vc_col-md-6&#8243;]<div id=\"ultimate-heading-134769e763727eb79\" class=\"uvc-heading ult-adjust-bottom-margin ultimate-heading-134769e763727eb79 uvc-7386 header-custom\" data-hspacer=\"no_spacer\"  data-halign=\"left\" style=\"text-align:left\"><div class=\"uvc-heading-spacer no_spacer\" style=\"top\"><\/div><div class=\"uvc-main-heading ult-responsive\"  data-ultimate-target='.uvc-heading.ultimate-heading-134769e763727eb79 p'  data-responsive-json-new='{\"font-size\":\"desktop:16px;mobile_landscape:13px;\",\"line-height\":\"desktop:26px;mobile_landscape:22px;\"}' ><p style=\"font-family:&#039;Roboto&#039;;font-weight:500;color:#c2d501;margin-bottom:15px;\">Data and information protection<\/p><\/div><\/div><div id=\"ultimate-heading-274169e763727ebf8\" class=\"uvc-heading ult-adjust-bottom-margin ultimate-heading-274169e763727ebf8 uvc-3744 \" data-hspacer=\"no_spacer\"  data-halign=\"left\" style=\"text-align:left\"><div class=\"uvc-heading-spacer no_spacer\" style=\"top\"><\/div><div class=\"uvc-main-heading ult-responsive\"  data-ultimate-target='.uvc-heading.ultimate-heading-274169e763727ebf8 h1'  data-responsive-json-new='{\"font-size\":\"desktop:45px;mobile_landscape:34px;\",\"line-height\":\"desktop:60px;mobile_landscape:46px;\"}' ><h1 style=\"font-family:&#039;Roboto&#039;;--font-weight:theme;color:#333333;margin-bottom:30px;\">Security Policy<\/h1><\/div><\/div>[vc_column_text css=&#8221;.vc_custom_1593690754554{margin-bottom: 15px !important;}&#8221;]The security policy applied by our agency aims at ensuring the full protection of the data and contents provided by our Clients.[\/vc_column_text]<div class=\"aio-icon-component  vc_custom_1593701065108   style_1\"><div id=\"Info-box-wrap-1052\" class=\"aio-icon-box default-icon\" style=\"\"  ><div class=\"aio-icon-default\"><div class=\"ult-just-icon-wrapper  \"><div class=\"align-icon\" style=\"text-align:center;\">\n<div class=\"aio-icon-img \" style=\"font-size:48px;display:inline-block;\" >\n\t<img decoding=\"async\" class=\"img-icon\" alt=\"null\" src=\"https:\/\/wth.pl\/wp-content\/uploads\/2020\/07\/insurance.png\"\/>\n<\/div><\/div><\/div><\/div><div class=\"aio-icon-header\" ><h5 class=\"aio-icon-title ult-responsive\"  data-ultimate-target='#Info-box-wrap-1052 .aio-icon-title'  data-responsive-json-new='{\"font-size\":\"\",\"line-height\":\"\"}'  style=\"\">Confidentiality of information<\/h5><\/div> <!-- header --><div class=\"aio-icon-description ult-responsive\"  data-ultimate-target='#Info-box-wrap-1052 .aio-icon-description'  data-responsive-json-new='{\"font-size\":\"\",\"line-height\":\"\"}'  style=\"\">Our agency absolutely abides by the data protection rules. The data and documents provided to us are kept confidential at all times. All of our subcontractors are obliged in writing to follow confidentiality rules.<\/div> <!-- description --><\/div> <!-- aio-icon-box --><\/div> <!-- aio-icon-component --><div class=\"aio-icon-component  vc_custom_1593701073671   style_1\"><div id=\"Info-box-wrap-1914\" class=\"aio-icon-box default-icon\" style=\"\"  ><div class=\"aio-icon-default\"><div class=\"ult-just-icon-wrapper  \"><div class=\"align-icon\" style=\"text-align:center;\">\n<div class=\"aio-icon-img \" style=\"font-size:48px;display:inline-block;\" >\n\t<img decoding=\"async\" class=\"img-icon\" alt=\"null\" src=\"https:\/\/wth.pl\/wp-content\/uploads\/2020\/07\/lock.png\"\/>\n<\/div><\/div><\/div><\/div><div class=\"aio-icon-header\" ><h5 class=\"aio-icon-title ult-responsive\"  data-ultimate-target='#Info-box-wrap-1914 .aio-icon-title'  data-responsive-json-new='{\"font-size\":\"\",\"line-height\":\"\"}'  style=\"\">Data security<\/h5><\/div> <!-- header --><div class=\"aio-icon-description ult-responsive\"  data-ultimate-target='#Info-box-wrap-1914 .aio-icon-description'  data-responsive-json-new='{\"font-size\":\"\",\"line-height\":\"\"}'  style=\"\">The agency infrastructure is protected against access of unauthorized persons. Internal procedures of the agency include also making data back up copies to be used in emergency situations.<\/div> <!-- description --><\/div> <!-- aio-icon-box --><\/div> <!-- aio-icon-component --><div class=\"aio-icon-component  vc_custom_1593701076581   style_1\"><div id=\"Info-box-wrap-3639\" class=\"aio-icon-box default-icon\" style=\"\"  ><div class=\"aio-icon-default\"><div class=\"ult-just-icon-wrapper  \"><div class=\"align-icon\" style=\"text-align:center;\">\n<div class=\"aio-icon-img \" style=\"font-size:48px;display:inline-block;\" >\n\t<img decoding=\"async\" class=\"img-icon\" alt=\"null\" src=\"https:\/\/wth.pl\/wp-content\/uploads\/2020\/07\/shield.png\"\/>\n<\/div><\/div><\/div><\/div><div class=\"aio-icon-header\" ><h5 class=\"aio-icon-title ult-responsive\"  data-ultimate-target='#Info-box-wrap-3639 .aio-icon-title'  data-responsive-json-new='{\"font-size\":\"\",\"line-height\":\"\"}'  style=\"\">Insurance policy<\/h5><\/div> <!-- header --><div class=\"aio-icon-description ult-responsive\"  data-ultimate-target='#Info-box-wrap-3639 .aio-icon-description'  data-responsive-json-new='{\"font-size\":\"\",\"line-height\":\"\"}'  style=\"\">In addition to the quality procedures that guarantee the high level of our services and the data security and protection procedures, a professional translation agency must have a civil liability insurance policy. This policy is another guarantee of our reliability.<\/div> <!-- description --><\/div> <!-- aio-icon-box --><\/div> <!-- aio-icon-component -->[vc_column_text css=&#8221;.vc_custom_1594329253569{margin-bottom: 15px !important;}&#8221;]These efforts and procedures enable us to offer you proven and reliable <a href=\"https:\/\/wth.pl\/en\/services\/\">services<\/a>.[\/vc_column_text][\/vc_column][vc_column offset=&#8221;vc_col-lg-6 vc_col-md-6 vc_hidden-sm&#8221;]<style type=\"text\/css\" data-type=\"the7_shortcodes-inline-css\">.shortcode-single-image-wrap.shortcode-single-image-6046fb1f6ed6dfc640e6712bcfa3bb3c.enable-bg-rollover .rollover i,\n.shortcode-single-image-wrap.shortcode-single-image-6046fb1f6ed6dfc640e6712bcfa3bb3c.enable-bg-rollover .rollover-video i {\n  background: -webkit-linear-gradient();\n  background: linear-gradient();\n}\n.shortcode-single-image-wrap.shortcode-single-image-6046fb1f6ed6dfc640e6712bcfa3bb3c .rollover-icon {\n  font-size: 32px;\n  color: #ffffff;\n  min-width: 44px;\n  min-height: 44px;\n  line-height: 44px;\n  border-radius: 100px;\n  border-style: solid;\n  border-width: 0px;\n}\n.dt-icon-bg-on.shortcode-single-image-wrap.shortcode-single-image-6046fb1f6ed6dfc640e6712bcfa3bb3c .rollover-icon {\n  background: rgba(255,255,255,0.3);\n  box-shadow: none;\n}<\/style><div class=\"shortcode-single-image-wrap shortcode-single-image-6046fb1f6ed6dfc640e6712bcfa3bb3c alignright fadeInRight animate-element  enable-bg-rollover dt-icon-bg-off\" style=\"margin-top:0px; margin-bottom:0px; margin-left:0px; margin-right:0px; width:500px;\"><div class=\"shortcode-single-image\"><div class=\"fancy-media-wrap  layzr-bg\" style=\"\"><img fetchpriority=\"high\" decoding=\"async\" class=\"preload-me lazy-load aspect\" src=\"data:image\/svg+xml,%3Csvg%20xmlns%3D&#39;http%3A%2F%2Fwww.w3.org%2F2000%2Fsvg&#39;%20viewBox%3D&#39;0%200%20500%20500&#39;%2F%3E\" data-src=\"https:\/\/wth.pl\/wp-content\/uploads\/2020\/07\/wth-4-1-500x500.jpg\" data-srcset=\"https:\/\/wth.pl\/wp-content\/uploads\/2020\/07\/wth-4-1-500x500.jpg 500w, https:\/\/wth.pl\/wp-content\/uploads\/2020\/07\/wth-4-1-1000x1000.jpg 1000w\" loading=\"eager\" sizes=\"(max-width: 500px) 100vw, 500px\" width=\"500\" height=\"500\"  data-dt-location=\"https:\/\/wth.pl\/en\/wth-4-1\/\" style=\"--ratio: 500 \/ 500;\" alt=\"Specjalistyczna agencja t\u0142umaczeniowa we Wroc\u0142awiu\" \/><\/div><\/div><\/div><style type=\"text\/css\" data-type=\"the7_shortcodes-inline-css\">.shortcode-single-image-wrap.shortcode-single-image-6cb0f7c2d46cef9c7ef6f39dc9591b8e.enable-bg-rollover .rollover i,\n.shortcode-single-image-wrap.shortcode-single-image-6cb0f7c2d46cef9c7ef6f39dc9591b8e.enable-bg-rollover .rollover-video i {\n  background: -webkit-linear-gradient();\n  background: linear-gradient();\n}\n.shortcode-single-image-wrap.shortcode-single-image-6cb0f7c2d46cef9c7ef6f39dc9591b8e .rollover-icon {\n  font-size: 32px;\n  color: #ffffff;\n  min-width: 44px;\n  min-height: 44px;\n  line-height: 44px;\n  border-radius: 100px;\n  border-style: solid;\n  border-width: 0px;\n}\n.dt-icon-bg-on.shortcode-single-image-wrap.shortcode-single-image-6cb0f7c2d46cef9c7ef6f39dc9591b8e .rollover-icon {\n  background: rgba(255,255,255,0.3);\n  box-shadow: none;\n}<\/style><div class=\"shortcode-single-image-wrap shortcode-single-image-6cb0f7c2d46cef9c7ef6f39dc9591b8e alignleft fadeInLeft animate-element  vc_custom_1594125596968 enable-bg-rollover dt-icon-bg-off\" ><div class=\"shortcode-single-image no-mobile-image\"><div class=\"fancy-media-wrap  layzr-bg\" style=\"\"><img decoding=\"async\" class=\"preload-me lazy-load aspect\" src=\"data:image\/svg+xml,%3Csvg%20xmlns%3D&#39;http%3A%2F%2Fwww.w3.org%2F2000%2Fsvg&#39;%20viewBox%3D&#39;0%200%20350%20350&#39;%2F%3E\" data-src=\"https:\/\/wth.pl\/wp-content\/uploads\/2020\/07\/wth-3-1-350x350.jpg\" data-srcset=\"https:\/\/wth.pl\/wp-content\/uploads\/2020\/07\/wth-3-1-350x350.jpg 350w, https:\/\/wth.pl\/wp-content\/uploads\/2020\/07\/wth-3-1-700x700.jpg 700w\" loading=\"eager\" sizes=\"(max-width: 350px) 100vw, 350px\" width=\"350\" height=\"350\"  data-dt-location=\"https:\/\/wth.pl\/en\/wth-3-1\/\" style=\"--ratio: 350 \/ 350;\" alt=\"Us\u0142ugi t\u0142umaczeniowe i uzupe\u0142niaj\u0105ce Wroc\u0142aw\" \/><\/div><\/div><\/div>[\/vc_column][\/vc_row]<\/p>\n<\/div>","protected":false},"excerpt":{"rendered":"<p>[vc_row bg_type=&#8221;image&#8221; parallax_style=&#8221;vcpb-default&#8221; bg_image_new=&#8221;id^1095|url^https:\/\/wth.pl\/wp-content\/uploads\/2020\/07\/heading-main-1-1.jpg|caption^null|alt^Profesjonalna agencja t\u0142umacze\u0144|title^Wratislavia Translation House|description^null&#8221; bg_override=&#8221;ex-full&#8221; seperator_enable=&#8221;seperator_enable_value&#8221; seperator_type=&#8221;multi_triangle_seperator&#8221; seperator_position=&#8221;bottom_seperator&#8221; seperator_shape_background=&#8221;#ffffff&#8221;][vc_column css_animation=&#8221;zoomInLeft&#8221; offset=&#8221;vc_col-lg-6&#8243;][vc_row_inner][vc_column_inner][\/vc_column_inner][vc_column_inner offset=&#8221;vc_hidden-xs&#8221;][vc_column_text css=&#8221;.vc_custom_1593041752816{margin-top: 20px !important;}&#8221; el_class=&#8221;breadcrumb-title&#8221;]The data and documents provided to us are kept confidential at all times.[\/vc_column_text][\/vc_column_inner][\/vc_row_inner][\/vc_column][vc_column offset=&#8221;vc_col-lg-6 vc_hidden-sm&#8221;][\/vc_column][\/vc_row][vc_row gap=&#8221;35&#8243; bg_type=&#8221;image&#8221; parallax_style=&#8221;vcpb-default&#8221; bg_image_new=&#8221;id^879|url^https:\/\/wth.pl\/wp-content\/uploads\/2020\/07\/bg-section-1.jpg|caption^null|alt^null|title^bg-section-1|description^null&#8221; bg_override=&#8221;ex-full&#8221;][vc_column css_animation=&#8221;zoomInUp&#8221; el_class=&#8221;row-important&#8221; offset=&#8221;vc_col-lg-6 vc_col-md-6&#8243;][vc_column_text css=&#8221;.vc_custom_1593690754554{margin-bottom: 15px !important;}&#8221;]The security policy applied by our agency aims at ensuring&hellip;<\/p>\n","protected":false},"author":1,"featured_media":0,"parent":0,"menu_order":0,"comment_status":"closed","ping_status":"closed","template":"","meta":{"footnotes":""},"class_list":["post-1502","page","type-page","status-publish","hentry","description-off"],"yoast_head":"<!-- This site is optimized with the Yoast SEO plugin v27.4 - https:\/\/yoast.com\/product\/yoast-seo-wordpress\/ -->\n<title>Security policy &#8211; Wratislavia Translation House<\/title>\n<meta name=\"robots\" content=\"index, follow, max-snippet:-1, max-image-preview:large, max-video-preview:-1\" \/>\n<link rel=\"canonical\" href=\"https:\/\/wth.pl\/en\/security-policy\/\" \/>\n<meta property=\"og:locale\" content=\"en_US\" \/>\n<meta property=\"og:type\" content=\"article\" \/>\n<meta property=\"og:title\" content=\"Security policy &#8211; Wratislavia Translation House\" \/>\n<meta property=\"og:description\" content=\"[vc_row bg_type=&#8221;image&#8221; parallax_style=&#8221;vcpb-default&#8221; bg_image_new=&#8221;id^1095|url^https:\/\/wth.pl\/wp-content\/uploads\/2020\/07\/heading-main-1-1.jpg|caption^null|alt^Profesjonalna agencja t\u0142umacze\u0144|title^Wratislavia Translation House|description^null&#8221; bg_override=&#8221;ex-full&#8221; seperator_enable=&#8221;seperator_enable_value&#8221; seperator_type=&#8221;multi_triangle_seperator&#8221; seperator_position=&#8221;bottom_seperator&#8221; seperator_shape_background=&#8221;#ffffff&#8221;][vc_column css_animation=&#8221;zoomInLeft&#8221; offset=&#8221;vc_col-lg-6&#8243;][vc_row_inner][vc_column_inner][\/vc_column_inner][vc_column_inner offset=&#8221;vc_hidden-xs&#8221;][vc_column_text css=&#8221;.vc_custom_1593041752816{margin-top: 20px !important;}&#8221; el_class=&#8221;breadcrumb-title&#8221;]The data and documents provided to us are kept confidential at all times.[\/vc_column_text][\/vc_column_inner][\/vc_row_inner][\/vc_column][vc_column offset=&#8221;vc_col-lg-6 vc_hidden-sm&#8221;][\/vc_column][\/vc_row][vc_row gap=&#8221;35&#8243; bg_type=&#8221;image&#8221; parallax_style=&#8221;vcpb-default&#8221; bg_image_new=&#8221;id^879|url^https:\/\/wth.pl\/wp-content\/uploads\/2020\/07\/bg-section-1.jpg|caption^null|alt^null|title^bg-section-1|description^null&#8221; bg_override=&#8221;ex-full&#8221;][vc_column css_animation=&#8221;zoomInUp&#8221; el_class=&#8221;row-important&#8221; offset=&#8221;vc_col-lg-6 vc_col-md-6&#8243;][vc_column_text css=&#8221;.vc_custom_1593690754554{margin-bottom: 15px !important;}&#8221;]The security policy applied by our agency aims at ensuring&hellip;\" \/>\n<meta property=\"og:url\" content=\"https:\/\/wth.pl\/en\/security-policy\/\" \/>\n<meta property=\"og:site_name\" content=\"Wratislavia Translation House\" \/>\n<meta property=\"article:modified_time\" content=\"2020-07-09T21:14:15+00:00\" \/>\n<meta name=\"twitter:card\" content=\"summary_large_image\" \/>\n<meta name=\"twitter:label1\" content=\"Est. reading time\" \/>\n\t<meta name=\"twitter:data1\" content=\"4 minutes\" \/>\n<script type=\"application\/ld+json\" class=\"yoast-schema-graph\">{\"@context\":\"https:\\\/\\\/schema.org\",\"@graph\":[{\"@type\":\"WebPage\",\"@id\":\"https:\\\/\\\/wth.pl\\\/en\\\/security-policy\\\/\",\"url\":\"https:\\\/\\\/wth.pl\\\/en\\\/security-policy\\\/\",\"name\":\"Security policy &#8211; Wratislavia Translation House\",\"isPartOf\":{\"@id\":\"https:\\\/\\\/wth.pl\\\/en\\\/#website\"},\"datePublished\":\"2020-07-07T19:09:54+00:00\",\"dateModified\":\"2020-07-09T21:14:15+00:00\",\"breadcrumb\":{\"@id\":\"https:\\\/\\\/wth.pl\\\/en\\\/security-policy\\\/#breadcrumb\"},\"inLanguage\":\"en-US\",\"potentialAction\":[{\"@type\":\"ReadAction\",\"target\":[\"https:\\\/\\\/wth.pl\\\/en\\\/security-policy\\\/\"]}]},{\"@type\":\"BreadcrumbList\",\"@id\":\"https:\\\/\\\/wth.pl\\\/en\\\/security-policy\\\/#breadcrumb\",\"itemListElement\":[{\"@type\":\"ListItem\",\"position\":1,\"name\":\"Strona g\u0142\u00f3wna\",\"item\":\"https:\\\/\\\/wth.pl\\\/en\\\/\"},{\"@type\":\"ListItem\",\"position\":2,\"name\":\"Security policy\"}]},{\"@type\":\"WebSite\",\"@id\":\"https:\\\/\\\/wth.pl\\\/en\\\/#website\",\"url\":\"https:\\\/\\\/wth.pl\\\/en\\\/\",\"name\":\"Wratislavia Translation House\",\"description\":\"Professional translation agency in Wroclaw\",\"potentialAction\":[{\"@type\":\"SearchAction\",\"target\":{\"@type\":\"EntryPoint\",\"urlTemplate\":\"https:\\\/\\\/wth.pl\\\/en\\\/?s={search_term_string}\"},\"query-input\":{\"@type\":\"PropertyValueSpecification\",\"valueRequired\":true,\"valueName\":\"search_term_string\"}}],\"inLanguage\":\"en-US\"}]}<\/script>\n<!-- \/ Yoast SEO plugin. -->","yoast_head_json":{"title":"Security policy &#8211; Wratislavia Translation House","robots":{"index":"index","follow":"follow","max-snippet":"max-snippet:-1","max-image-preview":"max-image-preview:large","max-video-preview":"max-video-preview:-1"},"canonical":"https:\/\/wth.pl\/en\/security-policy\/","og_locale":"en_US","og_type":"article","og_title":"Security policy &#8211; Wratislavia Translation House","og_description":"[vc_row bg_type=&#8221;image&#8221; parallax_style=&#8221;vcpb-default&#8221; bg_image_new=&#8221;id^1095|url^https:\/\/wth.pl\/wp-content\/uploads\/2020\/07\/heading-main-1-1.jpg|caption^null|alt^Profesjonalna agencja t\u0142umacze\u0144|title^Wratislavia Translation House|description^null&#8221; bg_override=&#8221;ex-full&#8221; seperator_enable=&#8221;seperator_enable_value&#8221; seperator_type=&#8221;multi_triangle_seperator&#8221; seperator_position=&#8221;bottom_seperator&#8221; seperator_shape_background=&#8221;#ffffff&#8221;][vc_column css_animation=&#8221;zoomInLeft&#8221; offset=&#8221;vc_col-lg-6&#8243;][vc_row_inner][vc_column_inner][\/vc_column_inner][vc_column_inner offset=&#8221;vc_hidden-xs&#8221;][vc_column_text css=&#8221;.vc_custom_1593041752816{margin-top: 20px !important;}&#8221; el_class=&#8221;breadcrumb-title&#8221;]The data and documents provided to us are kept confidential at all times.[\/vc_column_text][\/vc_column_inner][\/vc_row_inner][\/vc_column][vc_column offset=&#8221;vc_col-lg-6 vc_hidden-sm&#8221;][\/vc_column][\/vc_row][vc_row gap=&#8221;35&#8243; bg_type=&#8221;image&#8221; parallax_style=&#8221;vcpb-default&#8221; bg_image_new=&#8221;id^879|url^https:\/\/wth.pl\/wp-content\/uploads\/2020\/07\/bg-section-1.jpg|caption^null|alt^null|title^bg-section-1|description^null&#8221; bg_override=&#8221;ex-full&#8221;][vc_column css_animation=&#8221;zoomInUp&#8221; el_class=&#8221;row-important&#8221; offset=&#8221;vc_col-lg-6 vc_col-md-6&#8243;][vc_column_text css=&#8221;.vc_custom_1593690754554{margin-bottom: 15px !important;}&#8221;]The security policy applied by our agency aims at ensuring&hellip;","og_url":"https:\/\/wth.pl\/en\/security-policy\/","og_site_name":"Wratislavia Translation House","article_modified_time":"2020-07-09T21:14:15+00:00","twitter_card":"summary_large_image","twitter_misc":{"Est. reading time":"4 minutes"},"schema":{"@context":"https:\/\/schema.org","@graph":[{"@type":"WebPage","@id":"https:\/\/wth.pl\/en\/security-policy\/","url":"https:\/\/wth.pl\/en\/security-policy\/","name":"Security policy &#8211; Wratislavia Translation House","isPartOf":{"@id":"https:\/\/wth.pl\/en\/#website"},"datePublished":"2020-07-07T19:09:54+00:00","dateModified":"2020-07-09T21:14:15+00:00","breadcrumb":{"@id":"https:\/\/wth.pl\/en\/security-policy\/#breadcrumb"},"inLanguage":"en-US","potentialAction":[{"@type":"ReadAction","target":["https:\/\/wth.pl\/en\/security-policy\/"]}]},{"@type":"BreadcrumbList","@id":"https:\/\/wth.pl\/en\/security-policy\/#breadcrumb","itemListElement":[{"@type":"ListItem","position":1,"name":"Strona g\u0142\u00f3wna","item":"https:\/\/wth.pl\/en\/"},{"@type":"ListItem","position":2,"name":"Security policy"}]},{"@type":"WebSite","@id":"https:\/\/wth.pl\/en\/#website","url":"https:\/\/wth.pl\/en\/","name":"Wratislavia Translation House","description":"Professional translation agency in Wroclaw","potentialAction":[{"@type":"SearchAction","target":{"@type":"EntryPoint","urlTemplate":"https:\/\/wth.pl\/en\/?s={search_term_string}"},"query-input":{"@type":"PropertyValueSpecification","valueRequired":true,"valueName":"search_term_string"}}],"inLanguage":"en-US"}]}},"_links":{"self":[{"href":"https:\/\/wth.pl\/en\/wp-json\/wp\/v2\/pages\/1502","targetHints":{"allow":["GET"]}}],"collection":[{"href":"https:\/\/wth.pl\/en\/wp-json\/wp\/v2\/pages"}],"about":[{"href":"https:\/\/wth.pl\/en\/wp-json\/wp\/v2\/types\/page"}],"author":[{"embeddable":true,"href":"https:\/\/wth.pl\/en\/wp-json\/wp\/v2\/users\/1"}],"replies":[{"embeddable":true,"href":"https:\/\/wth.pl\/en\/wp-json\/wp\/v2\/comments?post=1502"}],"version-history":[{"count":6,"href":"https:\/\/wth.pl\/en\/wp-json\/wp\/v2\/pages\/1502\/revisions"}],"predecessor-version":[{"id":2100,"href":"https:\/\/wth.pl\/en\/wp-json\/wp\/v2\/pages\/1502\/revisions\/2100"}],"wp:attachment":[{"href":"https:\/\/wth.pl\/en\/wp-json\/wp\/v2\/media?parent=1502"}],"curies":[{"name":"wp","href":"https:\/\/api.w.org\/{rel}","templated":true}]}}