{"id":1691,"date":"2020-07-08T15:52:55","date_gmt":"2020-07-08T13:52:55","guid":{"rendered":"https:\/\/wth.pl\/contact-us\/"},"modified":"2025-11-06T09:49:29","modified_gmt":"2025-11-06T08:49:29","slug":"contact-us","status":"publish","type":"page","link":"https:\/\/wth.pl\/en\/contact-us\/","title":{"rendered":"Contact us"},"content":{"rendered":"<div class=\"wpb-content-wrapper\"><p>[vc_row gap=&#8221;20&#8243; bg_type=&#8221;image&#8221; parallax_style=&#8221;vcpb-default&#8221; bg_image_new=&#8221;id^879|url^https:\/\/wth.pl\/wp-content\/uploads\/2020\/07\/bg-section-1.jpg|caption^null|alt^null|title^bg-section-1|description^null&#8221; bg_override=&#8221;ex-full&#8221; css=&#8221;.vc_custom_1617091748644{padding-bottom: 40px !important;}&#8221;][vc_column css_animation=&#8221;zoomInUp&#8221;]<div id=\"ultimate-heading-7469d943795b318\" class=\"uvc-heading ult-adjust-bottom-margin ultimate-heading-7469d943795b318 uvc-2048 header-custom\" data-hspacer=\"no_spacer\"  data-halign=\"left\" style=\"text-align:left\"><div class=\"uvc-heading-spacer no_spacer\" style=\"top\"><\/div><div class=\"uvc-main-heading ult-responsive\"  data-ultimate-target='.uvc-heading.ultimate-heading-7469d943795b318 h2'  data-responsive-json-new='{\"font-size\":\"desktop:16px;mobile_landscape:13px;\",\"line-height\":\"desktop:26px;mobile_landscape:22px;\"}' ><h2 style=\"font-family:&#039;Roboto&#039;;font-weight:500;color:#c2d501;margin-bottom:15px;\">Contact us<\/h2><\/div><\/div><div id=\"ultimate-heading-861769d943795b379\" class=\"uvc-heading ult-adjust-bottom-margin ultimate-heading-861769d943795b379 uvc-9392 \" data-hspacer=\"no_spacer\"  data-halign=\"left\" style=\"text-align:left\"><div class=\"uvc-heading-spacer no_spacer\" style=\"top\"><\/div><div class=\"uvc-main-heading ult-responsive\"  data-ultimate-target='.uvc-heading.ultimate-heading-861769d943795b379 h1'  data-responsive-json-new='{\"font-size\":\"desktop:45px;mobile_landscape:34px;\",\"line-height\":\"desktop:60px;mobile_landscape:46px;\"}' ><h1 style=\"font-family:&#039;Roboto&#039;;font-weight:700;color:#333333;\">Contact details<\/h1><\/div><\/div>[\/vc_column][vc_column css_animation=&#8221;zoomInLeft&#8221; offset=&#8221;vc_col-lg-6 vc_col-md-6&#8243;][vc_column_text css=&#8221;&#8221;]<strong>Requests for quotation<\/strong><\/p>\n<p>please send an e-mail to <a href=\"mailto:wth@wth.pl?subject=Zapytanie%20ofertowe%20ze%20strony%20wth.pl&amp;body=Szanowne%20Panie!%0A%0AOto%20szczeg%C3%B3%C5%82y%20mojego%20zapytania%20ofertowego%3A%0A%0AJ%C4%99zyk%20%C5%BAr%C3%B3d%C5%82owy%3A%0AJ%C4%99zyk%20docelowy%3A%0APreferowany%20termin%3A%0AW%20za%C5%82%C4%85czniku%20wysy%C5%82am%20dokumenty%2C%20kt%C3%B3re%20chc%C4%99%20przet%C5%82umaczy%C4%87.%0A%0AIle%20b%C4%99dzie%20kosztowa%C4%87%20takie%20t%C5%82umaczenie%20i%20na%20kiedy%20mo%C5%BCe%20zosta%C4%87%20przygotowane%3F%0A%0AZ%20pozdrowieniami%2C\">wth@wth.pl<br \/>\n<\/a>or fill in the request for <a href=\"https:\/\/wth.pl\/en\/order-translation\/\">quotation form<\/a>.<\/p>\n<h4>Address data<\/h4>\n<p>Wratislavia Translation House Sp. z o.o.<br \/>\nul. Kleci\u0144ska 182<br \/>\n54-412 Wroc\u0142aw<br \/>\nPoland<\/p>\n<p>e-mail: <a href=\"mailto:wth@wth.pl\">wth@wth.pl<\/a><br \/>\nTel.: <a href=\"tel:+48 503 136 415\">+48 503 136 415<\/a><\/p>\n<h4>Management Board<\/h4>\n<p>Gra\u017cyna Ficner &#8211; Board President<br \/>\ne-mail: <a href=\"mailto:grazyna.ficner@wth.pl\">grazyna.ficner@wth.pl<\/a><br \/>\nTel.: <a href=\"tel:+48 606 672 129\">+48 606 672 129<\/a><\/p>\n<h4>Registration information<\/h4>\n<p>State Court Register No.: 0000238204, District Court for Wroc\u0142aw-Fabryczna in Wroc\u0142aw, National Economy Register Number 020096177, Taxpayer Identification Number 8942833537, Initial capital 105,000.00 PLN[\/vc_column_text][vc_column_text css=&#8221;.vc_custom_1593704768475{margin-bottom: 15px !important;}&#8221;]You can request the quotation for the translation of short materials using the following form. Please fill in required fields and send back the form. We will contact you regarding the pricing and the deadline of the translation delivery.<\/p>\n<p>You may also contact us by e-mail at <a href=\"mailto:wth@wth.pl\">wth@wth.pl<\/a> to ask about the quotation.[\/vc_column_text][\/vc_column][vc_column css_animation=&#8221;zoomInRight&#8221; offset=&#8221;vc_col-lg-6 vc_col-md-6&#8243;]<div class=\"ult-content-box-container custom-box\" >\t<a class=\"ult-content-box-anchor\" >\t\t<div class=\"ult-content-box\" style=\"background-color:#ffffff;box-shadow: 0px 2px 60px 0px rgba(0,0,0,0.1) ;padding-top:40px;padding-right:40px;padding-bottom:40px;padding-left:40px;-webkit-transition: all 700ms ease;-moz-transition: all 700ms ease;-ms-transition: all 700ms ease;-o-transition: all 700ms ease;transition: all 700ms ease;\"  data-hover_bg_color=\"#ffffff\"  data-hover_box_shadow=\" 0px 2px 60px 0px rgba(0,0,0,0.1) \"     data-bg=\"#ffffff\" ><div id=\"ultimate-heading-440769d943795b44c\" class=\"uvc-heading ult-adjust-bottom-margin ultimate-heading-440769d943795b44c uvc-5227 \" data-hspacer=\"no_spacer\"  data-halign=\"left\" style=\"text-align:left\"><div class=\"uvc-heading-spacer no_spacer\" style=\"top\"><\/div><div class=\"uvc-main-heading ult-responsive\"  data-ultimate-target='.uvc-heading.ultimate-heading-440769d943795b44c h4'  data-responsive-json-new='{\"font-size\":\"desktop:30px;\",\"line-height\":\"desktop:40px;\"}' ><h4 style=\"font-family:&#039;Roboto&#039;;font-weight:700;color:#333333;margin-bottom:20px;\">Order translation<\/h4><\/div><\/div>\n<div class=\"wpcf7 no-js\" id=\"wpcf7-f1699-o1\" lang=\"pl-PL\" dir=\"ltr\" data-wpcf7-id=\"1699\">\n<div class=\"screen-reader-response\"><p role=\"status\" aria-live=\"polite\" aria-atomic=\"true\"><\/p> <ul><\/ul><\/div>\n<form action=\"\/en\/wp-json\/wp\/v2\/pages\/1691#wpcf7-f1699-o1\" method=\"post\" class=\"wpcf7-form init wpcf7-acceptance-as-validation\" aria-label=\"Formularz kontaktowy\" enctype=\"multipart\/form-data\" novalidate=\"novalidate\" data-status=\"init\">\n<fieldset class=\"hidden-fields-container\"><input type=\"hidden\" name=\"_wpcf7\" value=\"1699\" \/><input type=\"hidden\" name=\"_wpcf7_version\" value=\"6.1.5\" \/><input type=\"hidden\" name=\"_wpcf7_locale\" value=\"pl_PL\" \/><input type=\"hidden\" name=\"_wpcf7_unit_tag\" value=\"wpcf7-f1699-o1\" \/><input type=\"hidden\" name=\"_wpcf7_container_post\" value=\"0\" \/><input type=\"hidden\" name=\"_wpcf7_posted_data_hash\" value=\"\" \/><input type=\"hidden\" name=\"_wpcf7_recaptcha_response\" value=\"\" \/>\n<\/fieldset>\n<h4 class=\"custom-form-heading\">Personal details\n<\/h4>\n<div class=\"vc_row custom-form-row\">\n\t<div class=\"vc_col-sm-6 custom-form\">\n\t\t<p><span class=\"custom-label\">Name*<\/span><span class=\"wpcf7-form-control-wrap\" data-name=\"customer-name\"><input size=\"40\" maxlength=\"400\" class=\"wpcf7-form-control wpcf7-text wpcf7-validates-as-required\" aria-required=\"true\" aria-invalid=\"false\" value=\"\" type=\"text\" name=\"customer-name\" \/><\/span>\n\t\t<\/p>\n\t<\/div>\n\t<div class=\"vc_col-sm-6 custom-form\">\n\t\t<p><span class=\"custom-label\">Surname<\/span><span class=\"wpcf7-form-control-wrap\" data-name=\"customer-surname\"><input size=\"40\" maxlength=\"400\" class=\"wpcf7-form-control wpcf7-text\" aria-invalid=\"false\" value=\"\" type=\"text\" name=\"customer-surname\" \/><\/span>\n\t\t<\/p>\n\t<\/div>\n<\/div>\n<div class=\"vc_row custom-form-row\">\n\t<div class=\"vc_col-sm-6 custom-form\">\n\t\t<p><span class=\"custom-label\">Email*<\/span><span class=\"wpcf7-form-control-wrap\" data-name=\"customer-mail\"><input size=\"40\" maxlength=\"400\" class=\"wpcf7-form-control wpcf7-email wpcf7-validates-as-required wpcf7-text wpcf7-validates-as-email\" aria-required=\"true\" aria-invalid=\"false\" value=\"\" type=\"email\" name=\"customer-mail\" \/><\/span>\n\t\t<\/p>\n\t<\/div>\n\t<div class=\"vc_col-sm-6 custom-form\">\n\t\t<p><span class=\"custom-label\">Phone number<\/span><span class=\"wpcf7-form-control-wrap\" data-name=\"customer-phone\"><input size=\"40\" maxlength=\"400\" class=\"wpcf7-form-control wpcf7-tel wpcf7-text wpcf7-validates-as-tel\" aria-invalid=\"false\" value=\"\" type=\"tel\" name=\"customer-phone\" \/><\/span>\n\t\t<\/p>\n\t<\/div>\n<\/div>\n<div class=\"vc_row custom-form-row\">\n\t<div class=\"vc_col-sm-6 custom-form\">\n\t\t<p><span class=\"custom-label\">Company<\/span><span class=\"wpcf7-form-control-wrap\" data-name=\"customer-company\"><input size=\"40\" maxlength=\"400\" class=\"wpcf7-form-control wpcf7-text\" aria-invalid=\"false\" value=\"\" type=\"text\" name=\"customer-company\" \/><\/span>\n\t\t<\/p>\n\t<\/div>\n\t<div class=\"vc_col-sm-6 custom-form\">\n\t\t<p><span class=\"custom-label\">Taxpayer ID number<\/span><span class=\"wpcf7-form-control-wrap\" data-name=\"customer-company-number\"><input size=\"40\" maxlength=\"400\" class=\"wpcf7-form-control wpcf7-text\" aria-invalid=\"false\" value=\"\" type=\"text\" name=\"customer-company-number\" \/><\/span>\n\t\t<\/p>\n\t<\/div>\n<\/div>\n<div class=\"vc_row custom-form-row\">\n\t<div class=\"vc_col-sm-12 custom-form\">\n\t\t<p><span class=\"custom-label\">Address<\/span><span class=\"wpcf7-form-control-wrap\" data-name=\"customer-address\"><textarea cols=\"40\" rows=\"2\" maxlength=\"2000\" class=\"wpcf7-form-control wpcf7-textarea\" aria-invalid=\"false\" name=\"customer-address\"><\/textarea><\/span>\n\t\t<\/p>\n\t<\/div>\n<\/div>\n<h4 class=\"custom-form-heading top-margin\">Request for quotation details\n<\/h4>\n<div class=\"vc_row custom-form-row\">\n\t<div class=\"vc_col-sm-6 custom-form\">\n\t\t<p><span class=\"custom-label\">Source language*<\/span><span class=\"wpcf7-form-control-wrap\" data-name=\"main-language\"><select class=\"wpcf7-form-control wpcf7-select wpcf7-validates-as-required\" aria-required=\"true\" aria-invalid=\"false\" name=\"main-language\"><option value=\"\">&#8212;Prosz\u0119 wybra\u0107 opcj\u0119&#8212;<\/option><option value=\"Polish\">Polish<\/option><option value=\"German\">German<\/option><option value=\"English\">English<\/option><option value=\"Russian\">Russian<\/option><option value=\"French\">French<\/option><option value=\"Spanish\">Spanish<\/option><option value=\"Dutch\">Dutch<\/option><option value=\"Czech\">Czech<\/option><option value=\"Other (write in comments)\">Other (write in comments)<\/option><\/select><\/span>\n\t\t<\/p>\n\t<\/div>\n\t<div class=\"vc_col-sm-6 custom-form\">\n\t\t<p><span class=\"custom-label\">Target language*<\/span><span class=\"wpcf7-form-control-wrap\" data-name=\"translated-language\"><select class=\"wpcf7-form-control wpcf7-select wpcf7-validates-as-required\" aria-required=\"true\" aria-invalid=\"false\" name=\"translated-language\"><option value=\"\">&#8212;Prosz\u0119 wybra\u0107 opcj\u0119&#8212;<\/option><option value=\"Polish\">Polish<\/option><option value=\"German\">German<\/option><option value=\"English\">English<\/option><option value=\"Russian\">Russian<\/option><option value=\"French\">French<\/option><option value=\"Spanish\">Spanish<\/option><option value=\"Dutch\">Dutch<\/option><option value=\"Czech\">Czech<\/option><option value=\"Other (write in comments)\">Other (write in comments)<\/option><\/select><\/span>\n\t\t<\/p>\n\t<\/div>\n<\/div>\n<div class=\"vc_row custom-form-row\">\n\t<div class=\"vc_col-sm-12 custom-form\">\n\t\t<p><span class=\"custom-label\">Prefered deadline<\/span><span class=\"wpcf7-form-control-wrap\" data-name=\"translation-date\"><input class=\"wpcf7-form-control wpcf7-date wpcf7-validates-as-date\" aria-invalid=\"false\" value=\"\" type=\"date\" name=\"translation-date\" \/><\/span>\n\t\t<\/p>\n\t<\/div>\n<\/div>\n<div class=\"vc_row custom-form-row\">\n\t<div class=\"vc_col-sm-12 custom-form\">\n\t\t<p><span class=\"custom-label\">Comments<\/span><span class=\"wpcf7-form-control-wrap\" data-name=\"additional-info\"><textarea cols=\"40\" rows=\"2\" maxlength=\"2000\" class=\"wpcf7-form-control wpcf7-textarea\" aria-invalid=\"false\" name=\"additional-info\"><\/textarea><\/span>\n\t\t<\/p>\n\t<\/div>\n<\/div>\n<div class=\"vc_row custom-form-row\">\n\t<div class=\"vc_col-sm-12 custom-form\">\n\t\t<p><span class=\"custom-label\">Add files<\/span><br \/>\n<span class=\"wpcf7-form-control-wrap\" data-name=\"customer-files\"><input size=\"40\" class=\"wpcf7-form-control wpcf7-file\" accept=\"audio\/*,video\/*,image\/*\" aria-invalid=\"false\" type=\"file\" name=\"customer-files\" \/><\/span>\n\t\t<\/p>\n\t<\/div>\n<\/div>\n<p><span class=\"wpcf7-form-control-wrap\" data-name=\"gdpr-acceptance\"><span class=\"wpcf7-form-control wpcf7-acceptance\"><span class=\"wpcf7-list-item\"><label><input type=\"checkbox\" name=\"gdpr-acceptance\" value=\"1\" aria-invalid=\"false\" \/><span class=\"wpcf7-list-item-label\">I consent to the processing of my personal data in accordance with the Personal Data Protection Act in connection with the request sent via the above contact form. Providing data is voluntary, but it is processed. I have been informed that I have the right to access my data, the possibility of correcting it, adjusting the cessation of their use.<\/span><\/label><\/span><\/span><\/span>\n<\/p>\n<p><input class=\"wpcf7-form-control wpcf7-submit has-spinner button-send\" type=\"submit\" value=\"Send form\" \/>\n<\/p><div class=\"wpcf7-response-output\" aria-hidden=\"true\"><\/div>\n<\/form>\n<\/div>\n\t\t<\/div>\t<\/a><\/div>[\/vc_column][\/vc_row][vc_row full_width=&#8221;stretch_row_content_no_spaces&#8221;][vc_column css=&#8221;.vc_custom_1617091690599{margin-bottom: -30px !important;}&#8221;][vc_gmaps link=&#8221;#E-8_JTNDaWZyYW1lJTIwc3JjJTNEJTIyaHR0cHMlM0ElMkYlMkZ3d3cuZ29vZ2xlLmNvbSUyRm1hcHMlMkZlbWJlZCUzRnBiJTNEJTIxMW0xNCUyMTFtOCUyMTFtMyUyMTFkMTAwMjIuMzUyNzk5MDY5NzYyJTIxMmQxNy4wMjU3MDclMjEzZDUxLjA5NzYwNjklMjEzbTIlMjExaTEwMjQlMjEyaTc2OCUyMTRmMTMuMSUyMTNtMyUyMTFtMiUyMTFzMHgwJTI1M0EweGVjMWVkOTYwZWJmZmZjYyUyMTJzV3JhdGlzbGF2aWElMjUyMFRyYW5zbGF0aW9uJTI1MjBIb3VzZSUyNTIwU3AuJTI1MjB6JTI1MjBvLm8uJTIxNWUwJTIxM20yJTIxMXNwbCUyMTJzcGwlMjE0djE1OTM2ODk2NzM4MjklMjE1bTIlMjExc3BsJTIxMnNwbCUyMiUyMHdpZHRoJTNEJTIyNjAwJTIyJTIwaGVpZ2h0JTNEJTIyNDUwJTIyJTIwZnJhbWVib3JkZXIlM0QlMjIwJTIyJTIwc3R5bGUlM0QlMjJib3JkZXIlM0EwJTNCJTIyJTIwYWxsb3dmdWxsc2NyZWVuJTNEJTIyJTIyJTIwYXJpYS1oaWRkZW4lM0QlMjJmYWxzZSUyMiUyMHRhYmluZGV4JTNEJTIyMCUyMiUzRSUzQyUyRmlmcmFtZSUzRQ==&#8221; size=&#8221;400&#8243;][\/vc_column][\/vc_row]<\/p>\n<\/div>","protected":false},"excerpt":{"rendered":"<p>[vc_row gap=&#8221;20&#8243; bg_type=&#8221;image&#8221; parallax_style=&#8221;vcpb-default&#8221; bg_image_new=&#8221;id^879|url^https:\/\/wth.pl\/wp-content\/uploads\/2020\/07\/bg-section-1.jpg|caption^null|alt^null|title^bg-section-1|description^null&#8221; bg_override=&#8221;ex-full&#8221; css=&#8221;.vc_custom_1617091748644{padding-bottom: 40px !important;}&#8221;][vc_column css_animation=&#8221;zoomInUp&#8221;][\/vc_column][vc_column css_animation=&#8221;zoomInLeft&#8221; offset=&#8221;vc_col-lg-6 vc_col-md-6&#8243;][vc_column_text css=&#8221;&#8221;]Requests for quotation please send an e-mail to wth@wth.pl or fill in the request for quotation form. Address data Wratislavia Translation House Sp. z o.o. ul. Kleci\u0144ska 182 54-412 Wroc\u0142aw Poland e-mail: wth@wth.pl Tel.: +48 503 136 415 Management Board Gra\u017cyna Ficner&hellip;<\/p>\n","protected":false},"author":1,"featured_media":0,"parent":0,"menu_order":0,"comment_status":"closed","ping_status":"closed","template":"","meta":{"footnotes":""},"class_list":["post-1691","page","type-page","status-publish","hentry","description-off"],"yoast_head":"<!-- This site is optimized with the Yoast SEO plugin v27.2 - https:\/\/yoast.com\/product\/yoast-seo-wordpress\/ -->\n<title>Contact us &#8211; Wratislavia Translation House<\/title>\n<meta name=\"robots\" content=\"index, follow, max-snippet:-1, max-image-preview:large, max-video-preview:-1\" \/>\n<link rel=\"canonical\" href=\"https:\/\/wth.pl\/en\/contact-us\/\" \/>\n<meta property=\"og:locale\" content=\"en_US\" \/>\n<meta property=\"og:type\" content=\"article\" \/>\n<meta property=\"og:title\" content=\"Contact us &#8211; Wratislavia Translation House\" \/>\n<meta property=\"og:description\" content=\"[vc_row gap=&#8221;20&#8243; bg_type=&#8221;image&#8221; parallax_style=&#8221;vcpb-default&#8221; bg_image_new=&#8221;id^879|url^https:\/\/wth.pl\/wp-content\/uploads\/2020\/07\/bg-section-1.jpg|caption^null|alt^null|title^bg-section-1|description^null&#8221; bg_override=&#8221;ex-full&#8221; css=&#8221;.vc_custom_1617091748644{padding-bottom: 40px !important;}&#8221;][vc_column css_animation=&#8221;zoomInUp&#8221;][\/vc_column][vc_column css_animation=&#8221;zoomInLeft&#8221; offset=&#8221;vc_col-lg-6 vc_col-md-6&#8243;][vc_column_text css=&#8221;&#8221;]Requests for quotation please send an e-mail to wth@wth.pl or fill in the request for quotation form. Address data Wratislavia Translation House Sp. z o.o. ul. Kleci\u0144ska 182 54-412 Wroc\u0142aw Poland e-mail: wth@wth.pl Tel.: +48 503 136 415 Management Board Gra\u017cyna Ficner&hellip;\" \/>\n<meta property=\"og:url\" content=\"https:\/\/wth.pl\/en\/contact-us\/\" \/>\n<meta property=\"og:site_name\" content=\"Wratislavia Translation House\" \/>\n<meta property=\"article:modified_time\" content=\"2025-11-06T08:49:29+00:00\" \/>\n<meta name=\"twitter:card\" content=\"summary_large_image\" \/>\n<meta name=\"twitter:label1\" content=\"Est. reading time\" \/>\n\t<meta name=\"twitter:data1\" content=\"2 minutes\" \/>\n<script type=\"application\/ld+json\" class=\"yoast-schema-graph\">{\"@context\":\"https:\/\/schema.org\",\"@graph\":[{\"@type\":\"WebPage\",\"@id\":\"https:\/\/wth.pl\/en\/contact-us\/\",\"url\":\"https:\/\/wth.pl\/en\/contact-us\/\",\"name\":\"Contact us &#8211; Wratislavia Translation House\",\"isPartOf\":{\"@id\":\"https:\/\/wth.pl\/en\/#website\"},\"datePublished\":\"2020-07-08T13:52:55+00:00\",\"dateModified\":\"2025-11-06T08:49:29+00:00\",\"breadcrumb\":{\"@id\":\"https:\/\/wth.pl\/en\/contact-us\/#breadcrumb\"},\"inLanguage\":\"en-US\",\"potentialAction\":[{\"@type\":\"ReadAction\",\"target\":[\"https:\/\/wth.pl\/en\/contact-us\/\"]}]},{\"@type\":\"BreadcrumbList\",\"@id\":\"https:\/\/wth.pl\/en\/contact-us\/#breadcrumb\",\"itemListElement\":[{\"@type\":\"ListItem\",\"position\":1,\"name\":\"Strona g\u0142\u00f3wna\",\"item\":\"https:\/\/wth.pl\/en\/\"},{\"@type\":\"ListItem\",\"position\":2,\"name\":\"Contact us\"}]},{\"@type\":\"WebSite\",\"@id\":\"https:\/\/wth.pl\/en\/#website\",\"url\":\"https:\/\/wth.pl\/en\/\",\"name\":\"Wratislavia Translation House\",\"description\":\"Professional translation agency in Wroclaw\",\"potentialAction\":[{\"@type\":\"SearchAction\",\"target\":{\"@type\":\"EntryPoint\",\"urlTemplate\":\"https:\/\/wth.pl\/en\/?s={search_term_string}\"},\"query-input\":{\"@type\":\"PropertyValueSpecification\",\"valueRequired\":true,\"valueName\":\"search_term_string\"}}],\"inLanguage\":\"en-US\"}]}<\/script>\n<!-- \/ Yoast SEO plugin. -->","yoast_head_json":{"title":"Contact us &#8211; Wratislavia Translation House","robots":{"index":"index","follow":"follow","max-snippet":"max-snippet:-1","max-image-preview":"max-image-preview:large","max-video-preview":"max-video-preview:-1"},"canonical":"https:\/\/wth.pl\/en\/contact-us\/","og_locale":"en_US","og_type":"article","og_title":"Contact us &#8211; Wratislavia Translation House","og_description":"[vc_row gap=&#8221;20&#8243; bg_type=&#8221;image&#8221; parallax_style=&#8221;vcpb-default&#8221; bg_image_new=&#8221;id^879|url^https:\/\/wth.pl\/wp-content\/uploads\/2020\/07\/bg-section-1.jpg|caption^null|alt^null|title^bg-section-1|description^null&#8221; bg_override=&#8221;ex-full&#8221; css=&#8221;.vc_custom_1617091748644{padding-bottom: 40px !important;}&#8221;][vc_column css_animation=&#8221;zoomInUp&#8221;][\/vc_column][vc_column css_animation=&#8221;zoomInLeft&#8221; offset=&#8221;vc_col-lg-6 vc_col-md-6&#8243;][vc_column_text css=&#8221;&#8221;]Requests for quotation please send an e-mail to wth@wth.pl or fill in the request for quotation form. Address data Wratislavia Translation House Sp. z o.o. ul. Kleci\u0144ska 182 54-412 Wroc\u0142aw Poland e-mail: wth@wth.pl Tel.: +48 503 136 415 Management Board Gra\u017cyna Ficner&hellip;","og_url":"https:\/\/wth.pl\/en\/contact-us\/","og_site_name":"Wratislavia Translation House","article_modified_time":"2025-11-06T08:49:29+00:00","twitter_card":"summary_large_image","twitter_misc":{"Est. reading time":"2 minutes"},"schema":{"@context":"https:\/\/schema.org","@graph":[{"@type":"WebPage","@id":"https:\/\/wth.pl\/en\/contact-us\/","url":"https:\/\/wth.pl\/en\/contact-us\/","name":"Contact us &#8211; Wratislavia Translation House","isPartOf":{"@id":"https:\/\/wth.pl\/en\/#website"},"datePublished":"2020-07-08T13:52:55+00:00","dateModified":"2025-11-06T08:49:29+00:00","breadcrumb":{"@id":"https:\/\/wth.pl\/en\/contact-us\/#breadcrumb"},"inLanguage":"en-US","potentialAction":[{"@type":"ReadAction","target":["https:\/\/wth.pl\/en\/contact-us\/"]}]},{"@type":"BreadcrumbList","@id":"https:\/\/wth.pl\/en\/contact-us\/#breadcrumb","itemListElement":[{"@type":"ListItem","position":1,"name":"Strona g\u0142\u00f3wna","item":"https:\/\/wth.pl\/en\/"},{"@type":"ListItem","position":2,"name":"Contact us"}]},{"@type":"WebSite","@id":"https:\/\/wth.pl\/en\/#website","url":"https:\/\/wth.pl\/en\/","name":"Wratislavia Translation House","description":"Professional translation agency in Wroclaw","potentialAction":[{"@type":"SearchAction","target":{"@type":"EntryPoint","urlTemplate":"https:\/\/wth.pl\/en\/?s={search_term_string}"},"query-input":{"@type":"PropertyValueSpecification","valueRequired":true,"valueName":"search_term_string"}}],"inLanguage":"en-US"}]}},"_links":{"self":[{"href":"https:\/\/wth.pl\/en\/wp-json\/wp\/v2\/pages\/1691","targetHints":{"allow":["GET"]}}],"collection":[{"href":"https:\/\/wth.pl\/en\/wp-json\/wp\/v2\/pages"}],"about":[{"href":"https:\/\/wth.pl\/en\/wp-json\/wp\/v2\/types\/page"}],"author":[{"embeddable":true,"href":"https:\/\/wth.pl\/en\/wp-json\/wp\/v2\/users\/1"}],"replies":[{"embeddable":true,"href":"https:\/\/wth.pl\/en\/wp-json\/wp\/v2\/comments?post=1691"}],"version-history":[{"count":16,"href":"https:\/\/wth.pl\/en\/wp-json\/wp\/v2\/pages\/1691\/revisions"}],"predecessor-version":[{"id":4020,"href":"https:\/\/wth.pl\/en\/wp-json\/wp\/v2\/pages\/1691\/revisions\/4020"}],"wp:attachment":[{"href":"https:\/\/wth.pl\/en\/wp-json\/wp\/v2\/media?parent=1691"}],"curies":[{"name":"wp","href":"https:\/\/api.w.org\/{rel}","templated":true}]}}