{"id":1696,"date":"2020-07-08T15:58:26","date_gmt":"2020-07-08T13:58:26","guid":{"rendered":"https:\/\/wth.pl\/order-translation\/"},"modified":"2020-07-08T16:05:51","modified_gmt":"2020-07-08T14:05:51","slug":"order-translation","status":"publish","type":"page","link":"https:\/\/wth.pl\/en\/order-translation\/","title":{"rendered":"Order translation"},"content":{"rendered":"<div class=\"wpb-content-wrapper\"><p>[vc_row gap=&#8221;35&#8243; equal_height=&#8221;yes&#8221; bg_type=&#8221;image&#8221; parallax_style=&#8221;vcpb-default&#8221; bg_image_new=&#8221;id^879|url^https:\/\/wth.pl\/wp-content\/uploads\/2020\/07\/bg-section-1.jpg|caption^null|alt^null|title^bg-section-1|description^null&#8221; bg_override=&#8221;ex-full&#8221;][vc_column css_animation=&#8221;zoomInUp&#8221; offset=&#8221;vc_col-lg-2\/5 vc_col-md-2\/5&#8243;]<div id=\"ultimate-heading-733869e4c97d43d24\" class=\"uvc-heading ult-adjust-bottom-margin ultimate-heading-733869e4c97d43d24 uvc-7693 header-custom\" data-hspacer=\"no_spacer\"  data-halign=\"left\" style=\"text-align:left\"><div class=\"uvc-heading-spacer no_spacer\" style=\"top\"><\/div><div class=\"uvc-main-heading ult-responsive\"  data-ultimate-target='.uvc-heading.ultimate-heading-733869e4c97d43d24 h2'  data-responsive-json-new='{\"font-size\":\"desktop:16px;mobile_landscape:13px;\",\"line-height\":\"desktop:26px;mobile_landscape:22px;\"}' ><h2 style=\"font-family:&#039;Roboto&#039;;font-weight:500;color:#c2d501;margin-bottom:15px;\">QUOTATION FORM<\/h2><\/div><div class=\"uvc-sub-heading ult-responsive\"  data-ultimate-target='.uvc-heading.ultimate-heading-733869e4c97d43d24 .uvc-sub-heading '  data-responsive-json-new='{\"font-size\":\"desktop:45px;mobile_landscape:34px;\",\"line-height\":\"desktop:60px;mobile_landscape:46px;\"}'  style=\"font-family:&#039;Roboto&#039;;font-weight:700;color:#333333;margin-bottom:30px;\">Order translation<\/div><\/div>[vc_column_text css=&#8221;.vc_custom_1593704768475{margin-bottom: 15px !important;}&#8221;]You can request the quotation for the translation of short materials using the following form. Please fill in required fields and send back the form. We will contact you regarding the pricing and the deadline of the translation delivery.<\/p>\n<p>You may also contact us by e-mail at <a href=\"mailto:wth@wth.pl\">wth@wth.pl<\/a> to ask about the quotation.[\/vc_column_text][\/vc_column][vc_column css_animation=&#8221;bounceInRight&#8221; offset=&#8221;vc_col-lg-3\/5 vc_col-md-3\/5 vc_hidden-xs&#8221;]<div class=\"ult-content-box-container custom-box\" >\t<a class=\"ult-content-box-anchor\" >\t\t<div class=\"ult-content-box\" style=\"background-color:#ffffff;box-shadow: 0px 2px 60px 0px rgba(0,0,0,0.1) ;padding-top:40px;padding-right:40px;padding-bottom:40px;padding-left:40px;-webkit-transition: all 700ms ease;-moz-transition: all 700ms ease;-ms-transition: all 700ms ease;-o-transition: all 700ms ease;transition: all 700ms ease;\"  data-hover_bg_color=\"#ffffff\"  data-hover_box_shadow=\" 0px 2px 60px 0px rgba(0,0,0,0.1) \"     data-bg=\"#ffffff\" >\n<div class=\"wpcf7 no-js\" id=\"wpcf7-f1699-o1\" lang=\"pl-PL\" dir=\"ltr\" data-wpcf7-id=\"1699\">\n<div class=\"screen-reader-response\"><p role=\"status\" aria-live=\"polite\" aria-atomic=\"true\"><\/p> <ul><\/ul><\/div>\n<form action=\"\/en\/wp-json\/wp\/v2\/pages\/1696#wpcf7-f1699-o1\" method=\"post\" class=\"wpcf7-form init wpcf7-acceptance-as-validation\" aria-label=\"Formularz kontaktowy\" enctype=\"multipart\/form-data\" novalidate=\"novalidate\" data-status=\"init\">\n<fieldset class=\"hidden-fields-container\"><input type=\"hidden\" name=\"_wpcf7\" value=\"1699\" \/><input type=\"hidden\" name=\"_wpcf7_version\" value=\"6.1.5\" \/><input type=\"hidden\" name=\"_wpcf7_locale\" value=\"pl_PL\" \/><input type=\"hidden\" name=\"_wpcf7_unit_tag\" value=\"wpcf7-f1699-o1\" \/><input type=\"hidden\" name=\"_wpcf7_container_post\" value=\"0\" \/><input type=\"hidden\" name=\"_wpcf7_posted_data_hash\" value=\"\" \/><input type=\"hidden\" name=\"_wpcf7_recaptcha_response\" value=\"\" \/>\n<\/fieldset>\n<h4 class=\"custom-form-heading\">Personal details\n<\/h4>\n<div class=\"vc_row custom-form-row\">\n\t<div class=\"vc_col-sm-6 custom-form\">\n\t\t<p><span class=\"custom-label\">Name*<\/span><span class=\"wpcf7-form-control-wrap\" data-name=\"customer-name\"><input size=\"40\" maxlength=\"400\" class=\"wpcf7-form-control wpcf7-text wpcf7-validates-as-required\" aria-required=\"true\" aria-invalid=\"false\" value=\"\" type=\"text\" name=\"customer-name\" \/><\/span>\n\t\t<\/p>\n\t<\/div>\n\t<div class=\"vc_col-sm-6 custom-form\">\n\t\t<p><span class=\"custom-label\">Surname<\/span><span class=\"wpcf7-form-control-wrap\" data-name=\"customer-surname\"><input size=\"40\" maxlength=\"400\" class=\"wpcf7-form-control wpcf7-text\" aria-invalid=\"false\" value=\"\" type=\"text\" name=\"customer-surname\" \/><\/span>\n\t\t<\/p>\n\t<\/div>\n<\/div>\n<div class=\"vc_row custom-form-row\">\n\t<div class=\"vc_col-sm-6 custom-form\">\n\t\t<p><span class=\"custom-label\">Email*<\/span><span class=\"wpcf7-form-control-wrap\" data-name=\"customer-mail\"><input size=\"40\" maxlength=\"400\" class=\"wpcf7-form-control wpcf7-email wpcf7-validates-as-required wpcf7-text wpcf7-validates-as-email\" aria-required=\"true\" aria-invalid=\"false\" value=\"\" type=\"email\" name=\"customer-mail\" \/><\/span>\n\t\t<\/p>\n\t<\/div>\n\t<div class=\"vc_col-sm-6 custom-form\">\n\t\t<p><span class=\"custom-label\">Phone number<\/span><span class=\"wpcf7-form-control-wrap\" data-name=\"customer-phone\"><input size=\"40\" maxlength=\"400\" class=\"wpcf7-form-control wpcf7-tel wpcf7-text wpcf7-validates-as-tel\" aria-invalid=\"false\" value=\"\" type=\"tel\" name=\"customer-phone\" \/><\/span>\n\t\t<\/p>\n\t<\/div>\n<\/div>\n<div class=\"vc_row custom-form-row\">\n\t<div class=\"vc_col-sm-6 custom-form\">\n\t\t<p><span class=\"custom-label\">Company<\/span><span class=\"wpcf7-form-control-wrap\" data-name=\"customer-company\"><input size=\"40\" maxlength=\"400\" class=\"wpcf7-form-control wpcf7-text\" aria-invalid=\"false\" value=\"\" type=\"text\" name=\"customer-company\" \/><\/span>\n\t\t<\/p>\n\t<\/div>\n\t<div class=\"vc_col-sm-6 custom-form\">\n\t\t<p><span class=\"custom-label\">Taxpayer ID number<\/span><span class=\"wpcf7-form-control-wrap\" data-name=\"customer-company-number\"><input size=\"40\" maxlength=\"400\" class=\"wpcf7-form-control wpcf7-text\" aria-invalid=\"false\" value=\"\" type=\"text\" name=\"customer-company-number\" \/><\/span>\n\t\t<\/p>\n\t<\/div>\n<\/div>\n<div class=\"vc_row custom-form-row\">\n\t<div class=\"vc_col-sm-12 custom-form\">\n\t\t<p><span class=\"custom-label\">Address<\/span><span class=\"wpcf7-form-control-wrap\" data-name=\"customer-address\"><textarea cols=\"40\" rows=\"2\" maxlength=\"2000\" class=\"wpcf7-form-control wpcf7-textarea\" aria-invalid=\"false\" name=\"customer-address\"><\/textarea><\/span>\n\t\t<\/p>\n\t<\/div>\n<\/div>\n<h4 class=\"custom-form-heading top-margin\">Request for quotation details\n<\/h4>\n<div class=\"vc_row custom-form-row\">\n\t<div class=\"vc_col-sm-6 custom-form\">\n\t\t<p><span class=\"custom-label\">Source language*<\/span><span class=\"wpcf7-form-control-wrap\" data-name=\"main-language\"><select class=\"wpcf7-form-control wpcf7-select wpcf7-validates-as-required\" aria-required=\"true\" aria-invalid=\"false\" name=\"main-language\"><option value=\"\">&#8212;Prosz\u0119 wybra\u0107 opcj\u0119&#8212;<\/option><option value=\"Polish\">Polish<\/option><option value=\"German\">German<\/option><option value=\"English\">English<\/option><option value=\"Russian\">Russian<\/option><option value=\"French\">French<\/option><option value=\"Spanish\">Spanish<\/option><option value=\"Dutch\">Dutch<\/option><option value=\"Czech\">Czech<\/option><option value=\"Other (write in comments)\">Other (write in comments)<\/option><\/select><\/span>\n\t\t<\/p>\n\t<\/div>\n\t<div class=\"vc_col-sm-6 custom-form\">\n\t\t<p><span class=\"custom-label\">Target language*<\/span><span class=\"wpcf7-form-control-wrap\" data-name=\"translated-language\"><select class=\"wpcf7-form-control wpcf7-select wpcf7-validates-as-required\" aria-required=\"true\" aria-invalid=\"false\" name=\"translated-language\"><option value=\"\">&#8212;Prosz\u0119 wybra\u0107 opcj\u0119&#8212;<\/option><option value=\"Polish\">Polish<\/option><option value=\"German\">German<\/option><option value=\"English\">English<\/option><option value=\"Russian\">Russian<\/option><option value=\"French\">French<\/option><option value=\"Spanish\">Spanish<\/option><option value=\"Dutch\">Dutch<\/option><option value=\"Czech\">Czech<\/option><option value=\"Other (write in comments)\">Other (write in comments)<\/option><\/select><\/span>\n\t\t<\/p>\n\t<\/div>\n<\/div>\n<div class=\"vc_row custom-form-row\">\n\t<div class=\"vc_col-sm-12 custom-form\">\n\t\t<p><span class=\"custom-label\">Prefered deadline<\/span><span class=\"wpcf7-form-control-wrap\" data-name=\"translation-date\"><input class=\"wpcf7-form-control wpcf7-date wpcf7-validates-as-date\" aria-invalid=\"false\" value=\"\" type=\"date\" name=\"translation-date\" \/><\/span>\n\t\t<\/p>\n\t<\/div>\n<\/div>\n<div class=\"vc_row custom-form-row\">\n\t<div class=\"vc_col-sm-12 custom-form\">\n\t\t<p><span class=\"custom-label\">Comments<\/span><span class=\"wpcf7-form-control-wrap\" data-name=\"additional-info\"><textarea cols=\"40\" rows=\"2\" maxlength=\"2000\" class=\"wpcf7-form-control wpcf7-textarea\" aria-invalid=\"false\" name=\"additional-info\"><\/textarea><\/span>\n\t\t<\/p>\n\t<\/div>\n<\/div>\n<div class=\"vc_row custom-form-row\">\n\t<div class=\"vc_col-sm-12 custom-form\">\n\t\t<p><span class=\"custom-label\">Add files<\/span><br \/>\n<span class=\"wpcf7-form-control-wrap\" data-name=\"customer-files\"><input size=\"40\" class=\"wpcf7-form-control wpcf7-file\" accept=\"audio\/*,video\/*,image\/*\" aria-invalid=\"false\" type=\"file\" name=\"customer-files\" \/><\/span>\n\t\t<\/p>\n\t<\/div>\n<\/div>\n<p><span class=\"wpcf7-form-control-wrap\" data-name=\"gdpr-acceptance\"><span class=\"wpcf7-form-control wpcf7-acceptance\"><span class=\"wpcf7-list-item\"><label><input type=\"checkbox\" name=\"gdpr-acceptance\" value=\"1\" aria-invalid=\"false\" \/><span class=\"wpcf7-list-item-label\">I consent to the processing of my personal data in accordance with the Personal Data Protection Act in connection with the request sent via the above contact form. Providing data is voluntary, but it is processed. I have been informed that I have the right to access my data, the possibility of correcting it, adjusting the cessation of their use.<\/span><\/label><\/span><\/span><\/span>\n<\/p>\n<p><input class=\"wpcf7-form-control wpcf7-submit has-spinner button-send\" type=\"submit\" value=\"Send form\" \/>\n<\/p><div class=\"wpcf7-response-output\" aria-hidden=\"true\"><\/div>\n<\/form>\n<\/div>\n\t\t<\/div>\t<\/a><\/div>[\/vc_column][\/vc_row]<\/p>\n<\/div>","protected":false},"excerpt":{"rendered":"<p>[vc_row gap=&#8221;35&#8243; equal_height=&#8221;yes&#8221; bg_type=&#8221;image&#8221; parallax_style=&#8221;vcpb-default&#8221; bg_image_new=&#8221;id^879|url^https:\/\/wth.pl\/wp-content\/uploads\/2020\/07\/bg-section-1.jpg|caption^null|alt^null|title^bg-section-1|description^null&#8221; bg_override=&#8221;ex-full&#8221;][vc_column css_animation=&#8221;zoomInUp&#8221; offset=&#8221;vc_col-lg-2\/5 vc_col-md-2\/5&#8243;][vc_column_text css=&#8221;.vc_custom_1593704768475{margin-bottom: 15px !important;}&#8221;]You can request the quotation for the translation of short materials using the following form. Please fill in required fields and send back the form. We will contact you regarding the pricing and the deadline of the translation delivery. You may also contact&hellip;<\/p>\n","protected":false},"author":1,"featured_media":0,"parent":0,"menu_order":0,"comment_status":"closed","ping_status":"closed","template":"","meta":{"footnotes":""},"class_list":["post-1696","page","type-page","status-publish","hentry","description-off"],"yoast_head":"<!-- This site is optimized with the Yoast SEO plugin v27.2 - https:\/\/yoast.com\/product\/yoast-seo-wordpress\/ -->\n<title>Order translation &#8211; Wratislavia Translation House<\/title>\n<meta name=\"robots\" content=\"index, follow, max-snippet:-1, max-image-preview:large, max-video-preview:-1\" \/>\n<link rel=\"canonical\" href=\"https:\/\/wth.pl\/en\/order-translation\/\" \/>\n<meta property=\"og:locale\" content=\"en_US\" \/>\n<meta property=\"og:type\" content=\"article\" \/>\n<meta property=\"og:title\" content=\"Order translation &#8211; Wratislavia Translation House\" \/>\n<meta property=\"og:description\" content=\"[vc_row gap=&#8221;35&#8243; equal_height=&#8221;yes&#8221; bg_type=&#8221;image&#8221; parallax_style=&#8221;vcpb-default&#8221; bg_image_new=&#8221;id^879|url^https:\/\/wth.pl\/wp-content\/uploads\/2020\/07\/bg-section-1.jpg|caption^null|alt^null|title^bg-section-1|description^null&#8221; bg_override=&#8221;ex-full&#8221;][vc_column css_animation=&#8221;zoomInUp&#8221; offset=&#8221;vc_col-lg-2\/5 vc_col-md-2\/5&#8243;][vc_column_text css=&#8221;.vc_custom_1593704768475{margin-bottom: 15px !important;}&#8221;]You can request the quotation for the translation of short materials using the following form. Please fill in required fields and send back the form. We will contact you regarding the pricing and the deadline of the translation delivery. You may also contact&hellip;\" \/>\n<meta property=\"og:url\" content=\"https:\/\/wth.pl\/en\/order-translation\/\" \/>\n<meta property=\"og:site_name\" content=\"Wratislavia Translation House\" \/>\n<meta property=\"article:modified_time\" content=\"2020-07-08T14:05:51+00:00\" \/>\n<meta name=\"twitter:card\" content=\"summary_large_image\" \/>\n<meta name=\"twitter:label1\" content=\"Est. reading time\" \/>\n\t<meta name=\"twitter:data1\" content=\"1 minute\" \/>\n<script type=\"application\/ld+json\" class=\"yoast-schema-graph\">{\"@context\":\"https:\/\/schema.org\",\"@graph\":[{\"@type\":\"WebPage\",\"@id\":\"https:\/\/wth.pl\/en\/order-translation\/\",\"url\":\"https:\/\/wth.pl\/en\/order-translation\/\",\"name\":\"Order translation &#8211; Wratislavia Translation House\",\"isPartOf\":{\"@id\":\"https:\/\/wth.pl\/en\/#website\"},\"datePublished\":\"2020-07-08T13:58:26+00:00\",\"dateModified\":\"2020-07-08T14:05:51+00:00\",\"breadcrumb\":{\"@id\":\"https:\/\/wth.pl\/en\/order-translation\/#breadcrumb\"},\"inLanguage\":\"en-US\",\"potentialAction\":[{\"@type\":\"ReadAction\",\"target\":[\"https:\/\/wth.pl\/en\/order-translation\/\"]}]},{\"@type\":\"BreadcrumbList\",\"@id\":\"https:\/\/wth.pl\/en\/order-translation\/#breadcrumb\",\"itemListElement\":[{\"@type\":\"ListItem\",\"position\":1,\"name\":\"Strona g\u0142\u00f3wna\",\"item\":\"https:\/\/wth.pl\/en\/\"},{\"@type\":\"ListItem\",\"position\":2,\"name\":\"Order translation\"}]},{\"@type\":\"WebSite\",\"@id\":\"https:\/\/wth.pl\/en\/#website\",\"url\":\"https:\/\/wth.pl\/en\/\",\"name\":\"Wratislavia Translation House\",\"description\":\"Professional translation agency in Wroclaw\",\"potentialAction\":[{\"@type\":\"SearchAction\",\"target\":{\"@type\":\"EntryPoint\",\"urlTemplate\":\"https:\/\/wth.pl\/en\/?s={search_term_string}\"},\"query-input\":{\"@type\":\"PropertyValueSpecification\",\"valueRequired\":true,\"valueName\":\"search_term_string\"}}],\"inLanguage\":\"en-US\"}]}<\/script>\n<!-- \/ Yoast SEO plugin. -->","yoast_head_json":{"title":"Order translation &#8211; Wratislavia Translation House","robots":{"index":"index","follow":"follow","max-snippet":"max-snippet:-1","max-image-preview":"max-image-preview:large","max-video-preview":"max-video-preview:-1"},"canonical":"https:\/\/wth.pl\/en\/order-translation\/","og_locale":"en_US","og_type":"article","og_title":"Order translation &#8211; Wratislavia Translation House","og_description":"[vc_row gap=&#8221;35&#8243; equal_height=&#8221;yes&#8221; bg_type=&#8221;image&#8221; parallax_style=&#8221;vcpb-default&#8221; bg_image_new=&#8221;id^879|url^https:\/\/wth.pl\/wp-content\/uploads\/2020\/07\/bg-section-1.jpg|caption^null|alt^null|title^bg-section-1|description^null&#8221; bg_override=&#8221;ex-full&#8221;][vc_column css_animation=&#8221;zoomInUp&#8221; offset=&#8221;vc_col-lg-2\/5 vc_col-md-2\/5&#8243;][vc_column_text css=&#8221;.vc_custom_1593704768475{margin-bottom: 15px !important;}&#8221;]You can request the quotation for the translation of short materials using the following form. Please fill in required fields and send back the form. We will contact you regarding the pricing and the deadline of the translation delivery. You may also contact&hellip;","og_url":"https:\/\/wth.pl\/en\/order-translation\/","og_site_name":"Wratislavia Translation House","article_modified_time":"2020-07-08T14:05:51+00:00","twitter_card":"summary_large_image","twitter_misc":{"Est. reading time":"1 minute"},"schema":{"@context":"https:\/\/schema.org","@graph":[{"@type":"WebPage","@id":"https:\/\/wth.pl\/en\/order-translation\/","url":"https:\/\/wth.pl\/en\/order-translation\/","name":"Order translation &#8211; Wratislavia Translation House","isPartOf":{"@id":"https:\/\/wth.pl\/en\/#website"},"datePublished":"2020-07-08T13:58:26+00:00","dateModified":"2020-07-08T14:05:51+00:00","breadcrumb":{"@id":"https:\/\/wth.pl\/en\/order-translation\/#breadcrumb"},"inLanguage":"en-US","potentialAction":[{"@type":"ReadAction","target":["https:\/\/wth.pl\/en\/order-translation\/"]}]},{"@type":"BreadcrumbList","@id":"https:\/\/wth.pl\/en\/order-translation\/#breadcrumb","itemListElement":[{"@type":"ListItem","position":1,"name":"Strona g\u0142\u00f3wna","item":"https:\/\/wth.pl\/en\/"},{"@type":"ListItem","position":2,"name":"Order translation"}]},{"@type":"WebSite","@id":"https:\/\/wth.pl\/en\/#website","url":"https:\/\/wth.pl\/en\/","name":"Wratislavia Translation House","description":"Professional translation agency in Wroclaw","potentialAction":[{"@type":"SearchAction","target":{"@type":"EntryPoint","urlTemplate":"https:\/\/wth.pl\/en\/?s={search_term_string}"},"query-input":{"@type":"PropertyValueSpecification","valueRequired":true,"valueName":"search_term_string"}}],"inLanguage":"en-US"}]}},"_links":{"self":[{"href":"https:\/\/wth.pl\/en\/wp-json\/wp\/v2\/pages\/1696","targetHints":{"allow":["GET"]}}],"collection":[{"href":"https:\/\/wth.pl\/en\/wp-json\/wp\/v2\/pages"}],"about":[{"href":"https:\/\/wth.pl\/en\/wp-json\/wp\/v2\/types\/page"}],"author":[{"embeddable":true,"href":"https:\/\/wth.pl\/en\/wp-json\/wp\/v2\/users\/1"}],"replies":[{"embeddable":true,"href":"https:\/\/wth.pl\/en\/wp-json\/wp\/v2\/comments?post=1696"}],"version-history":[{"count":3,"href":"https:\/\/wth.pl\/en\/wp-json\/wp\/v2\/pages\/1696\/revisions"}],"predecessor-version":[{"id":1700,"href":"https:\/\/wth.pl\/en\/wp-json\/wp\/v2\/pages\/1696\/revisions\/1700"}],"wp:attachment":[{"href":"https:\/\/wth.pl\/en\/wp-json\/wp\/v2\/media?parent=1696"}],"curies":[{"name":"wp","href":"https:\/\/api.w.org\/{rel}","templated":true}]}}